{"id":782828,"date":"2026-02-23T13:01:54","date_gmt":"2026-02-23T10:01:54","guid":{"rendered":"https:\/\/roveyayinevi.com.tr\/index.php\/urun\/leo-ile-ralph\/"},"modified":"2026-04-15T03:46:10","modified_gmt":"2026-04-15T00:46:10","slug":"leo-ile-ralph","status":"publish","type":"product","link":"https:\/\/roveyayinevi.com.tr\/index.php\/urun\/leo-ile-ralph\/","title":{"rendered":"Leo ile Ralph"},"content":{"rendered":"<p>Ralph do\u011fruldu. Sesi bo\u011fuktu.  &#8220;\u015eimdi bir y\u0131ld\u0131z kaysa ne dilerdin?&#8221; &#8220;Senin gibi bir arkada\u015f daha bulmay\u0131.&#8221;   Leo ile Ralph, Ralph uzaydan geldi\u011finden beri birbirlerinin en iyi arkada\u015f\u0131 olmu\u015flard\u0131r. Ama art\u0131k Leo b\u00fcy\u00fcd\u00fc\u011f\u00fcnden, anne babas\u0131 Ralph&#8217;e veda etme zaman\u0131n\u0131n geldi\u011fini d\u00fc\u015f\u00fcnmektedir. Ailesi k\u00fc\u00e7\u00fck bir kasabaya ta\u015f\u0131nd\u0131\u011f\u0131nda, Leo&#8217;nun sonunda ger\u00e7ek bir arkada\u015f edinebilece\u011fini ummaktad\u0131r. Ama Ralph gibi birini geride b\u0131rakmak hi\u00e7 de kolay de\u011fildir&#8230;   \u00d6d\u00fcll\u00fc yazar Peter Carnavas\u2019tan uzay, yeniden ba\u015flamak ve hayal edebilece\u011finiz en iyi arkada\u015f hakk\u0131nda muhte\u015fem bir roman.<\/p>\n","protected":false},"excerpt":{"rendered":"<p>Ralph do\u011fruldu. Sesi bo\u011fuktu. &#8220;\u015eimdi bir y\u0131ld\u0131z kaysa ne dilerdin?&#8221; &#8220;Senin gibi bir arkada\u015f daha bulmay\u0131.&#8221; Leo ile Ralph, Ralph uzaydan geldi\u011finden beri birbirlerinin en iyi<span class=\"excerpt-hellip\"> [\u2026]<\/span><\/p>\n","protected":false},"featured_media":0,"template":"","meta":{"_monsterinsights_skip_tracking":false,"_monsterinsights_sitenote_active":false,"_monsterinsights_sitenote_note":"","_monsterinsights_sitenote_category":0},"product_brand":[],"product_cat":[12291,12711],"product_tag":[],"class_list":{"0":"post-782828","1":"product","2":"type-product","3":"status-publish","5":"product_cat-edebiyat","6":"product_cat-roman-oyku","7":"pa_cilt-ciltsiz","8":"pa_tur-kitap","9":"pa_yayinevi-can-cocuk-yayinlari","10":"pa_yazar-peter-carnavas","12":"first","13":"instock","14":"sale","15":"shipping-taxable","16":"purchasable","17":"product-type-simple"},"_links":{"self":[{"href":"https:\/\/roveyayinevi.com.tr\/index.php\/wp-json\/wp\/v2\/product\/782828","targetHints":{"allow":["GET"]}}],"collection":[{"href":"https:\/\/roveyayinevi.com.tr\/index.php\/wp-json\/wp\/v2\/product"}],"about":[{"href":"https:\/\/roveyayinevi.com.tr\/index.php\/wp-json\/wp\/v2\/types\/product"}],"wp:attachment":[{"href":"https:\/\/roveyayinevi.com.tr\/index.php\/wp-json\/wp\/v2\/media?parent=782828"}],"wp:term":[{"taxonomy":"product_brand","embeddable":true,"href":"https:\/\/roveyayinevi.com.tr\/index.php\/wp-json\/wp\/v2\/product_brand?post=782828"},{"taxonomy":"product_cat","embeddable":true,"href":"https:\/\/roveyayinevi.com.tr\/index.php\/wp-json\/wp\/v2\/product_cat?post=782828"},{"taxonomy":"product_tag","embeddable":true,"href":"https:\/\/roveyayinevi.com.tr\/index.php\/wp-json\/wp\/v2\/product_tag?post=782828"}],"curies":[{"name":"wp","href":"https:\/\/api.w.org\/{rel}","templated":true}]}}