{"id":782827,"date":"2026-02-23T13:01:51","date_gmt":"2026-02-23T10:01:51","guid":{"rendered":"https:\/\/roveyayinevi.com.tr\/index.php\/urun\/marukyanlar\/"},"modified":"2026-04-15T03:46:10","modified_gmt":"2026-04-15T00:46:10","slug":"marukyanlar","status":"publish","type":"product","link":"https:\/\/roveyayinevi.com.tr\/index.php\/urun\/marukyanlar\/","title":{"rendered":"Marukyanlar"},"content":{"rendered":"<p>Aras Yay\u0131nc\u0131l\u0131k \u201c\u0130stanbullu Ermeni Kad\u0131n Yazarlar\u201d dizisinin ikinci kitab\u0131 Marukyanlar ile Sona Der Markaryan T\u0131ng\u0131ryan\u2019\u0131n ilk olarak 1968\u2019de G\u0131yankin hed [Hayatla] adl\u0131 kitab\u0131nda yay\u0131mlanan roman\u0131n\u0131 y\u0131llar sonra yeniden okurla bulu\u015fturuyor! T\u0131ng\u0131ryan, 1940\u2019l\u0131 y\u0131llardan itibaren \u00f6yk\u00fc ve tiyatro \u00e7al\u0131\u015fmalar\u0131yla edebiyat \u00e7evrelerinde tan\u0131nsa da Marukyanlar yazar\u0131n olgunluk d\u00f6neminin en belirgin eserlerinden biri olarak \u00f6ne \u00e7\u0131k\u0131yor. Yazar kad\u0131nl\u0131k deneyimini herhangi bir ideolojik \u00e7er\u00e7eveye s\u0131k\u0131\u015ft\u0131rmadan, s\u0131radan g\u00f6r\u00fcnen ya\u015famlar\u0131n i\u00e7indeki sars\u0131nt\u0131lar\u0131, sessiz k\u0131r\u0131lmalar\u0131 ve psikolojik katmanlar\u0131 ustal\u0131kla i\u015flenmi\u015f bir anlat\u0131mla g\u00f6r\u00fcn\u00fcr k\u0131l\u0131yor. T\u0131ng\u0131ryan bu romanda, modern \u015fehir ya\u015fam\u0131n\u0131n bask\u0131lar\u0131 alt\u0131nda \u015fekillenen bir evlili\u011fi iki farkl\u0131 bak\u0131\u015f a\u00e7\u0131s\u0131ndan ele al\u0131yor. Bir tarafta yetenekli piyanist Teni Marukyan\u2019\u0131n annelikle ilgili k\u0131r\u0131lganl\u0131klar\u0131n\u0131 ve bunun yaratt\u0131\u011f\u0131 i\u00e7sel hesapla\u015fmay\u0131 izlerken; di\u011fer tarafta e\u015finin duygusal d\u00fcnyas\u0131na sayg\u0131s\u0131n\u0131 koruyan fakat ya\u015fananlar kar\u015f\u0131s\u0131nda giderek g\u00fc\u00e7s\u00fczle\u015fen Vazken Marukyan\u2019\u0131n sessiz sars\u0131nt\u0131lar\u0131na tan\u0131k oluruz. Marukyanlar, evlilik, ba\u011fl\u0131l\u0131k ve arzu gibi modern ili\u015fkilerin en hassas duygular\u0131n\u0131 yarg\u0131lamadan, dikkatle ele alarak okuru bir ili\u015fkinin \u00e7atlaklar\u0131na do\u011fru ustal\u0131kla y\u00f6nlendiriyor.<\/p>\n","protected":false},"excerpt":{"rendered":"<p>Aras Yay\u0131nc\u0131l\u0131k \u201c\u0130stanbullu Ermeni Kad\u0131n Yazarlar\u201d dizisinin ikinci kitab\u0131 Marukyanlar ile Sona Der Markaryan T\u0131ng\u0131ryan\u2019\u0131n ilk olarak 1968\u2019de G\u0131yankin hed [Hayatla] adl\u0131 kitab\u0131nda yay\u0131mlanan roman\u0131n\u0131 y\u0131llar<span class=\"excerpt-hellip\"> [\u2026]<\/span><\/p>\n","protected":false},"featured_media":0,"template":"","meta":{"_monsterinsights_skip_tracking":false,"_monsterinsights_sitenote_active":false,"_monsterinsights_sitenote_note":"","_monsterinsights_sitenote_category":0},"product_brand":[],"product_cat":[12291,12711],"product_tag":[],"class_list":{"0":"post-782827","1":"product","2":"type-product","3":"status-publish","5":"product_cat-edebiyat","6":"product_cat-roman-oyku","7":"pa_cilt-ciltsiz","8":"pa_tur-kitap","9":"pa_yayinevi-aras-yayinlari","10":"pa_yazar-sona-der-markaryan-tingiryan","12":"first","13":"instock","14":"sale","15":"shipping-taxable","16":"purchasable","17":"product-type-simple"},"_links":{"self":[{"href":"https:\/\/roveyayinevi.com.tr\/index.php\/wp-json\/wp\/v2\/product\/782827","targetHints":{"allow":["GET"]}}],"collection":[{"href":"https:\/\/roveyayinevi.com.tr\/index.php\/wp-json\/wp\/v2\/product"}],"about":[{"href":"https:\/\/roveyayinevi.com.tr\/index.php\/wp-json\/wp\/v2\/types\/product"}],"wp:attachment":[{"href":"https:\/\/roveyayinevi.com.tr\/index.php\/wp-json\/wp\/v2\/media?parent=782827"}],"wp:term":[{"taxonomy":"product_brand","embeddable":true,"href":"https:\/\/roveyayinevi.com.tr\/index.php\/wp-json\/wp\/v2\/product_brand?post=782827"},{"taxonomy":"product_cat","embeddable":true,"href":"https:\/\/roveyayinevi.com.tr\/index.php\/wp-json\/wp\/v2\/product_cat?post=782827"},{"taxonomy":"product_tag","embeddable":true,"href":"https:\/\/roveyayinevi.com.tr\/index.php\/wp-json\/wp\/v2\/product_tag?post=782827"}],"curies":[{"name":"wp","href":"https:\/\/api.w.org\/{rel}","templated":true}]}}