{"id":782826,"date":"2026-02-23T13:01:49","date_gmt":"2026-02-23T10:01:49","guid":{"rendered":"https:\/\/roveyayinevi.com.tr\/index.php\/urun\/savas-baris-ve-catisma-cozumu-interdisipliner-bir-yaklasimla-uluslararasi-iliskilere-cok-boyutlu-bir-bakis\/"},"modified":"2026-04-15T03:46:10","modified_gmt":"2026-04-15T00:46:10","slug":"savas-baris-ve-catisma-cozumu-interdisipliner-bir-yaklasimla-uluslararasi-iliskilere-cok-boyutlu-bir-bakis","status":"publish","type":"product","link":"https:\/\/roveyayinevi.com.tr\/index.php\/urun\/savas-baris-ve-catisma-cozumu-interdisipliner-bir-yaklasimla-uluslararasi-iliskilere-cok-boyutlu-bir-bakis\/","title":{"rendered":"Sava\u015f, Bar\u0131\u015f Ve \u00c7at\u0131\u015fma \u00c7\u00f6z\u00fcm\u00fc \u0130nterdisipliner Bir Yakla\u015f\u0131mla Uluslararas\u0131 \u0130li\u015fkilere \u00c7ok Boyutlu Bir Bak\u0131\u015f"},"content":{"rendered":"<p>\u0130\u00e7indekiler :     I. SAVA\u015e ve TAR\u0130H \u00b7         Birinci D\u00fcnya Sava\u015f\u0131 \u0130ttifaklar\u0131n\u0131n Olu\u015fumu: Dinamikler, Motivasyonlar ve Tarihsel Arka Plan \u00b7         Between Life and Death: Ottoman Prisoners of War During the First World War   II. BARI\u015e \u0130N\u015eASI ve SAVA\u015e SONRASI S\u00dcRE\u00c7 \u00b7         So\u011fuk Sava\u015f\u2019ta \u0130nsan Haklar\u0131: \u00c7er\u00e7eveleme Kuram\u0131 Merce\u011finden Bir De\u011ferlendirme \u00b7         Respect for the Territorial Integrity and Sovereignty of States and the Responsibility to Protect: Legal Tensions and Challenges \u00b7         NATO\u2019s Security Strategies Within the Framework of Non Military Tactics \u00b7         Uluslararas\u0131 Arabuluculuk: Kuramsal \u00c7er\u00e7eve, Akt\u00f6rler ve Yeni Y\u00f6nelimler   III. \u00c7ATI\u015eMA EKSENL\u0130 B\u00d6LGESEL SORUNLAR \u00b7         So\u011fuk Sava\u015f Sonras\u0131 Balkanlarda Bar\u0131\u015f \u0130n\u015fas\u0131: AB ve BM\u2019nin Rol\u00fc \u00b7         Golan Tepeleri Meselesinde Bar\u0131\u015f \u0130n\u015fas\u0131 Yakla\u015f\u0131m\u0131: Teorik ve Pratik Perspektifler \u00b7         Donmu\u015f \u00c7at\u0131\u015fmalardan Donan Diplomasiye: G\u00fcney Osetya \u00d6rne\u011fi \u00b7         Azerbaycan-Ermenistan Sava\u015f\u0131 ve AG\u0130T Minsk Grubu\u2019nun Sonu     \u00b7         Karaba\u011f Zaferi Sonras\u0131 Azerbaycan\u2019\u0131n Bar\u0131\u015f Paradigmas\u0131n\u0131n \u0130n\u015fas\u0131na Y\u00f6nelik Ad\u0131mlar\u0131 \u00b7         Sava\u015f Sonras\u0131 Suriye: Ge\u00e7i\u015f Adaleti Mekanizmalar\u0131 ile Uzla\u015fma ve Adalet   IV. SAVA\u015e, BARI\u015e ve EKONOM\u0130 \u00b7         Sava\u015f\u0131n Ekonomi Politi\u011fi: Sava\u015f Ekonomisi ve F\u0131rsat Maliyeti \u00b7         Bar\u0131\u015f Ekonomisi: Kavramlar, Yakla\u015f\u0131mlar ve Uygulamalar<\/p>\n","protected":false},"excerpt":{"rendered":"<p>\u0130\u00e7indekiler : I. SAVA\u015e ve TAR\u0130H \u00b7 Birinci D\u00fcnya Sava\u015f\u0131 \u0130ttifaklar\u0131n\u0131n Olu\u015fumu: Dinamikler, Motivasyonlar ve Tarihsel Arka Plan \u00b7 Between Life and Death: Ottoman Prisoners of<span class=\"excerpt-hellip\"> [\u2026]<\/span><\/p>\n","protected":false},"featured_media":0,"template":"","meta":{"_monsterinsights_skip_tracking":false,"_monsterinsights_sitenote_active":false,"_monsterinsights_sitenote_note":"","_monsterinsights_sitenote_category":0},"product_brand":[],"product_cat":[13005,40995],"product_tag":[],"class_list":{"0":"post-782826","1":"product","2":"type-product","3":"status-publish","5":"product_cat-bilim-muhendislik","6":"product_cat-sosyal-bilimler","7":"pa_cilt-ciltsiz","8":"pa_tur-kitap","9":"pa_yayinevi-gazi-kitabevi","10":"pa_yazar-kolektif","12":"first","13":"instock","14":"sale","15":"shipping-taxable","16":"purchasable","17":"product-type-simple"},"_links":{"self":[{"href":"https:\/\/roveyayinevi.com.tr\/index.php\/wp-json\/wp\/v2\/product\/782826","targetHints":{"allow":["GET"]}}],"collection":[{"href":"https:\/\/roveyayinevi.com.tr\/index.php\/wp-json\/wp\/v2\/product"}],"about":[{"href":"https:\/\/roveyayinevi.com.tr\/index.php\/wp-json\/wp\/v2\/types\/product"}],"wp:attachment":[{"href":"https:\/\/roveyayinevi.com.tr\/index.php\/wp-json\/wp\/v2\/media?parent=782826"}],"wp:term":[{"taxonomy":"product_brand","embeddable":true,"href":"https:\/\/roveyayinevi.com.tr\/index.php\/wp-json\/wp\/v2\/product_brand?post=782826"},{"taxonomy":"product_cat","embeddable":true,"href":"https:\/\/roveyayinevi.com.tr\/index.php\/wp-json\/wp\/v2\/product_cat?post=782826"},{"taxonomy":"product_tag","embeddable":true,"href":"https:\/\/roveyayinevi.com.tr\/index.php\/wp-json\/wp\/v2\/product_tag?post=782826"}],"curies":[{"name":"wp","href":"https:\/\/api.w.org\/{rel}","templated":true}]}}