{"id":782825,"date":"2026-02-23T13:01:47","date_gmt":"2026-02-23T10:01:47","guid":{"rendered":"https:\/\/roveyayinevi.com.tr\/index.php\/urun\/yapay-zeka-ile-dis-ticaret-yonetimi\/"},"modified":"2026-04-15T03:46:10","modified_gmt":"2026-04-15T00:46:10","slug":"yapay-zeka-ile-dis-ticaret-yonetimi","status":"publish","type":"product","link":"https:\/\/roveyayinevi.com.tr\/index.php\/urun\/yapay-zeka-ile-dis-ticaret-yonetimi\/","title":{"rendered":"Yapay Zeka \u0130le D\u0131\u015f Ticaret Y\u00f6netimi"},"content":{"rendered":"<p>\u0130\u00e7indekiler :   \u00b7         B\u00d6L\u00dcM 1: D\u0131\u015f Ticaret Kavramlar\u0131n\u0131n Genel \u00c7er\u00e7evesi ve Yapay Zek\u00e2ya Giri\u015f   \u00b7         B\u00d6L\u00dcM 2: Temel D\u0131\u015f Ticaret Bilgileri   \u00b7         B\u00d6L\u00dcM 3: D\u0131\u015f Ticaret ve Dijital D\u00f6n\u00fc\u015f\u00fcm   \u00b7         B\u00d6L\u00dcM 4: Yapay Zek\u00e2 ve Veri Analiti\u011fi Altyap\u0131s\u0131   \u00b7         B\u00d6L\u00dcM 5: \u0130thalat ve \u0130hracatta Yapay Zek\u00e2 Uygulamalar\u0131   \u00b7         B\u00d6L\u00dcM 6: Uygulamalar<\/p>\n","protected":false},"excerpt":{"rendered":"<p>\u0130\u00e7indekiler : \u00b7 B\u00d6L\u00dcM 1: D\u0131\u015f Ticaret Kavramlar\u0131n\u0131n Genel \u00c7er\u00e7evesi ve Yapay Zek\u00e2ya Giri\u015f \u00b7 B\u00d6L\u00dcM 2: Temel D\u0131\u015f Ticaret Bilgileri \u00b7 B\u00d6L\u00dcM 3: D\u0131\u015f Ticaret<span class=\"excerpt-hellip\"> [\u2026]<\/span><\/p>\n","protected":false},"featured_media":0,"template":"","meta":{"_monsterinsights_skip_tracking":false,"_monsterinsights_sitenote_active":false,"_monsterinsights_sitenote_note":"","_monsterinsights_sitenote_category":0},"product_brand":[],"product_cat":[13043,14381],"product_tag":[],"class_list":{"0":"post-782825","1":"product","2":"type-product","3":"status-publish","5":"product_cat-ekonomi","6":"product_cat-isletme-muhasebe-maliye","7":"pa_cilt-ciltsiz","8":"pa_tur-kitap","9":"pa_yayinevi-gazi-kitabevi","10":"pa_yazar-doc-dr-ebru-gul-yilmaz","12":"first","13":"instock","14":"sale","15":"shipping-taxable","16":"purchasable","17":"product-type-simple"},"_links":{"self":[{"href":"https:\/\/roveyayinevi.com.tr\/index.php\/wp-json\/wp\/v2\/product\/782825","targetHints":{"allow":["GET"]}}],"collection":[{"href":"https:\/\/roveyayinevi.com.tr\/index.php\/wp-json\/wp\/v2\/product"}],"about":[{"href":"https:\/\/roveyayinevi.com.tr\/index.php\/wp-json\/wp\/v2\/types\/product"}],"wp:attachment":[{"href":"https:\/\/roveyayinevi.com.tr\/index.php\/wp-json\/wp\/v2\/media?parent=782825"}],"wp:term":[{"taxonomy":"product_brand","embeddable":true,"href":"https:\/\/roveyayinevi.com.tr\/index.php\/wp-json\/wp\/v2\/product_brand?post=782825"},{"taxonomy":"product_cat","embeddable":true,"href":"https:\/\/roveyayinevi.com.tr\/index.php\/wp-json\/wp\/v2\/product_cat?post=782825"},{"taxonomy":"product_tag","embeddable":true,"href":"https:\/\/roveyayinevi.com.tr\/index.php\/wp-json\/wp\/v2\/product_tag?post=782825"}],"curies":[{"name":"wp","href":"https:\/\/api.w.org\/{rel}","templated":true}]}}