{"id":782824,"date":"2026-02-23T13:01:44","date_gmt":"2026-02-23T10:01:44","guid":{"rendered":"https:\/\/roveyayinevi.com.tr\/index.php\/urun\/verginin-hikayesi-gunumuz-vergi-meselelerine-tarihsel-bir-bakis\/"},"modified":"2026-04-15T03:46:10","modified_gmt":"2026-04-15T00:46:10","slug":"verginin-hikayesi-gunumuz-vergi-meselelerine-tarihsel-bir-bakis","status":"publish","type":"product","link":"https:\/\/roveyayinevi.com.tr\/index.php\/urun\/verginin-hikayesi-gunumuz-vergi-meselelerine-tarihsel-bir-bakis\/","title":{"rendered":"Verginin Hikayesi: G\u00fcn\u00fcm\u00fcz Vergi Meselelerine Tarihsel Bir Bak\u0131\u015f"},"content":{"rendered":"<p>\u0130\u00e7indekiler : 1. B\u00f6l\u00fcm: Salg\u0131nda Servet, Sava\u015fta K\u00e2r: \u2018Beklenmedik K\u00e2r Vergisi\u2019 Tart\u0131\u015fmalar\u0131 Is\u0131n\u0131yor 2. B\u00f6l\u00fcm: Bir Vergi Masal\u0131: Servet Vergisi \u00dczerine D\u00fc\u015fler ve Kabuslar 3. B\u00f6l\u00fcm: Servet ve \u015e\u00f6hretin Karanl\u0131k Y\u00fcz\u00fc: Vergi Ka\u00e7ak\u00e7\u0131l\u0131\u011f\u0131 4. B\u00f6l\u00fcm: Me\u015fruiyet ve Vergi Y\u00fck\u00fc \u00c7atla\u011f\u0131nda Vergi Protestolar\u0131n\u0131n Hik\u00e2yesi 5. B\u00f6l\u00fcm: Bekarlar\u0131n Korkulu R\u00fcyas\u0131: Bekarl\u0131k Vergisi 6. B\u00f6l\u00fcm: Sanayi Devrimi ve \u00c7evre Sorunlar\u0131: Sonun Ba\u015flang\u0131c\u0131 m\u0131? 7. B\u00f6l\u00fcm: Devletin G\u00f6r\u00fcnen Y\u00fcz\u00fc: Vergi Memurlar\u0131 8. B\u00f6l\u00fcm: Gelir ve Servet E\u015fitsizli\u011finde (Yeni) Bir Anlat\u0131: \u0130slam Ekonomisi ve Vergilemesi<\/p>\n","protected":false},"excerpt":{"rendered":"<p>\u0130\u00e7indekiler : 1. B\u00f6l\u00fcm: Salg\u0131nda Servet, Sava\u015fta K\u00e2r: \u2018Beklenmedik K\u00e2r Vergisi\u2019 Tart\u0131\u015fmalar\u0131 Is\u0131n\u0131yor 2. B\u00f6l\u00fcm: Bir Vergi Masal\u0131: Servet Vergisi \u00dczerine D\u00fc\u015fler ve Kabuslar 3. B\u00f6l\u00fcm:<span class=\"excerpt-hellip\"> [\u2026]<\/span><\/p>\n","protected":false},"featured_media":0,"template":"","meta":{"_monsterinsights_skip_tracking":false,"_monsterinsights_sitenote_active":false,"_monsterinsights_sitenote_note":"","_monsterinsights_sitenote_category":0},"product_brand":[],"product_cat":[13043,14381],"product_tag":[],"class_list":{"0":"post-782824","1":"product","2":"type-product","3":"status-publish","5":"product_cat-ekonomi","6":"product_cat-isletme-muhasebe-maliye","7":"pa_cilt-ciltsiz","8":"pa_tur-kitap","9":"pa_yayinevi-gazi-kitabevi","10":"pa_yazar-sahin-yesilyurt","12":"first","13":"instock","14":"sale","15":"shipping-taxable","16":"purchasable","17":"product-type-simple"},"_links":{"self":[{"href":"https:\/\/roveyayinevi.com.tr\/index.php\/wp-json\/wp\/v2\/product\/782824","targetHints":{"allow":["GET"]}}],"collection":[{"href":"https:\/\/roveyayinevi.com.tr\/index.php\/wp-json\/wp\/v2\/product"}],"about":[{"href":"https:\/\/roveyayinevi.com.tr\/index.php\/wp-json\/wp\/v2\/types\/product"}],"wp:attachment":[{"href":"https:\/\/roveyayinevi.com.tr\/index.php\/wp-json\/wp\/v2\/media?parent=782824"}],"wp:term":[{"taxonomy":"product_brand","embeddable":true,"href":"https:\/\/roveyayinevi.com.tr\/index.php\/wp-json\/wp\/v2\/product_brand?post=782824"},{"taxonomy":"product_cat","embeddable":true,"href":"https:\/\/roveyayinevi.com.tr\/index.php\/wp-json\/wp\/v2\/product_cat?post=782824"},{"taxonomy":"product_tag","embeddable":true,"href":"https:\/\/roveyayinevi.com.tr\/index.php\/wp-json\/wp\/v2\/product_tag?post=782824"}],"curies":[{"name":"wp","href":"https:\/\/api.w.org\/{rel}","templated":true}]}}