{"id":782823,"date":"2026-02-23T13:01:41","date_gmt":"2026-02-23T10:01:41","guid":{"rendered":"https:\/\/roveyayinevi.com.tr\/index.php\/urun\/teoriden-pratige-90-dakikanin-otesinde-futbol-cilt-2\/"},"modified":"2026-04-15T03:46:10","modified_gmt":"2026-04-15T00:46:10","slug":"teoriden-pratige-90-dakikanin-otesinde-futbol-cilt-2","status":"publish","type":"product","link":"https:\/\/roveyayinevi.com.tr\/index.php\/urun\/teoriden-pratige-90-dakikanin-otesinde-futbol-cilt-2\/","title":{"rendered":"Teoriden Prati\u011fe 90 Dakikan\u0131n \u00d6tesinde Futbol \u2013 Cilt 2"},"content":{"rendered":"<p>\u0130\u00e7indekiler :   \u00b7         B\u00d6L\u00dcM 1: FUTBOLDA YETENEK SE\u00c7\u0130M\u0130 VE GEL\u0130\u015eT\u0130R\u0130LMES\u0130 \u00b7         B\u00d6L\u00dcM 2: GEL\u0130\u015e\u0130M VE E\u011e\u0130T\u0130M PS\u0130KOLOJ\u0130S\u0130 BA\u011eLAMINDA \u00c7OCUKLAR VE FUTBOL \u00b7         B\u00d6L\u00dcM 3: FUTBOLDA ANTRENMAN PLANLAMA VE D\u00d6NEMLEME \u00b7         B\u00d6L\u00dcM 4: FUTBOLDA S\u0130STEMAT\u0130K S\u00dcRAT, \u00c7EV\u0130KL\u0130K VE \u00c7ABUKLUK ANTRENMANLARI \u00b7         B\u00d6L\u00dcM 5: FUTBOLDA PERFORMANS DE\u011eERLEND\u0130RME VE TESTLER \u00b7         B\u00d6L\u00dcM 6: FUTBOLDA SANAL GER\u00c7EKL\u0130K ANTRENMANLARI \u00b7         B\u00d6L\u00dcM 7: FUTBOLDA BESLENME VE ERGOJEN\u0130K YARDIMCILAR<\/p>\n","protected":false},"excerpt":{"rendered":"<p>\u0130\u00e7indekiler : \u00b7 B\u00d6L\u00dcM 1: FUTBOLDA YETENEK SE\u00c7\u0130M\u0130 VE GEL\u0130\u015eT\u0130R\u0130LMES\u0130 \u00b7 B\u00d6L\u00dcM 2: GEL\u0130\u015e\u0130M VE E\u011e\u0130T\u0130M PS\u0130KOLOJ\u0130S\u0130 BA\u011eLAMINDA \u00c7OCUKLAR VE FUTBOL \u00b7 B\u00d6L\u00dcM 3: FUTBOLDA ANTRENMAN<span class=\"excerpt-hellip\"> [\u2026]<\/span><\/p>\n","protected":false},"featured_media":0,"template":"","meta":{"_monsterinsights_skip_tracking":false,"_monsterinsights_sitenote_active":false,"_monsterinsights_sitenote_note":"","_monsterinsights_sitenote_category":0},"product_brand":[],"product_cat":[15563,15564],"product_tag":[],"class_list":{"0":"post-782823","1":"product","2":"type-product","3":"status-publish","5":"product_cat-hobi","6":"product_cat-spor","7":"pa_cilt-ciltsiz","8":"pa_tur-kitap","9":"pa_yayinevi-gazi-kitabevi","10":"pa_yazar-kolektif","12":"first","13":"instock","14":"sale","15":"shipping-taxable","16":"purchasable","17":"product-type-simple"},"_links":{"self":[{"href":"https:\/\/roveyayinevi.com.tr\/index.php\/wp-json\/wp\/v2\/product\/782823","targetHints":{"allow":["GET"]}}],"collection":[{"href":"https:\/\/roveyayinevi.com.tr\/index.php\/wp-json\/wp\/v2\/product"}],"about":[{"href":"https:\/\/roveyayinevi.com.tr\/index.php\/wp-json\/wp\/v2\/types\/product"}],"wp:attachment":[{"href":"https:\/\/roveyayinevi.com.tr\/index.php\/wp-json\/wp\/v2\/media?parent=782823"}],"wp:term":[{"taxonomy":"product_brand","embeddable":true,"href":"https:\/\/roveyayinevi.com.tr\/index.php\/wp-json\/wp\/v2\/product_brand?post=782823"},{"taxonomy":"product_cat","embeddable":true,"href":"https:\/\/roveyayinevi.com.tr\/index.php\/wp-json\/wp\/v2\/product_cat?post=782823"},{"taxonomy":"product_tag","embeddable":true,"href":"https:\/\/roveyayinevi.com.tr\/index.php\/wp-json\/wp\/v2\/product_tag?post=782823"}],"curies":[{"name":"wp","href":"https:\/\/api.w.org\/{rel}","templated":true}]}}