{"id":782821,"date":"2026-02-23T13:01:37","date_gmt":"2026-02-23T10:01:37","guid":{"rendered":"https:\/\/roveyayinevi.com.tr\/index.php\/urun\/futbolda-takim-denge-merkezinin-fiziksel-fizyolojik-ve-taktiksel-parametrelere-gore-incelenmesi\/"},"modified":"2026-04-15T03:46:10","modified_gmt":"2026-04-15T00:46:10","slug":"futbolda-takim-denge-merkezinin-fiziksel-fizyolojik-ve-taktiksel-parametrelere-gore-incelenmesi","status":"publish","type":"product","link":"https:\/\/roveyayinevi.com.tr\/index.php\/urun\/futbolda-takim-denge-merkezinin-fiziksel-fizyolojik-ve-taktiksel-parametrelere-gore-incelenmesi\/","title":{"rendered":"Futbolda Tak\u0131m Denge Merkezinin Fiziksel, Fizyolojik Ve Taktiksel Parametrelere G\u00f6re \u0130ncelenmesi"},"content":{"rendered":"<p>\u0130\u00e7indekiler :  1. G\u0130R\u0130\u015e 2. GERE\u00c7 VE Y\u00d6NTEM 3. BULGULAR 4. TARTI\u015eMA 5. SONU\u00c7 VE \u00d6NER\u0130LER<\/p>\n","protected":false},"excerpt":{"rendered":"<p>\u0130\u00e7indekiler : 1. G\u0130R\u0130\u015e 2. GERE\u00c7 VE Y\u00d6NTEM 3. BULGULAR 4. TARTI\u015eMA 5. SONU\u00c7 VE \u00d6NER\u0130LER<\/p>\n","protected":false},"featured_media":0,"template":"","meta":{"_monsterinsights_skip_tracking":false,"_monsterinsights_sitenote_active":false,"_monsterinsights_sitenote_note":"","_monsterinsights_sitenote_category":0},"product_brand":[],"product_cat":[13366,13365],"product_tag":[],"class_list":{"0":"post-782821","1":"product","2":"type-product","3":"status-publish","5":"product_cat-diger-saglik","6":"product_cat-saglik","7":"pa_cilt-ciltsiz","8":"pa_tur-kitap","9":"pa_yayinevi-gazi-kitabevi","10":"pa_yazar-goktug-ertetik","12":"first","13":"instock","14":"sale","15":"shipping-taxable","16":"purchasable","17":"product-type-simple"},"_links":{"self":[{"href":"https:\/\/roveyayinevi.com.tr\/index.php\/wp-json\/wp\/v2\/product\/782821","targetHints":{"allow":["GET"]}}],"collection":[{"href":"https:\/\/roveyayinevi.com.tr\/index.php\/wp-json\/wp\/v2\/product"}],"about":[{"href":"https:\/\/roveyayinevi.com.tr\/index.php\/wp-json\/wp\/v2\/types\/product"}],"wp:attachment":[{"href":"https:\/\/roveyayinevi.com.tr\/index.php\/wp-json\/wp\/v2\/media?parent=782821"}],"wp:term":[{"taxonomy":"product_brand","embeddable":true,"href":"https:\/\/roveyayinevi.com.tr\/index.php\/wp-json\/wp\/v2\/product_brand?post=782821"},{"taxonomy":"product_cat","embeddable":true,"href":"https:\/\/roveyayinevi.com.tr\/index.php\/wp-json\/wp\/v2\/product_cat?post=782821"},{"taxonomy":"product_tag","embeddable":true,"href":"https:\/\/roveyayinevi.com.tr\/index.php\/wp-json\/wp\/v2\/product_tag?post=782821"}],"curies":[{"name":"wp","href":"https:\/\/api.w.org\/{rel}","templated":true}]}}