{"id":782820,"date":"2026-02-23T13:01:35","date_gmt":"2026-02-23T10:01:35","guid":{"rendered":"https:\/\/roveyayinevi.com.tr\/index.php\/urun\/teoriden-pratige-90-dakikanin-otesinde-futbol-cilt-1\/"},"modified":"2026-04-15T03:46:10","modified_gmt":"2026-04-15T00:46:10","slug":"teoriden-pratige-90-dakikanin-otesinde-futbol-cilt-1","status":"publish","type":"product","link":"https:\/\/roveyayinevi.com.tr\/index.php\/urun\/teoriden-pratige-90-dakikanin-otesinde-futbol-cilt-1\/","title":{"rendered":"Teoriden Prati\u011fe 90 Dakikan\u0131n \u00d6tesinde Futbol \u2013 Cilt 1"},"content":{"rendered":"<p>\u0130\u00e7indekiler :   \u00b7         B\u00d6L\u00dcM 1: FUTBOLUN TAR\u0130H\u00c7ES\u0130 VE EVR\u0130M\u0130 \u00b7         B\u00d6L\u00dcM 2: FUTBOLUN SOSYAL VE K\u00dcLT\u00dcREL ETK\u0130LER\u0130 \u00b7         B\u00d6L\u00dcM 3: FUTBOL PERFORMANSININ D\u00d6N\u00dc\u015e\u00dcM\u00dc: B\u00dcY\u00dcK VER\u0130, VER\u0130 ANAL\u0130T\u0130\u011e\u0130, VER\u0130 B\u0130L\u0130M\u0130 VE \u0130STAT\u0130ST\u0130K \u00b7         B\u00d6L\u00dcM 4: FUTBOL END\u00dcSTR\u0130S\u0130 \u00b7         B\u00d6L\u00dcM 5: FUTBOL PS\u0130KOLOJ\u0130S\u0130NE FARKLI B\u0130R YAKLA\u015eIM: FUTBOLUN Z\u0130H\u0130NSEL \u0130\u015e TALEPLER\u0130, FUTBOLDA BEY\u0130NE B\u0130NEN Y\u00dcK \u00b7         B\u00d6L\u00dcM 6: FUTBOL VE FELSEFE: FUTBOLDA DO\u011eRU VE YANLI\u015e: AHLAK FELSEFES\u0130NE BAS\u0130T B\u0130R BAKI\u015e<\/p>\n","protected":false},"excerpt":{"rendered":"<p>\u0130\u00e7indekiler : \u00b7 B\u00d6L\u00dcM 1: FUTBOLUN TAR\u0130H\u00c7ES\u0130 VE EVR\u0130M\u0130 \u00b7 B\u00d6L\u00dcM 2: FUTBOLUN SOSYAL VE K\u00dcLT\u00dcREL ETK\u0130LER\u0130 \u00b7 B\u00d6L\u00dcM 3: FUTBOL PERFORMANSININ D\u00d6N\u00dc\u015e\u00dcM\u00dc: B\u00dcY\u00dcK VER\u0130, VER\u0130<span class=\"excerpt-hellip\"> [\u2026]<\/span><\/p>\n","protected":false},"featured_media":0,"template":"","meta":{"_monsterinsights_skip_tracking":false,"_monsterinsights_sitenote_active":false,"_monsterinsights_sitenote_note":"","_monsterinsights_sitenote_category":0},"product_brand":[],"product_cat":[15563,15564],"product_tag":[],"class_list":{"0":"post-782820","1":"product","2":"type-product","3":"status-publish","5":"product_cat-hobi","6":"product_cat-spor","7":"pa_cilt-ciltsiz","8":"pa_tur-kitap","9":"pa_yayinevi-gazi-kitabevi","10":"pa_yazar-kolektif","12":"first","13":"instock","14":"sale","15":"shipping-taxable","16":"purchasable","17":"product-type-simple"},"_links":{"self":[{"href":"https:\/\/roveyayinevi.com.tr\/index.php\/wp-json\/wp\/v2\/product\/782820","targetHints":{"allow":["GET"]}}],"collection":[{"href":"https:\/\/roveyayinevi.com.tr\/index.php\/wp-json\/wp\/v2\/product"}],"about":[{"href":"https:\/\/roveyayinevi.com.tr\/index.php\/wp-json\/wp\/v2\/types\/product"}],"wp:attachment":[{"href":"https:\/\/roveyayinevi.com.tr\/index.php\/wp-json\/wp\/v2\/media?parent=782820"}],"wp:term":[{"taxonomy":"product_brand","embeddable":true,"href":"https:\/\/roveyayinevi.com.tr\/index.php\/wp-json\/wp\/v2\/product_brand?post=782820"},{"taxonomy":"product_cat","embeddable":true,"href":"https:\/\/roveyayinevi.com.tr\/index.php\/wp-json\/wp\/v2\/product_cat?post=782820"},{"taxonomy":"product_tag","embeddable":true,"href":"https:\/\/roveyayinevi.com.tr\/index.php\/wp-json\/wp\/v2\/product_tag?post=782820"}],"curies":[{"name":"wp","href":"https:\/\/api.w.org\/{rel}","templated":true}]}}