{"id":782816,"date":"2026-02-23T13:01:22","date_gmt":"2026-02-23T10:01:22","guid":{"rendered":"https:\/\/roveyayinevi.com.tr\/index.php\/urun\/kar-suyu-gibi-akar-gideriz\/"},"modified":"2026-04-15T03:46:10","modified_gmt":"2026-04-15T00:46:10","slug":"kar-suyu-gibi-akar-gideriz","status":"publish","type":"product","link":"https:\/\/roveyayinevi.com.tr\/index.php\/urun\/kar-suyu-gibi-akar-gideriz\/","title":{"rendered":"Kar Suyu Gibi Akar Gideriz"},"content":{"rendered":"<p>\u201c\u00d6l\u00fcm\u00fcn eli kula\u011f\u0131ndayken anlam anlams\u0131zla\u015f\u0131yor. Her \u015feye iyi gelen, her \u015feyi sa\u011faltan bir zaman var m\u0131? Kendinden ba\u015fkas\u0131-na zaman yetirecek g\u00fc\u00e7te bir Kronos?\u201d\u201cEkseni e\u011fik d\u00fcnyan\u0131n \u0131\u015f\u0131kla kovalamacas\u0131 durmaks\u0131z\u0131n s\u00fcr\u00fcyor. Mevsimler de\u011fi\u015fiyor\u2026\u201d\u201cBabam \u00f6l\u00fcm\u00fc do\u011furam\u0131yordu. Ak\u015fam olmas\u0131ndan korkuyordu, gece olmas\u0131ndan korkuyordu. Uykudan korkuyordu. Gece uyursa bir daha uyanamayaca\u011f\u0131ndan korkuyordu. \u0130\u00e7indeki s\u0131k\u0131nt\u0131 Minerva\u2019n\u0131n bayku\u015fu gibi g\u00fcn batarken ortaya \u00e7\u0131k\u0131p h\u0131zl\u0131 h\u0131zl\u0131 kanat \u00e7\u0131rp\u0131yordu.\u201d \u201c\u00c7ocuklar\u0131 analardan, babalardan; ya\u015fl\u0131lar\u0131 da \u00e7ocuklar\u0131ndan kurtarmal\u0131. Kim kimin y\u0131k\u0131m\u0131!\u201dNe hayatta kalman\u0131n kurtulu\u015f ne \u00f6lmenin \u00e7are oldu\u011fu benzersiz bir anlat\u0131 bu. Yolun sonuna varmad\u0131k\u00e7a hakk\u0131nda hi\u00e7bir \u015fey bilinemeyecek bir \u00f6yk\u00fc olarak hayat, geride kalanlar\u0131n belle\u011finde tava d\u00f6k\u00fclmedik\u00e7e ad\u0131 konmayacak bir s\u0131r olarak \u00f6l\u00fcm\u2026 \u00d6yk\u00fclenmeyi hak etmek i\u00e7in kendi varl\u0131k sebebinden fazlas\u0131na gereksinmeyen insanlar\u0131n hayatlar\u0131n\u0131 t\u00fcm o yal\u0131nkat parlakl\u0131\u011f\u0131 i\u00e7inde anlat\u0131yor Hatice Aydo\u011fdu. G\u00fcndelik olan\u0131n i\u00e7indeki \u00f6yk\u00fcy\u00fc bulup \u00e7\u0131karm\u0131yor, tersine, g\u00fcndelik olan\u0131 \u00f6yk\u00fc kat\u0131na y\u00fcksel-tiyor. Hayat\u0131n o katmerli dolambac\u0131na bazen tutkulu, bazen sak\u0131ngan, bazen i\u015ftahl\u0131, kimi zaman da yetingen bir d\u00fcrt\u00fcyle yol veren b\u00fct\u00fcn i\u015faretleri tek tek se\u00e7iyor. T\u00fcm etkilerin kav\u015fa\u011f\u0131nda, t\u00fcm etkilere a\u00e7\u0131k olmaktan, sadece ondan medet umuyor. S\u00f6z\u00fcn \u00f6z\u00fc, hayat\u0131n y\u00fck\u00fcn\u00fc ayr\u0131, daras\u0131n\u0131 ayr\u0131 tart\u0131yor elinizdeki kitap.<\/p>\n","protected":false},"excerpt":{"rendered":"<p>\u201c\u00d6l\u00fcm\u00fcn eli kula\u011f\u0131ndayken anlam anlams\u0131zla\u015f\u0131yor. Her \u015feye iyi gelen, her \u015feyi sa\u011faltan bir zaman var m\u0131? Kendinden ba\u015fkas\u0131-na zaman yetirecek g\u00fc\u00e7te bir Kronos?\u201d\u201cEkseni e\u011fik d\u00fcnyan\u0131n \u0131\u015f\u0131kla<span class=\"excerpt-hellip\"> [\u2026]<\/span><\/p>\n","protected":false},"featured_media":0,"template":"","meta":{"_monsterinsights_skip_tracking":false,"_monsterinsights_sitenote_active":false,"_monsterinsights_sitenote_note":"","_monsterinsights_sitenote_category":0},"product_brand":[],"product_cat":[18545,12291],"product_tag":[],"class_list":{"0":"post-782816","1":"product","2":"type-product","3":"status-publish","5":"product_cat-anlati","6":"product_cat-edebiyat","7":"pa_cilt-ciltsiz","8":"pa_tur-kitap","9":"pa_yayinevi-dipnot-yayinlari","10":"pa_yazar-hatice-aydogdu","12":"first","13":"instock","14":"sale","15":"shipping-taxable","16":"purchasable","17":"product-type-simple"},"_links":{"self":[{"href":"https:\/\/roveyayinevi.com.tr\/index.php\/wp-json\/wp\/v2\/product\/782816","targetHints":{"allow":["GET"]}}],"collection":[{"href":"https:\/\/roveyayinevi.com.tr\/index.php\/wp-json\/wp\/v2\/product"}],"about":[{"href":"https:\/\/roveyayinevi.com.tr\/index.php\/wp-json\/wp\/v2\/types\/product"}],"wp:attachment":[{"href":"https:\/\/roveyayinevi.com.tr\/index.php\/wp-json\/wp\/v2\/media?parent=782816"}],"wp:term":[{"taxonomy":"product_brand","embeddable":true,"href":"https:\/\/roveyayinevi.com.tr\/index.php\/wp-json\/wp\/v2\/product_brand?post=782816"},{"taxonomy":"product_cat","embeddable":true,"href":"https:\/\/roveyayinevi.com.tr\/index.php\/wp-json\/wp\/v2\/product_cat?post=782816"},{"taxonomy":"product_tag","embeddable":true,"href":"https:\/\/roveyayinevi.com.tr\/index.php\/wp-json\/wp\/v2\/product_tag?post=782816"}],"curies":[{"name":"wp","href":"https:\/\/api.w.org\/{rel}","templated":true}]}}