{"id":782812,"date":"2026-02-23T13:01:09","date_gmt":"2026-02-23T10:01:09","guid":{"rendered":"https:\/\/roveyayinevi.com.tr\/index.php\/urun\/halden-anlayan-lider\/"},"modified":"2026-04-07T03:39:38","modified_gmt":"2026-04-07T00:39:38","slug":"halden-anlayan-lider","status":"publish","type":"product","link":"https:\/\/roveyayinevi.com.tr\/index.php\/urun\/halden-anlayan-lider\/","title":{"rendered":"Halden Anlayan Lider"},"content":{"rendered":"<p>Birlikte \u00e7al\u0131\u015fma h\u00e2lini koruyabilmemiz i\u00e7in liderli\u011fin d\u00f6n\u00fc\u015fmesi gerekiyor. Bu kitap, deneyimlere \u0131\u015f\u0131k tutarak d\u00f6n\u00fc\u015f\u00fcm\u00fcn nas\u0131l m\u00fcmk\u00fcn olabilece\u011fini g\u00f6steriyor.H\u00e2lden Anlayan Lider, Mert Karaibrahimo\u011flu\u2019nun, \u00e7\u0131rakl\u0131ktan liderli\u011fe uzanan yolculu\u011funu; Bata, Topshop, Starbucks, Best Buy, Kom\u015fuf\u0131r\u0131n ve Penti gibi markalardaki uygulamalar\u0131; \u0130ngiltere\u2019de giri\u015fimci olarak ge\u00e7irdi\u011fi y\u0131llar\u0131 ve farkl\u0131 k\u00fclt\u00fcrlerle \u00e7al\u0131\u015fma deneyimlerini harmanlayarak sundu\u011fu bir i\u015f ve ileti\u015fim yakla\u015f\u0131m\u0131.Bu kitapta, ya\u015fanm\u0131\u015f hik\u00e2yelerin ak\u0131c\u0131l\u0131\u011f\u0131yla her yeni sayfada ileti\u015fimi derinle\u015ftiren, ili\u015fkileri g\u00fc\u00e7lendiren bir yol haritas\u0131 bulacaks\u0131n\u0131z. \u00c7\u00fcnk\u00fc iyi i\u015fler, \u00f6nce iyi ili\u015fkilerle ba\u015flar. \u0130yi ili\u015fkiler ise insan\u0131 ger\u00e7ekten anlamakla\u2026 Bu kitab\u0131n t\u00fcm gelirleri, P\u0131nar Karaibrahimo\u011flu\u2019nun an\u0131s\u0131na meme kanserinde fark\u0131ndal\u0131\u011f\u0131 art\u0131rmak ve erken tan\u0131y\u0131 desteklemek amac\u0131yla Memeder Meme Sa\u011fl\u0131\u011f\u0131 Derne\u011fi\u2019ne ba\u011f\u0131\u015flanmaktad\u0131r.QR kod \u00fczerinden ba\u011f\u0131\u015f yaparak bu amaca siz de destek olabilirsiniz.<\/p>\n","protected":false},"excerpt":{"rendered":"<p>Birlikte \u00e7al\u0131\u015fma h\u00e2lini koruyabilmemiz i\u00e7in liderli\u011fin d\u00f6n\u00fc\u015fmesi gerekiyor. Bu kitap, deneyimlere \u0131\u015f\u0131k tutarak d\u00f6n\u00fc\u015f\u00fcm\u00fcn nas\u0131l m\u00fcmk\u00fcn olabilece\u011fini g\u00f6steriyor.H\u00e2lden Anlayan Lider, Mert Karaibrahimo\u011flu\u2019nun, \u00e7\u0131rakl\u0131ktan liderli\u011fe uzanan yolculu\u011funu;<span class=\"excerpt-hellip\"> [\u2026]<\/span><\/p>\n","protected":false},"featured_media":0,"template":"","meta":{"_monsterinsights_skip_tracking":false,"_monsterinsights_sitenote_active":false,"_monsterinsights_sitenote_note":"","_monsterinsights_sitenote_category":0},"product_brand":[],"product_cat":[12364,12376],"product_tag":[],"class_list":{"0":"post-782812","1":"product","2":"type-product","3":"status-publish","5":"product_cat-genel-konular","6":"product_cat-kisisel-gelisim","7":"pa_cilt-ciltsiz","8":"pa_tur-kitap","9":"pa_yayinevi-mona-kitap","10":"pa_yazar-mert-karaibrahimoglu","12":"first","13":"instock","14":"sale","15":"shipping-taxable","16":"purchasable","17":"product-type-simple"},"_links":{"self":[{"href":"https:\/\/roveyayinevi.com.tr\/index.php\/wp-json\/wp\/v2\/product\/782812","targetHints":{"allow":["GET"]}}],"collection":[{"href":"https:\/\/roveyayinevi.com.tr\/index.php\/wp-json\/wp\/v2\/product"}],"about":[{"href":"https:\/\/roveyayinevi.com.tr\/index.php\/wp-json\/wp\/v2\/types\/product"}],"wp:attachment":[{"href":"https:\/\/roveyayinevi.com.tr\/index.php\/wp-json\/wp\/v2\/media?parent=782812"}],"wp:term":[{"taxonomy":"product_brand","embeddable":true,"href":"https:\/\/roveyayinevi.com.tr\/index.php\/wp-json\/wp\/v2\/product_brand?post=782812"},{"taxonomy":"product_cat","embeddable":true,"href":"https:\/\/roveyayinevi.com.tr\/index.php\/wp-json\/wp\/v2\/product_cat?post=782812"},{"taxonomy":"product_tag","embeddable":true,"href":"https:\/\/roveyayinevi.com.tr\/index.php\/wp-json\/wp\/v2\/product_tag?post=782812"}],"curies":[{"name":"wp","href":"https:\/\/api.w.org\/{rel}","templated":true}]}}