{"id":782811,"date":"2026-02-23T13:01:07","date_gmt":"2026-02-23T10:01:07","guid":{"rendered":"https:\/\/roveyayinevi.com.tr\/index.php\/urun\/ksanthippe-sokratesin-karisi\/"},"modified":"2026-04-15T03:46:10","modified_gmt":"2026-04-15T00:46:10","slug":"ksanthippe-sokratesin-karisi","status":"publish","type":"product","link":"https:\/\/roveyayinevi.com.tr\/index.php\/urun\/ksanthippe-sokratesin-karisi\/","title":{"rendered":"Ksanthippe (Sokrates&#8217;in Kar\u0131s\u0131)"},"content":{"rendered":"<p>Antik \u00c7a\u011f\u2019\u0131n en bilinen filozofunun e\u015fi\u2026 Ger\u00e7ekten kimdi? Sokrates\u2019in hayat\u0131 sayfalarca anlat\u0131ld\u0131, ama onunla ayn\u0131 evi payla\u015fan Ksanthippe hep g\u00f6lgede kald\u0131. Bu kitap, tarihin \u201chuysuz e\u015f\u201d diye damgalad\u0131\u011f\u0131 kad\u0131n\u0131 yeniden ke\u015ffetmeye davet ediyor. Antik Atina\u2019n\u0131n kat\u0131 toplumsal d\u00fczeni, kad\u0131nlar\u0131n g\u00f6r\u00fcnmezli\u011fi, \u00e7eyiz yasalar\u0131 ve ev i\u00e7i sorumluluklar aras\u0131nda Ksanthippe\u2019nin \u00f6fkesi onun kusuru mu, yoksa bir d\u00f6nemin sessiz \u00e7\u0131\u011fl\u0131\u011f\u0131 m\u0131yd\u0131? Sokrates\u2019in \u00fccret almayan bir filozof olarak ailesini nas\u0131l ge\u00e7indirdi\u011fi, Myrto ile olas\u0131 ikinci evlilik iddias\u0131, \u00fc\u00e7 \u00e7ocu\u011fu, Atina\u2019n\u0131n veba salg\u0131n\u0131 ve sava\u015flarla sars\u0131lan y\u0131llar\u0131\u2026 Hepsi bir araya geliyor ve Antik \u00c7a\u011f\u2019\u0131n en tart\u0131\u015fmal\u0131 evlili\u011finin perde arkas\u0131 a\u00e7\u0131l\u0131yor. Birincil kaynaklar ve modern ara\u015ft\u0131rmalar \u0131\u015f\u0131\u011f\u0131nda, bu eser yaln\u0131zca bir biyografi de\u011fil; felsefe, tarih, sosyoloji ve psikolojiyi bulu\u015fturan kapsaml\u0131 bir \u00e7al\u0131\u015fma. Ksanthippe\u2019nin hik\u00e2yesi, Antik Atina\u2019n\u0131n ger\u00e7ek y\u00fcz\u00fcn\u00fc g\u00f6rmek isteyenler i\u00e7in ka\u00e7\u0131r\u0131lmayacak bir yolculuk.<\/p>\n","protected":false},"excerpt":{"rendered":"<p>Antik \u00c7a\u011f\u2019\u0131n en bilinen filozofunun e\u015fi\u2026 Ger\u00e7ekten kimdi? Sokrates\u2019in hayat\u0131 sayfalarca anlat\u0131ld\u0131, ama onunla ayn\u0131 evi payla\u015fan Ksanthippe hep g\u00f6lgede kald\u0131. Bu kitap, tarihin \u201chuysuz e\u015f\u201d<span class=\"excerpt-hellip\"> [\u2026]<\/span><\/p>\n","protected":false},"featured_media":0,"template":"","meta":{"_monsterinsights_skip_tracking":false,"_monsterinsights_sitenote_active":false,"_monsterinsights_sitenote_note":"","_monsterinsights_sitenote_category":0},"product_brand":[],"product_cat":[52477,52478],"product_tag":[],"class_list":{"0":"post-782811","1":"product","2":"type-product","3":"status-publish","5":"product_cat-arastirma","6":"product_cat-arkeoloji","7":"pa_cilt-ciltsiz","8":"pa_tur-kitap","9":"pa_yayinevi-bilgin-kultur-sanat","10":"pa_yazar-ebru-durmaz-akyuz","12":"first","13":"instock","14":"sale","15":"shipping-taxable","16":"purchasable","17":"product-type-simple"},"_links":{"self":[{"href":"https:\/\/roveyayinevi.com.tr\/index.php\/wp-json\/wp\/v2\/product\/782811","targetHints":{"allow":["GET"]}}],"collection":[{"href":"https:\/\/roveyayinevi.com.tr\/index.php\/wp-json\/wp\/v2\/product"}],"about":[{"href":"https:\/\/roveyayinevi.com.tr\/index.php\/wp-json\/wp\/v2\/types\/product"}],"wp:attachment":[{"href":"https:\/\/roveyayinevi.com.tr\/index.php\/wp-json\/wp\/v2\/media?parent=782811"}],"wp:term":[{"taxonomy":"product_brand","embeddable":true,"href":"https:\/\/roveyayinevi.com.tr\/index.php\/wp-json\/wp\/v2\/product_brand?post=782811"},{"taxonomy":"product_cat","embeddable":true,"href":"https:\/\/roveyayinevi.com.tr\/index.php\/wp-json\/wp\/v2\/product_cat?post=782811"},{"taxonomy":"product_tag","embeddable":true,"href":"https:\/\/roveyayinevi.com.tr\/index.php\/wp-json\/wp\/v2\/product_tag?post=782811"}],"curies":[{"name":"wp","href":"https:\/\/api.w.org\/{rel}","templated":true}]}}