{"id":782809,"date":"2026-02-23T13:00:59","date_gmt":"2026-02-23T10:00:59","guid":{"rendered":"https:\/\/roveyayinevi.com.tr\/index.php\/urun\/eserleriyle-iz-birakan-kucuk-ressamlar\/"},"modified":"2026-04-15T03:46:10","modified_gmt":"2026-04-15T00:46:10","slug":"eserleriyle-iz-birakan-kucuk-ressamlar","status":"publish","type":"product","link":"https:\/\/roveyayinevi.com.tr\/index.php\/urun\/eserleriyle-iz-birakan-kucuk-ressamlar\/","title":{"rendered":"Eserleriyle \u0130z B\u0131rakan K\u00fc\u00e7\u00fck Ressamlar"},"content":{"rendered":"<p>\u201cJ\u00fcri hen\u00fcz bilmese de yapay zek\u00e2 ilk kez bir insan ile yar\u0131\u015f\u0131yordu.\u201d G\u00fcniz\u2019in en b\u00fcy\u00fck hayali ressam olmak. Hayallerini, umutlar\u0131n\u0131, \u00fcz\u00fcnt\u00fclerini renklerle anlat\u0131yor; f\u0131r\u00e7as\u0131ndan tuvale heyecan\u0131n\u0131 ta\u015f\u0131yor. Deniz ise teknolojiye merakl\u0131. Bilgisayar, yapay zek\u00e2, robotik kodlama&#8230; G\u00fcniz ve Deniz, kaplumba\u011fa temal\u0131 bir resim yar\u0131\u015fmas\u0131nda kar\u015f\u0131 kar\u015f\u0131ya geliyor. \u00d6d\u00fcl\u00fcn bilgisayar olmas\u0131 Deniz\u2019in, kazanan eserin Pera M\u00fczesi\u2019nde sergilenmesi G\u00fcniz\u2019in kalbini \u00e7al\u0131yor. Yar\u0131\u015fmada yapay zek\u00e2 ile insan eme\u011fi kar\u015f\u0131 kar\u015f\u0131ya geliyor. Peki yapay zek\u00e2 sanat eseri \u00fcretebilir mi? \u00dcretirse eser kime ait olur? Avukat Ba\u015fak Akg\u00fcn Akil, uzmanl\u0131k alan\u0131ndan edindi\u011fi bilgileri edebiyatla bulu\u015fturuyor. Sanat, etik, d\u00fcr\u00fcstl\u00fck ve hak kavramlar\u0131n\u0131 sorgulayan yazar; okuru d\u00fc\u015f\u00fcnmeye davet ederken Osman Hamdi Bey, M\u00fcfide Kadri Han\u0131m gibi \u00f6nemli isimleri sayg\u0131yla an\u0131yor.<\/p>\n","protected":false},"excerpt":{"rendered":"<p>\u201cJ\u00fcri hen\u00fcz bilmese de yapay zek\u00e2 ilk kez bir insan ile yar\u0131\u015f\u0131yordu.\u201d G\u00fcniz\u2019in en b\u00fcy\u00fck hayali ressam olmak. Hayallerini, umutlar\u0131n\u0131, \u00fcz\u00fcnt\u00fclerini renklerle anlat\u0131yor; f\u0131r\u00e7as\u0131ndan tuvale heyecan\u0131n\u0131<span class=\"excerpt-hellip\"> [\u2026]<\/span><\/p>\n","protected":false},"featured_media":0,"template":"","meta":{"_monsterinsights_skip_tracking":false,"_monsterinsights_sitenote_active":false,"_monsterinsights_sitenote_note":"","_monsterinsights_sitenote_category":0},"product_brand":[],"product_cat":[12274,12284],"product_tag":[],"class_list":{"0":"post-782809","1":"product","2":"type-product","3":"status-publish","5":"product_cat-cocuk-ve-genclik-kitaplari","6":"product_cat-hikayeler","7":"pa_cilt-ciltsiz","8":"pa_tur-kitap","9":"pa_yayinevi-kirmizi-kedi-yayinevi","10":"pa_yazar-basak-akgun-akil","12":"first","13":"instock","14":"sale","15":"shipping-taxable","16":"purchasable","17":"product-type-simple"},"_links":{"self":[{"href":"https:\/\/roveyayinevi.com.tr\/index.php\/wp-json\/wp\/v2\/product\/782809","targetHints":{"allow":["GET"]}}],"collection":[{"href":"https:\/\/roveyayinevi.com.tr\/index.php\/wp-json\/wp\/v2\/product"}],"about":[{"href":"https:\/\/roveyayinevi.com.tr\/index.php\/wp-json\/wp\/v2\/types\/product"}],"wp:attachment":[{"href":"https:\/\/roveyayinevi.com.tr\/index.php\/wp-json\/wp\/v2\/media?parent=782809"}],"wp:term":[{"taxonomy":"product_brand","embeddable":true,"href":"https:\/\/roveyayinevi.com.tr\/index.php\/wp-json\/wp\/v2\/product_brand?post=782809"},{"taxonomy":"product_cat","embeddable":true,"href":"https:\/\/roveyayinevi.com.tr\/index.php\/wp-json\/wp\/v2\/product_cat?post=782809"},{"taxonomy":"product_tag","embeddable":true,"href":"https:\/\/roveyayinevi.com.tr\/index.php\/wp-json\/wp\/v2\/product_tag?post=782809"}],"curies":[{"name":"wp","href":"https:\/\/api.w.org\/{rel}","templated":true}]}}