{"id":782807,"date":"2026-02-23T13:00:51","date_gmt":"2026-02-23T10:00:51","guid":{"rendered":"https:\/\/roveyayinevi.com.tr\/index.php\/urun\/arke-ve-arel-yerebatan-sarnicinda\/"},"modified":"2026-04-15T03:46:10","modified_gmt":"2026-04-15T00:46:10","slug":"arke-ve-arel-yerebatan-sarnicinda","status":"publish","type":"product","link":"https:\/\/roveyayinevi.com.tr\/index.php\/urun\/arke-ve-arel-yerebatan-sarnicinda\/","title":{"rendered":"Arke ve Arel Yerebatan Sarn\u0131c\u0131&#8217;nda"},"content":{"rendered":"<p>Yerin alt\u0131na inen bir merdiven\u2026 F\u0131s\u0131ldayan sular\u2026 Say\u0131larla dolu bir merak ve cevap vermekten \u00e7ok soru sormay\u0131 seven bir \u00e7ocuk\u2026 Arke, arkeolog bir ailenin merakl\u0131 \u00e7ocu\u011fudur; say\u0131lar\u0131 her \u015feyden \u00e7ok seven kuzeni Arel ve konu\u015fan k\u00fc\u00e7\u00fck robot Loji\u2019yle birlikte Yerebatan Sarn\u0131c\u0131\u2019nda macera dolu bir ke\u015ffe \u00e7\u0131kar. Birlikte Yerebatan Sarn\u0131c\u0131\u2019na indiklerinde, bu karanl\u0131k ve gizemli yap\u0131 yaln\u0131zca bir su deposu olmaktan \u00e7\u0131kar. Damlalar\u0131n ritmi de\u011fi\u015fir, say\u0131lar bir \u015fifreye d\u00f6n\u00fc\u015f\u00fcr ve tarih sessizce konu\u015fmaya ba\u015flar. Ama her \u015fey hesaplanabilir mi? Ya baz\u0131 s\u0131rlar, sadece merak edenlere mi f\u0131s\u0131ldan\u0131r? Demet Ekmek\u00e7io\u011flu\u2019nun kaleme ald\u0131\u011f\u0131 Arke ve Arel Yerebatan Sarn\u0131c\u0131\u2019nda, tarihi mek\u00e2nlar\u0131 birer oyun alan\u0131na d\u00f6n\u00fc\u015ft\u00fcren, matemati\u011fi ve bilimi macerayla harmanlayan; okuru hem g\u00fcld\u00fcren hem d\u00fc\u015f\u00fcnd\u00fcren bir ke\u015fif hik\u00e2yesi. Bu kitap, \u00e7ocuklara haz\u0131r cevaplar sunmaz; onlara bakmay\u0131, dinlemeyi ve do\u011fru soruyu sorman\u0131n cesaretini anlat\u0131r.<\/p>\n","protected":false},"excerpt":{"rendered":"<p>Yerin alt\u0131na inen bir merdiven\u2026 F\u0131s\u0131ldayan sular\u2026 Say\u0131larla dolu bir merak ve cevap vermekten \u00e7ok soru sormay\u0131 seven bir \u00e7ocuk\u2026 Arke, arkeolog bir ailenin merakl\u0131 \u00e7ocu\u011fudur;<span class=\"excerpt-hellip\"> [\u2026]<\/span><\/p>\n","protected":false},"featured_media":0,"template":"","meta":{"_monsterinsights_skip_tracking":false,"_monsterinsights_sitenote_active":false,"_monsterinsights_sitenote_note":"","_monsterinsights_sitenote_category":0},"product_brand":[],"product_cat":[12274,12284],"product_tag":[],"class_list":{"0":"post-782807","1":"product","2":"type-product","3":"status-publish","5":"product_cat-cocuk-ve-genclik-kitaplari","6":"product_cat-hikayeler","7":"pa_cilt-ciltsiz","8":"pa_tur-kitap","9":"pa_yayinevi-kirmizi-kedi-yayinevi","10":"pa_yazar-demet-ekmekcioglu","12":"first","13":"instock","14":"sale","15":"shipping-taxable","16":"purchasable","17":"product-type-simple"},"_links":{"self":[{"href":"https:\/\/roveyayinevi.com.tr\/index.php\/wp-json\/wp\/v2\/product\/782807","targetHints":{"allow":["GET"]}}],"collection":[{"href":"https:\/\/roveyayinevi.com.tr\/index.php\/wp-json\/wp\/v2\/product"}],"about":[{"href":"https:\/\/roveyayinevi.com.tr\/index.php\/wp-json\/wp\/v2\/types\/product"}],"wp:attachment":[{"href":"https:\/\/roveyayinevi.com.tr\/index.php\/wp-json\/wp\/v2\/media?parent=782807"}],"wp:term":[{"taxonomy":"product_brand","embeddable":true,"href":"https:\/\/roveyayinevi.com.tr\/index.php\/wp-json\/wp\/v2\/product_brand?post=782807"},{"taxonomy":"product_cat","embeddable":true,"href":"https:\/\/roveyayinevi.com.tr\/index.php\/wp-json\/wp\/v2\/product_cat?post=782807"},{"taxonomy":"product_tag","embeddable":true,"href":"https:\/\/roveyayinevi.com.tr\/index.php\/wp-json\/wp\/v2\/product_tag?post=782807"}],"curies":[{"name":"wp","href":"https:\/\/api.w.org\/{rel}","templated":true}]}}