{"id":782803,"date":"2026-02-23T13:00:38","date_gmt":"2026-02-23T10:00:38","guid":{"rendered":"https:\/\/roveyayinevi.com.tr\/index.php\/urun\/karbon-baslangiclar-ve-muhtesem-sonlar-yarim-sonlar-atlasi-1\/"},"modified":"2026-04-15T03:46:09","modified_gmt":"2026-04-15T00:46:09","slug":"karbon-baslangiclar-ve-muhtesem-sonlar-yarim-sonlar-atlasi-1","status":"publish","type":"product","link":"https:\/\/roveyayinevi.com.tr\/index.php\/urun\/karbon-baslangiclar-ve-muhtesem-sonlar-yarim-sonlar-atlasi-1\/","title":{"rendered":"Karbon Ba\u015flang\u0131\u00e7lar ve Muhte\u015fem Sonlar: Yar\u0131m Sonlar Atlas\u2019I &#8211; 1"},"content":{"rendered":"<p>Ya\u015fam\u0131n temeli karbon. Hepimiz ayn\u0131 maddeden ba\u015fl\u0131yoruz ama bamba\u015fka hik\u00e2yelere d\u00f6nu\u0308\u015fu\u0308yoruz. Ba\u015flang\u0131\u00e7lar\u0131m\u0131z sand\u0131\u011f\u0131m\u0131zdan \u00e7ok daha benzer. Bizi birbirimizden ay\u0131ran, sonlar\u0131m\u0131z ve o sonlara giderken yapt\u0131\u011f\u0131m\u0131z se\u00e7imler. Bu kitapta kimseye mutlu sonlar vadedilmiyor. \u00c7u\u0308nku\u0308 muhte\u015fem sonlar, bu\u0308yu\u0308k ya da mutlu olmak zorunda de\u011fildir. Do\u011fru yerde duran her son, kendi i\u00e7inde muhte\u015femdir.   Bener Kara\u00e7or\u2019un Karbon Ba\u015flang\u0131\u00e7lar ve Muhte\u015fem Sonlar adl\u0131 roman\u0131, Yar\u0131m Sonlar Atlas\u2019\u0131 serisinin ilk kitab\u0131. Kaz Da\u011flar\u0131 efsanelerinden ilham alan bu ilk anlat\u0131, ana hik\u00e2yesini \u201890\u2019larda kurarken fantastik \u00f6\u011feleri insan hik\u00e2yeleriyle i\u00e7 i\u00e7e ge\u00e7irir. \u0130yiyle k\u00f6tu\u0308nu\u0308n kadim mu\u0308cadelesi, bu kez destan kahramanlar\u0131 aras\u0131nda de\u011fil; bir grup yetim \u00e7ocukla bir grup huzurevi sakininin absu\u0308rt, sihirli ve tedirgin edici direni\u015fi olarak kar\u015f\u0131m\u0131za \u00e7\u0131kar.   Atlas, pek de parlak olmayan bir yazard\u0131r. Ba\u015far\u0131s\u0131z bir intihar giri\u015fiminin ard\u0131ndan komaya girer ve g\u00f6zlerini, babaannesinin evinde, \u00e7ocuklu\u011funu ge\u00e7irdi\u011fi odada a\u00e7ar. Ama yaln\u0131z de\u011fildir. Y\u0131llard\u0131r yaz\u0131p yar\u0131m b\u0131rakt\u0131\u011f\u0131 hik\u00e2yelerin kahramanlar\u0131 kar\u015f\u0131s\u0131ndad\u0131r. Hepsinin tek bir talebi vard\u0131r: \u0130yi ya da k\u00f6tu\u0308, kendi hik\u00e2yelerinin bir sona ba\u011flanmas\u0131. Ne kadar zaman\u0131 oldu\u011funu bilmeyen Atlas, ba\u015fka \u00e7aresi kalmad\u0131\u011f\u0131n\u0131 anlay\u0131p yazmaya koyulur. \u00dc\u00e7 g\u00f6zlu\u0308, k\u0131rm\u0131z\u0131 \u015fapkal\u0131 siyah bir kedi ise hem daimi yard\u0131mc\u0131s\u0131 hem de ele\u015ftirel yorumlar\u0131yla bir nevi edit\u00f6ru\u0308du\u0308r.<\/p>\n","protected":false},"excerpt":{"rendered":"<p>Ya\u015fam\u0131n temeli karbon. Hepimiz ayn\u0131 maddeden ba\u015fl\u0131yoruz ama bamba\u015fka hik\u00e2yelere d\u00f6nu\u0308\u015fu\u0308yoruz. Ba\u015flang\u0131\u00e7lar\u0131m\u0131z sand\u0131\u011f\u0131m\u0131zdan \u00e7ok daha benzer. Bizi birbirimizden ay\u0131ran, sonlar\u0131m\u0131z ve o sonlara giderken yapt\u0131\u011f\u0131m\u0131z se\u00e7imler.<span class=\"excerpt-hellip\"> [\u2026]<\/span><\/p>\n","protected":false},"featured_media":0,"template":"","meta":{"_monsterinsights_skip_tracking":false,"_monsterinsights_sitenote_active":false,"_monsterinsights_sitenote_note":"","_monsterinsights_sitenote_category":0},"product_brand":[],"product_cat":[12364],"product_tag":[],"class_list":{"0":"post-782803","1":"product","2":"type-product","3":"status-publish","5":"product_cat-genel-konular","6":"pa_cilt-ciltsiz","7":"pa_tur-kitap","8":"pa_yayinevi-dusbaz-kitaplar","9":"pa_yazar-bener-karacor","11":"first","12":"instock","13":"sale","14":"shipping-taxable","15":"purchasable","16":"product-type-simple"},"_links":{"self":[{"href":"https:\/\/roveyayinevi.com.tr\/index.php\/wp-json\/wp\/v2\/product\/782803","targetHints":{"allow":["GET"]}}],"collection":[{"href":"https:\/\/roveyayinevi.com.tr\/index.php\/wp-json\/wp\/v2\/product"}],"about":[{"href":"https:\/\/roveyayinevi.com.tr\/index.php\/wp-json\/wp\/v2\/types\/product"}],"wp:attachment":[{"href":"https:\/\/roveyayinevi.com.tr\/index.php\/wp-json\/wp\/v2\/media?parent=782803"}],"wp:term":[{"taxonomy":"product_brand","embeddable":true,"href":"https:\/\/roveyayinevi.com.tr\/index.php\/wp-json\/wp\/v2\/product_brand?post=782803"},{"taxonomy":"product_cat","embeddable":true,"href":"https:\/\/roveyayinevi.com.tr\/index.php\/wp-json\/wp\/v2\/product_cat?post=782803"},{"taxonomy":"product_tag","embeddable":true,"href":"https:\/\/roveyayinevi.com.tr\/index.php\/wp-json\/wp\/v2\/product_tag?post=782803"}],"curies":[{"name":"wp","href":"https:\/\/api.w.org\/{rel}","templated":true}]}}