{"id":782802,"date":"2026-02-23T13:00:35","date_gmt":"2026-02-23T10:00:35","guid":{"rendered":"https:\/\/roveyayinevi.com.tr\/index.php\/urun\/cinlayanlar\/"},"modified":"2026-04-15T03:46:09","modified_gmt":"2026-04-15T00:46:09","slug":"cinlayanlar","status":"publish","type":"product","link":"https:\/\/roveyayinevi.com.tr\/index.php\/urun\/cinlayanlar\/","title":{"rendered":"\u00c7\u0131nlayanlar"},"content":{"rendered":"<p>KORKMAMIZ GEREKEN YAPAY ZEK\u00c2 DE\u011e\u0130L, \u0130NSANIN TA KEND\u0130S\u0130. 2087 \u0130klim Zirvesi\u2019nde bir anda yapay zek\u00e2 temelli \u201cge\u00e7ici karar sistemleri\u201dnin devreye girdi\u011fini; ileti\u015fim ve y\u00f6netimbecerilerimizin tamam\u0131n\u0131 makinelere b\u0131rakt\u0131\u011f\u0131m\u0131z\u0131; Sessizlik Amirleri\u2019nin devriye gezdi\u011fi ve susturulan bir toplumda\u00e7\u0131nlayanlar\u0131n sesini duydu\u011fumuzu; hayat\u0131n renginin kaybolmas\u0131 bir yana soka\u011fa \u00e7\u0131kmak i\u00e7in bize atanacak gu\u0308nu\u0308ngelmesini bekledi\u011fimizi ve buna alternatif bir sanal ger\u00e7eklik du\u0308nyas\u0131nda ya\u015fad\u0131\u011f\u0131m\u0131z\u0131 du\u0308\u015fu\u0308nelim mi? Peki ADHD\u2019den mustarip birinin beyninin i\u00e7ine girmeyi ya da aynalara kafa tutanlar\u0131n NeoGenetik De\u011fi\u015fim Merkezi\u2019ndeya\u015fad\u0131klar\u0131na \u015fahit olmak ister misiniz? \u0130\u00e7inde ya\u015fad\u0131\u011f\u0131m\u0131z du\u0308nyan\u0131n gu\u0308ncel sorunlar\u0131n\u0131n yak\u0131n gelecekteki muhtemel tezahu\u0308rleri Ye\u015fer Sar\u0131y\u0131ld\u0131z\u2019\u0131n distopik evrenlerinde kar\u015f\u0131m\u0131za \u00e7\u0131k\u0131yor. Yapay zek\u00e2n\u0131n insan iradesini devrald\u0131\u011f\u0131 toplant\u0131 odalar\u0131ndan, sessizli\u011fin yasal zorunluluk haline geldi\u011fi \u015fehirlere uzanan bu evrenlerde; kad\u0131nlar\u0131n, \u00e7ocuklar\u0131n, algoritmalar\u0131n ve makinelerin i\u00e7 i\u00e7e ge\u00e7ti\u011fi bu du\u0308nyalarda insan olman\u0131n s\u0131n\u0131rlar\u0131 yeniden \u00e7iziliyor. \u00c7\u0131nlayanlar, sessizli\u011fin en yu\u0308ksek yank\u0131land\u0131\u011f\u0131 yerden konu\u015fuyor. Zaten sesler bast\u0131r\u0131lsa da yank\u0131lanmadan susmuyor. Kimse de sessizli\u011fe bir gecede raz\u0131 olmuyor.<\/p>\n","protected":false},"excerpt":{"rendered":"<p>KORKMAMIZ GEREKEN YAPAY ZEK\u00c2 DE\u011e\u0130L, \u0130NSANIN TA KEND\u0130S\u0130. 2087 \u0130klim Zirvesi\u2019nde bir anda yapay zek\u00e2 temelli \u201cge\u00e7ici karar sistemleri\u201dnin devreye girdi\u011fini; ileti\u015fim ve y\u00f6netimbecerilerimizin tamam\u0131n\u0131 makinelere<span class=\"excerpt-hellip\"> [\u2026]<\/span><\/p>\n","protected":false},"featured_media":0,"template":"","meta":{"_monsterinsights_skip_tracking":false,"_monsterinsights_sitenote_active":false,"_monsterinsights_sitenote_note":"","_monsterinsights_sitenote_category":0},"product_brand":[],"product_cat":[12364],"product_tag":[],"class_list":{"0":"post-782802","1":"product","2":"type-product","3":"status-publish","5":"product_cat-genel-konular","6":"pa_cilt-ciltsiz","7":"pa_tur-kitap","8":"pa_yayinevi-dusbaz-kitaplar","9":"pa_yazar-yeser-sariyildiz","11":"first","12":"instock","13":"sale","14":"shipping-taxable","15":"purchasable","16":"product-type-simple"},"_links":{"self":[{"href":"https:\/\/roveyayinevi.com.tr\/index.php\/wp-json\/wp\/v2\/product\/782802","targetHints":{"allow":["GET"]}}],"collection":[{"href":"https:\/\/roveyayinevi.com.tr\/index.php\/wp-json\/wp\/v2\/product"}],"about":[{"href":"https:\/\/roveyayinevi.com.tr\/index.php\/wp-json\/wp\/v2\/types\/product"}],"wp:attachment":[{"href":"https:\/\/roveyayinevi.com.tr\/index.php\/wp-json\/wp\/v2\/media?parent=782802"}],"wp:term":[{"taxonomy":"product_brand","embeddable":true,"href":"https:\/\/roveyayinevi.com.tr\/index.php\/wp-json\/wp\/v2\/product_brand?post=782802"},{"taxonomy":"product_cat","embeddable":true,"href":"https:\/\/roveyayinevi.com.tr\/index.php\/wp-json\/wp\/v2\/product_cat?post=782802"},{"taxonomy":"product_tag","embeddable":true,"href":"https:\/\/roveyayinevi.com.tr\/index.php\/wp-json\/wp\/v2\/product_tag?post=782802"}],"curies":[{"name":"wp","href":"https:\/\/api.w.org\/{rel}","templated":true}]}}