{"id":782801,"date":"2026-02-23T13:00:31","date_gmt":"2026-02-23T10:00:31","guid":{"rendered":"https:\/\/roveyayinevi.com.tr\/index.php\/urun\/gachiakuta-6\/"},"modified":"2026-04-15T03:46:09","modified_gmt":"2026-04-15T00:46:09","slug":"gachiakuta-6","status":"publish","type":"product","link":"https:\/\/roveyayinevi.com.tr\/index.php\/urun\/gachiakuta-6\/","title":{"rendered":"Gachiakuta 6"},"content":{"rendered":"<p>TEM\u0130ZL\u0130K\u00c7\u0130LER, YASAKLI \u00c7\u00d6L B\u00d6LGES\u0130\u2019NDE YA\u015eAYAN G\u0130ZEML\u0130 KADIN AMO\u2019YA ULA\u015eMAYI BA\u015eARIR. \u0130LK KAR\u015eILA\u015eMALARINDA AMO\u2019NUN J\u0130NK\u0130\u2019S\u0130 TEM\u0130ZL\u0130K\u00c7\u0130LER\u2019\u0130 ETK\u0130S\u0130Z HALE GET\u0130RSE DE TAMSY\u2019N\u0130N SALDIRISI VE REML\u0130N\u2019\u0130N B\u00dcY\u00dcS\u00dc SAYES\u0130NDE DURUM TERS\u0130NE D\u00d6NER. HERKES SAK\u0130NLE\u015eT\u0130KTEN SONRA AMO, G\u00d6K D\u00dcNYA VE ALT D\u00dcNYA ARASINDA G\u0130D\u0130P GELEB\u0130LEN \u201cK\u0130\u015e\u0130\u201dDEN BAHSETMEYE BA\u015eLAR!<\/p>\n","protected":false},"excerpt":{"rendered":"<p>TEM\u0130ZL\u0130K\u00c7\u0130LER, YASAKLI \u00c7\u00d6L B\u00d6LGES\u0130\u2019NDE YA\u015eAYAN G\u0130ZEML\u0130 KADIN AMO\u2019YA ULA\u015eMAYI BA\u015eARIR. \u0130LK KAR\u015eILA\u015eMALARINDA AMO\u2019NUN J\u0130NK\u0130\u2019S\u0130 TEM\u0130ZL\u0130K\u00c7\u0130LER\u2019\u0130 ETK\u0130S\u0130Z HALE GET\u0130RSE DE TAMSY\u2019N\u0130N SALDIRISI VE REML\u0130N\u2019\u0130N B\u00dcY\u00dcS\u00dc SAYES\u0130NDE DURUM<span class=\"excerpt-hellip\"> [\u2026]<\/span><\/p>\n","protected":false},"featured_media":0,"template":"","meta":{"_monsterinsights_skip_tracking":false,"_monsterinsights_sitenote_active":false,"_monsterinsights_sitenote_note":"","_monsterinsights_sitenote_category":0},"product_brand":[],"product_cat":[12416,12291],"product_tag":[],"class_list":{"0":"post-782801","1":"product","2":"type-product","3":"status-publish","5":"product_cat-cizgi-roman","6":"product_cat-edebiyat","7":"pa_cilt-ciltsiz","8":"pa_tur-kitap","9":"pa_yayinevi-athica-yayinlari","10":"pa_yazar-kei-urana","12":"first","13":"instock","14":"sale","15":"shipping-taxable","16":"purchasable","17":"product-type-simple"},"_links":{"self":[{"href":"https:\/\/roveyayinevi.com.tr\/index.php\/wp-json\/wp\/v2\/product\/782801","targetHints":{"allow":["GET"]}}],"collection":[{"href":"https:\/\/roveyayinevi.com.tr\/index.php\/wp-json\/wp\/v2\/product"}],"about":[{"href":"https:\/\/roveyayinevi.com.tr\/index.php\/wp-json\/wp\/v2\/types\/product"}],"wp:attachment":[{"href":"https:\/\/roveyayinevi.com.tr\/index.php\/wp-json\/wp\/v2\/media?parent=782801"}],"wp:term":[{"taxonomy":"product_brand","embeddable":true,"href":"https:\/\/roveyayinevi.com.tr\/index.php\/wp-json\/wp\/v2\/product_brand?post=782801"},{"taxonomy":"product_cat","embeddable":true,"href":"https:\/\/roveyayinevi.com.tr\/index.php\/wp-json\/wp\/v2\/product_cat?post=782801"},{"taxonomy":"product_tag","embeddable":true,"href":"https:\/\/roveyayinevi.com.tr\/index.php\/wp-json\/wp\/v2\/product_tag?post=782801"}],"curies":[{"name":"wp","href":"https:\/\/api.w.org\/{rel}","templated":true}]}}