{"id":782799,"date":"2026-02-23T13:00:24","date_gmt":"2026-02-23T10:00:24","guid":{"rendered":"https:\/\/roveyayinevi.com.tr\/index.php\/urun\/mucizeler-bakkali-namiya\/"},"modified":"2026-04-15T03:46:09","modified_gmt":"2026-04-15T00:46:09","slug":"mucizeler-bakkali-namiya","status":"publish","type":"product","link":"https:\/\/roveyayinevi.com.tr\/index.php\/urun\/mucizeler-bakkali-namiya\/","title":{"rendered":"Mucizeler Bakkal\u0131 Namiya"},"content":{"rendered":"<p>\u00d6d\u00fcll\u00fc Yazar Keigo Higashino&#8217;nun Kaleminden&#8230;   Bir mektup hayat\u0131n\u0131 de\u011fi\u015ftirir. Bir zamanlar mahallenin kalbi olan, \u015fimdi ise unutulmu\u015f bir enkaza d\u00f6nen Namiya Bakkal\u0131&#8230; Karanl\u0131\u011f\u0131n i\u00e7inden ka\u00e7arken bu eski d\u00fckkana s\u0131\u011f\u0131nan \u00fc\u00e7 gen\u00e7 h\u0131rs\u0131z\u0131n, posta aral\u0131\u011f\u0131ndan d\u00fc\u015fen bir mektupla hayatlar\u0131 bir gecede de\u011fi\u015fir. Burada zaman b\u00fck\u00fcl\u00fcr, yollar kesi\u015fir. Ge\u00e7mi\u015fin kederi bug\u00fcn\u00fcn umuduna d\u00f6n\u00fc\u015f\u00fcr. Ve o tek gecede, Ay Tav\u015fan\u0131&#8217;n\u0131n \u00e7aresizli\u011fiyle ba\u015flayan bu mektupla\u015fma, onlar\u0131 hi\u00e7 ummad\u0131klar\u0131 bir s\u0131nava \u00e7a\u011f\u0131r\u0131r. Ya ba\u015fkalar\u0131n\u0131n kaderine \u0131\u015f\u0131k tutacaklar, ya da kendi karanl\u0131klar\u0131nda kaybolacaklar. Ge\u00e7mi\u015fle bug\u00fcn\u00fc birle\u015ftiren, insan kalbinin en gizli k\u00f6\u015felerine dokunan destans\u0131 bir roman&#8230;<\/p>\n","protected":false},"excerpt":{"rendered":"<p>\u00d6d\u00fcll\u00fc Yazar Keigo Higashino&#8217;nun Kaleminden&#8230; Bir mektup hayat\u0131n\u0131 de\u011fi\u015ftirir. Bir zamanlar mahallenin kalbi olan, \u015fimdi ise unutulmu\u015f bir enkaza d\u00f6nen Namiya Bakkal\u0131&#8230; Karanl\u0131\u011f\u0131n i\u00e7inden ka\u00e7arken bu<span class=\"excerpt-hellip\"> [\u2026]<\/span><\/p>\n","protected":false},"featured_media":0,"template":"","meta":{"_monsterinsights_skip_tracking":false,"_monsterinsights_sitenote_active":false,"_monsterinsights_sitenote_note":"","_monsterinsights_sitenote_category":0},"product_brand":[],"product_cat":[12291,12711],"product_tag":[],"class_list":{"0":"post-782799","1":"product","2":"type-product","3":"status-publish","5":"product_cat-edebiyat","6":"product_cat-roman-oyku","7":"pa_cilt-ciltsiz","8":"pa_tur-kitap","9":"pa_yayinevi-athica-yayinlari","10":"pa_yazar-keigo-higashino","12":"first","13":"instock","14":"sale","15":"shipping-taxable","16":"purchasable","17":"product-type-simple"},"_links":{"self":[{"href":"https:\/\/roveyayinevi.com.tr\/index.php\/wp-json\/wp\/v2\/product\/782799","targetHints":{"allow":["GET"]}}],"collection":[{"href":"https:\/\/roveyayinevi.com.tr\/index.php\/wp-json\/wp\/v2\/product"}],"about":[{"href":"https:\/\/roveyayinevi.com.tr\/index.php\/wp-json\/wp\/v2\/types\/product"}],"wp:attachment":[{"href":"https:\/\/roveyayinevi.com.tr\/index.php\/wp-json\/wp\/v2\/media?parent=782799"}],"wp:term":[{"taxonomy":"product_brand","embeddable":true,"href":"https:\/\/roveyayinevi.com.tr\/index.php\/wp-json\/wp\/v2\/product_brand?post=782799"},{"taxonomy":"product_cat","embeddable":true,"href":"https:\/\/roveyayinevi.com.tr\/index.php\/wp-json\/wp\/v2\/product_cat?post=782799"},{"taxonomy":"product_tag","embeddable":true,"href":"https:\/\/roveyayinevi.com.tr\/index.php\/wp-json\/wp\/v2\/product_tag?post=782799"}],"curies":[{"name":"wp","href":"https:\/\/api.w.org\/{rel}","templated":true}]}}