{"id":782798,"date":"2026-02-23T13:00:22","date_gmt":"2026-02-23T10:00:22","guid":{"rendered":"https:\/\/roveyayinevi.com.tr\/index.php\/urun\/umut-5\/"},"modified":"2026-04-15T03:46:09","modified_gmt":"2026-04-15T00:46:09","slug":"umut-5","status":"publish","type":"product","link":"https:\/\/roveyayinevi.com.tr\/index.php\/urun\/umut-5\/","title":{"rendered":"Umut"},"content":{"rendered":"<p>\u201cAmac\u0131m umut vermek de\u011fil, farkl\u0131 bir du\u0308\u015fu\u0308nme bi\u00e7imi geli\u015ftirmek.\u201dK\u0131sa bir su\u0308re \u00f6ncesine kadar gelece\u011fin daha iyi bir du\u0308nya vaat etti\u011fini du\u0308\u015fu\u0308nu\u0308rdu\u0308k. Oysa bugu\u0308n en k\u00f6tu\u0308su\u0308nu\u0308 beklemeye al\u0131\u015fm\u0131\u015f durumday\u0131z. \u00dcstelik \u00e7o\u011fu kez, i\u015flerin bekledi\u011fimizden de k\u00f6tu\u0308ye gitti\u011fine tan\u0131k oluyoruz.\u00d6yleyse gu\u0308nu\u0308mu\u0308zde h\u00e2l\u00e2 akl\u0131 ba\u015f\u0131nda bir insan\u0131n umut etmesi mu\u0308mku\u0308n mu\u0308? Philipp Blom, tarihsel ve felsefi bir inceleme yoluyla, bugu\u0308n h\u00e2l\u00e2 umut edebilmemiz, hatta umut etmemiz i\u00e7in ge\u00e7erli nedenler buluyor.<\/p>\n","protected":false},"excerpt":{"rendered":"<p>\u201cAmac\u0131m umut vermek de\u011fil, farkl\u0131 bir du\u0308\u015fu\u0308nme bi\u00e7imi geli\u015ftirmek.\u201dK\u0131sa bir su\u0308re \u00f6ncesine kadar gelece\u011fin daha iyi bir du\u0308nya vaat etti\u011fini du\u0308\u015fu\u0308nu\u0308rdu\u0308k. Oysa bugu\u0308n en k\u00f6tu\u0308su\u0308nu\u0308 beklemeye<span class=\"excerpt-hellip\"> [\u2026]<\/span><\/p>\n","protected":false},"featured_media":0,"template":"","meta":{"_monsterinsights_skip_tracking":false,"_monsterinsights_sitenote_active":false,"_monsterinsights_sitenote_note":"","_monsterinsights_sitenote_category":0},"product_brand":[],"product_cat":[12364],"product_tag":[],"class_list":{"0":"post-782798","1":"product","2":"type-product","3":"status-publish","5":"product_cat-genel-konular","6":"pa_cilt-ciltsiz","7":"pa_tur-kitap","8":"pa_yayinevi-ayrinti-yayinlari","9":"pa_yazar-philipp-blom","11":"first","12":"instock","13":"sale","14":"shipping-taxable","15":"purchasable","16":"product-type-simple"},"_links":{"self":[{"href":"https:\/\/roveyayinevi.com.tr\/index.php\/wp-json\/wp\/v2\/product\/782798","targetHints":{"allow":["GET"]}}],"collection":[{"href":"https:\/\/roveyayinevi.com.tr\/index.php\/wp-json\/wp\/v2\/product"}],"about":[{"href":"https:\/\/roveyayinevi.com.tr\/index.php\/wp-json\/wp\/v2\/types\/product"}],"wp:attachment":[{"href":"https:\/\/roveyayinevi.com.tr\/index.php\/wp-json\/wp\/v2\/media?parent=782798"}],"wp:term":[{"taxonomy":"product_brand","embeddable":true,"href":"https:\/\/roveyayinevi.com.tr\/index.php\/wp-json\/wp\/v2\/product_brand?post=782798"},{"taxonomy":"product_cat","embeddable":true,"href":"https:\/\/roveyayinevi.com.tr\/index.php\/wp-json\/wp\/v2\/product_cat?post=782798"},{"taxonomy":"product_tag","embeddable":true,"href":"https:\/\/roveyayinevi.com.tr\/index.php\/wp-json\/wp\/v2\/product_tag?post=782798"}],"curies":[{"name":"wp","href":"https:\/\/api.w.org\/{rel}","templated":true}]}}