{"id":782797,"date":"2026-02-23T13:00:20","date_gmt":"2026-02-23T10:00:20","guid":{"rendered":"https:\/\/roveyayinevi.com.tr\/index.php\/urun\/dustugun-yerde-hazinen-saklidir\/"},"modified":"2026-04-03T03:38:08","modified_gmt":"2026-04-03T00:38:08","slug":"dustugun-yerde-hazinen-saklidir","status":"publish","type":"product","link":"https:\/\/roveyayinevi.com.tr\/index.php\/urun\/dustugun-yerde-hazinen-saklidir\/","title":{"rendered":"D\u00fc\u015ft\u00fc\u011f\u00fcn Yerde Hazinen Sakl\u0131d\u0131r"},"content":{"rendered":"<p>TE\u015eEBB\u00dcS EDERSEN TESAD\u00dcF EDER.   Kendi yolunu \u00e7izmeye cesaret edenler, ba\u015fkas\u0131n\u0131n g\u00f6lgesinde y\u00fcr\u00fcmezler. B\u00fcy\u00fcmek, kendi se\u00e7imlerini yapt\u0131\u011f\u0131n\u0131 san\u0131rken asl\u0131nda g\u00f6r\u00fcnmez ellerin izlerini fark etmektir. Her yolculuk bir s\u0131navd\u0131r ama s\u0131navlar kahraman\u0131n kim oldu\u011funu ortaya \u00e7\u0131kar\u0131r. Liderlik, bir kad\u0131n\u0131n varolu\u015funu nas\u0131l d\u00f6n\u00fc\u015ft\u00fcr\u00fcr? \u00c7eli\u015fkilerle, yaralarla, \u00f6nyarg\u0131larla ve zaaflarla \u00e7evrili bir d\u00fcnyada liderlik yolu nas\u0131l a\u00e7\u0131l\u0131r? Ba\u015far\u0131 tek bir \u00f6l\u00e7\u00fcye mi sahiptir, yoksa herkesin kendi hayat\u0131nda dam\u0131tt\u0131\u011f\u0131 benzersiz bir iksir midir? Erg\u00fcn G\u00fcler, her biri alan\u0131nda \u00f6nc\u00fc kad\u0131n liderlerle yapt\u0131\u011f\u0131 derinlikli g\u00f6r\u00fc\u015fmelerden s\u00fcz\u00fclen bu kitapta, okuru al\u0131\u015f\u0131lm\u0131\u015f kal\u0131plar\u0131n d\u0131\u015f\u0131na \u00e7\u0131kar\u0131yor. \u00c7ocukluk izleri, aileden devral\u0131nan y\u00fckler, yanl\u0131\u015f san\u0131lan tercihler, ertelenmi\u015f hayaller ve yeniden do\u011fma anlar\u0131yla \u00f6r\u00fclen hik\u00e2yeler, farkl\u0131 hayatlar\u0131n asl\u0131nda benzer e\u015fiklerden ge\u00e7ti\u011fini f\u0131s\u0131ld\u0131yor. Bu kitap \u00fcniversite s\u0131ralar\u0131nda, kariyerinin ba\u015f\u0131nda ya da \u00f6nemli bir karar\u0131n e\u015fi\u011finde duran ve kendi i\u00e7 haritas\u0131n\u0131 ke\u015ffetmek isteyen t\u00fcm kad\u0131nlar i\u00e7in a\u00e7\u0131k bir \u00e7a\u011fr\u0131. Kendi yolunu ciddiyetle sahiplenmeye, ba\u015fkas\u0131n\u0131n hik\u00e2yesiyle yetinmemeye ve \u015funu fark etmeye: En k\u0131ymetli hazine, tam da d\u00fc\u015ft\u00fc\u011f\u00fcn yerde sakl\u0131d\u0131r.<\/p>\n","protected":false},"excerpt":{"rendered":"<p>TE\u015eEBB\u00dcS EDERSEN TESAD\u00dcF EDER. Kendi yolunu \u00e7izmeye cesaret edenler, ba\u015fkas\u0131n\u0131n g\u00f6lgesinde y\u00fcr\u00fcmezler. B\u00fcy\u00fcmek, kendi se\u00e7imlerini yapt\u0131\u011f\u0131n\u0131 san\u0131rken asl\u0131nda g\u00f6r\u00fcnmez ellerin izlerini fark etmektir. Her yolculuk bir<span class=\"excerpt-hellip\"> [\u2026]<\/span><\/p>\n","protected":false},"featured_media":0,"template":"","meta":{"_monsterinsights_skip_tracking":false,"_monsterinsights_sitenote_active":false,"_monsterinsights_sitenote_note":"","_monsterinsights_sitenote_category":0},"product_brand":[],"product_cat":[12364,12376],"product_tag":[],"class_list":{"0":"post-782797","1":"product","2":"type-product","3":"status-publish","5":"product_cat-genel-konular","6":"product_cat-kisisel-gelisim","7":"pa_cilt-ciltsiz","8":"pa_tur-kitap","9":"pa_yayinevi-destek-yayinlari","10":"pa_yazar-ergun-guler","12":"first","13":"instock","14":"sale","15":"shipping-taxable","16":"purchasable","17":"product-type-simple"},"_links":{"self":[{"href":"https:\/\/roveyayinevi.com.tr\/index.php\/wp-json\/wp\/v2\/product\/782797","targetHints":{"allow":["GET"]}}],"collection":[{"href":"https:\/\/roveyayinevi.com.tr\/index.php\/wp-json\/wp\/v2\/product"}],"about":[{"href":"https:\/\/roveyayinevi.com.tr\/index.php\/wp-json\/wp\/v2\/types\/product"}],"wp:attachment":[{"href":"https:\/\/roveyayinevi.com.tr\/index.php\/wp-json\/wp\/v2\/media?parent=782797"}],"wp:term":[{"taxonomy":"product_brand","embeddable":true,"href":"https:\/\/roveyayinevi.com.tr\/index.php\/wp-json\/wp\/v2\/product_brand?post=782797"},{"taxonomy":"product_cat","embeddable":true,"href":"https:\/\/roveyayinevi.com.tr\/index.php\/wp-json\/wp\/v2\/product_cat?post=782797"},{"taxonomy":"product_tag","embeddable":true,"href":"https:\/\/roveyayinevi.com.tr\/index.php\/wp-json\/wp\/v2\/product_tag?post=782797"}],"curies":[{"name":"wp","href":"https:\/\/api.w.org\/{rel}","templated":true}]}}