{"id":782796,"date":"2026-02-23T13:00:17","date_gmt":"2026-02-23T10:00:17","guid":{"rendered":"https:\/\/roveyayinevi.com.tr\/index.php\/urun\/sarap\/"},"modified":"2026-04-15T03:46:09","modified_gmt":"2026-04-15T00:46:09","slug":"sarap","status":"publish","type":"product","link":"https:\/\/roveyayinevi.com.tr\/index.php\/urun\/sarap\/","title":{"rendered":"\u015earap"},"content":{"rendered":"<p>\u015earap yaln\u0131zca u\u0308zu\u0308mu\u0308 \u00e7a\u011fr\u0131\u015ft\u0131rmaz; toprakla, ru\u0308zg\u00e2rla, i\u015f\u00e7ilikle ve zamanla yo\u011frulmu\u015f bir anlat\u0131d\u0131r.Meg Bernhard\u2019\u0131n kitab\u0131 da i\u015fte bu anlat\u0131y\u0131 du\u0308nyan\u0131n farkl\u0131 k\u00f6\u015felerinden sofralar\u0131m\u0131za ula\u015fan \u015farab\u0131n izini su\u0308rerek tamaml\u0131yor. \u015earap yap\u0131m\u0131ndaki emek, Bernhard\u2019\u0131n ki\u015fisel hik\u00e2yesiyle i\u00e7 i\u00e7e ge\u00e7iyor; b\u00f6ylece g\u00f6\u00e7lerin, mevsimlerin ve nesiller boyu aktar\u0131lan geleneklerin yank\u0131s\u0131na \u015fahitlik ediyoruz.\u0130spanya\u2019n\u0131n k\u0131rsal\u0131ndan Kaliforniya\u2019n\u0131n alt\u0131n rengine bulanm\u0131\u015f ba\u011flar\u0131na, Fransa\u2019n\u0131n \u015farap mahzenlerinden Latin Amerika\u2019daki u\u0308reticilere uzanan bu yolculuk, yaln\u0131zca \u015farab\u0131 de\u011fil, onu var eden du\u0308nyay\u0131 da ke\u015ffetmeye davet ediyor.<\/p>\n","protected":false},"excerpt":{"rendered":"<p>\u015earap yaln\u0131zca u\u0308zu\u0308mu\u0308 \u00e7a\u011fr\u0131\u015ft\u0131rmaz; toprakla, ru\u0308zg\u00e2rla, i\u015f\u00e7ilikle ve zamanla yo\u011frulmu\u015f bir anlat\u0131d\u0131r.Meg Bernhard\u2019\u0131n kitab\u0131 da i\u015fte bu anlat\u0131y\u0131 du\u0308nyan\u0131n farkl\u0131 k\u00f6\u015felerinden sofralar\u0131m\u0131za ula\u015fan \u015farab\u0131n izini su\u0308rerek<span class=\"excerpt-hellip\"> [\u2026]<\/span><\/p>\n","protected":false},"featured_media":0,"template":"","meta":{"_monsterinsights_skip_tracking":false,"_monsterinsights_sitenote_active":false,"_monsterinsights_sitenote_note":"","_monsterinsights_sitenote_category":0},"product_brand":[],"product_cat":[77985,12457],"product_tag":[],"class_list":{"0":"post-782796","1":"product","2":"type-product","3":"status-publish","5":"product_cat-kokteyl-ve-icki-kitaplari","6":"product_cat-yemek-kitaplari","7":"pa_cilt-ciltsiz","8":"pa_tur-kitap","9":"pa_yayinevi-ayrinti-yayinlari","10":"pa_yazar-meg-bernhard","12":"first","13":"instock","14":"sale","15":"shipping-taxable","16":"purchasable","17":"product-type-simple"},"_links":{"self":[{"href":"https:\/\/roveyayinevi.com.tr\/index.php\/wp-json\/wp\/v2\/product\/782796","targetHints":{"allow":["GET"]}}],"collection":[{"href":"https:\/\/roveyayinevi.com.tr\/index.php\/wp-json\/wp\/v2\/product"}],"about":[{"href":"https:\/\/roveyayinevi.com.tr\/index.php\/wp-json\/wp\/v2\/types\/product"}],"wp:attachment":[{"href":"https:\/\/roveyayinevi.com.tr\/index.php\/wp-json\/wp\/v2\/media?parent=782796"}],"wp:term":[{"taxonomy":"product_brand","embeddable":true,"href":"https:\/\/roveyayinevi.com.tr\/index.php\/wp-json\/wp\/v2\/product_brand?post=782796"},{"taxonomy":"product_cat","embeddable":true,"href":"https:\/\/roveyayinevi.com.tr\/index.php\/wp-json\/wp\/v2\/product_cat?post=782796"},{"taxonomy":"product_tag","embeddable":true,"href":"https:\/\/roveyayinevi.com.tr\/index.php\/wp-json\/wp\/v2\/product_tag?post=782796"}],"curies":[{"name":"wp","href":"https:\/\/api.w.org\/{rel}","templated":true}]}}