{"id":782794,"date":"2026-02-23T13:00:11","date_gmt":"2026-02-23T10:00:11","guid":{"rendered":"https:\/\/roveyayinevi.com.tr\/index.php\/urun\/insanlarda-ve-hayvanlarda-duygularin-ifadesi-1872\/"},"modified":"2026-04-15T03:46:09","modified_gmt":"2026-04-15T00:46:09","slug":"insanlarda-ve-hayvanlarda-duygularin-ifadesi-1872","status":"publish","type":"product","link":"https:\/\/roveyayinevi.com.tr\/index.php\/urun\/insanlarda-ve-hayvanlarda-duygularin-ifadesi-1872\/","title":{"rendered":"\u0130nsanlarda ve Hayvanlarda Duygular\u0131n \u0130fadesi (1872)"},"content":{"rendered":"<p>\u201cYu\u0308zu\u0308mu\u0308z, atalar\u0131m\u0131z\u0131n hayatta kalma stratejilerinin ya\u015fayan fosilidir.\u201dBu kitap Darwin\u2019in en \u201cinsani\u201d ama en rahats\u0131z edici hamlesidir. Hem edebiyatla hem du\u0308\u015fu\u0308nceyle ilgilenenlere hitap eder: Bilimsel ama ayn\u0131 zamanda insan\u0131n hik\u00e2yesini anlatan bir metindir.\u0130nsan ve Hayvanlarda Duygular\u0131n \u0130fadesi (1872) Darwin\u2019in evrim kuram\u0131n\u0131 psikolojiye ve davran\u0131\u015fa uygulad\u0131\u011f\u0131 en gu\u0308\u00e7lu\u0308 kitaplardan biri. Tu\u0308rlerin K\u00f6keni Biyolojiyi, \u0130nsan\u0131n Tu\u0308reyi\u015fi Antropolojiyi sarsm\u0131\u015ft\u0131; bu kitap ise duygular\u0131n da evrimsel bir ge\u00e7mi\u015fi oldu\u011funu iddia ederek insan\u0131 \u201cbenzersiz\u201d g\u00f6ren zihniyetin alt\u0131n\u0131 oymu\u015ftur.<\/p>\n","protected":false},"excerpt":{"rendered":"<p>\u201cYu\u0308zu\u0308mu\u0308z, atalar\u0131m\u0131z\u0131n hayatta kalma stratejilerinin ya\u015fayan fosilidir.\u201dBu kitap Darwin\u2019in en \u201cinsani\u201d ama en rahats\u0131z edici hamlesidir. Hem edebiyatla hem du\u0308\u015fu\u0308nceyle ilgilenenlere hitap eder: Bilimsel ama ayn\u0131<span class=\"excerpt-hellip\"> [\u2026]<\/span><\/p>\n","protected":false},"featured_media":0,"template":"","meta":{"_monsterinsights_skip_tracking":false,"_monsterinsights_sitenote_active":false,"_monsterinsights_sitenote_note":"","_monsterinsights_sitenote_category":0},"product_brand":[],"product_cat":[13005,15998],"product_tag":[],"class_list":{"0":"post-782794","1":"product","2":"type-product","3":"status-publish","5":"product_cat-bilim-muhendislik","6":"product_cat-bilim-tarihi","7":"pa_cilt-ciltsiz","8":"pa_tur-kitap","9":"pa_yayinevi-ayrinti-yayinlari","10":"pa_yazar-charles-darwin","12":"first","13":"instock","14":"sale","15":"shipping-taxable","16":"purchasable","17":"product-type-simple"},"_links":{"self":[{"href":"https:\/\/roveyayinevi.com.tr\/index.php\/wp-json\/wp\/v2\/product\/782794","targetHints":{"allow":["GET"]}}],"collection":[{"href":"https:\/\/roveyayinevi.com.tr\/index.php\/wp-json\/wp\/v2\/product"}],"about":[{"href":"https:\/\/roveyayinevi.com.tr\/index.php\/wp-json\/wp\/v2\/types\/product"}],"wp:attachment":[{"href":"https:\/\/roveyayinevi.com.tr\/index.php\/wp-json\/wp\/v2\/media?parent=782794"}],"wp:term":[{"taxonomy":"product_brand","embeddable":true,"href":"https:\/\/roveyayinevi.com.tr\/index.php\/wp-json\/wp\/v2\/product_brand?post=782794"},{"taxonomy":"product_cat","embeddable":true,"href":"https:\/\/roveyayinevi.com.tr\/index.php\/wp-json\/wp\/v2\/product_cat?post=782794"},{"taxonomy":"product_tag","embeddable":true,"href":"https:\/\/roveyayinevi.com.tr\/index.php\/wp-json\/wp\/v2\/product_tag?post=782794"}],"curies":[{"name":"wp","href":"https:\/\/api.w.org\/{rel}","templated":true}]}}