{"id":782793,"date":"2026-02-23T13:00:10","date_gmt":"2026-02-23T10:00:10","guid":{"rendered":"https:\/\/roveyayinevi.com.tr\/index.php\/urun\/estetik-boyut-marksist-estetigin-elestirisine-dogru\/"},"modified":"2026-04-15T03:46:09","modified_gmt":"2026-04-15T00:46:09","slug":"estetik-boyut-marksist-estetigin-elestirisine-dogru","status":"publish","type":"product","link":"https:\/\/roveyayinevi.com.tr\/index.php\/urun\/estetik-boyut-marksist-estetigin-elestirisine-dogru\/","title":{"rendered":"Estetik Boyut: Marksist Esteti\u011fin Ele\u015ftirisine Do\u011fru"},"content":{"rendered":"<p>\u201cSanat\u0131n ele\u015ftirel i\u015flevi, yani \u00f6zgu\u0308rle\u015fme mu\u0308cadelesine katk\u0131s\u0131, estetik bi\u00e7imde yatmaktad\u0131r.\u201d Herbert MarcuseHerbert Marcuse, bu kitapta, hakiki sanat eserinin devrimci niteli\u011fini mu\u0308mku\u0308n k\u0131lan estetik \u00f6\u011fenin izini su\u0308ru\u0308yor. \u015eeyle\u015fmi\u015f toplumsal ger\u00e7eklik kar\u015f\u0131s\u0131nda de\u011fi\u015fimin ufkunu sunan, insan\u0131n ezilmi\u015fli\u011fine kar\u015f\u0131 ba\u015fkald\u0131r\u0131y\u0131 i\u00e7inde ta\u015f\u0131yan bu \u00f6\u011fe, sanat eserindeki \u00f6zerk estetik boyutta somutla\u015f\u0131yor. Marcuse, sanat\u0131n devrimci bir gu\u0308ce sahip oldu\u011fu konusunda Marksist estetik gelene\u011fiyle bulu\u015furken, bu gu\u0308cu\u0308n kayna\u011f\u0131, geli\u015fimi ve yorumlanmas\u0131 konusunda \u00f6zgu\u0308n bir hat a\u00e7\u0131yor. Mevcut toplumsal prati\u011fin s\u0131n\u0131rlar\u0131 i\u00e7inde tan\u0131mlanan, kendine ait bir ger\u00e7eklik ve dil kuramayan sanata mesafeli duruyor.Marcuse\u2019ye g\u00f6re sanat\u0131n ele\u015ftirel gu\u0308cu\u0308, onu toplumsal u\u0308retim su\u0308recine ba\u011f\u0131ml\u0131 k\u0131lmaya \u00e7al\u0131\u015fan tu\u0308m kuvvetler kar\u015f\u0131s\u0131nda sahip oldu\u011fu \u00f6zerk yap\u0131dan beslenir. Bu \u00f6zerklik, i\u00e7eri\u011fin sanatsal bi\u00e7ime d\u00f6nu\u0308\u015fmesinde yatar ve sanat eserine devrimci bir de\u011fer kazand\u0131r\u0131r. Hakiki sanat eseri, yerle\u015fik toplumsal ger\u00e7eklikle \u00f6zde\u015fle\u015ftirilemez olu\u015fu sayesinde de\u011fi\u015fimin imk\u00e2n\u0131n\u0131 gu\u0308n yu\u0308zu\u0308ne \u00e7\u0131kar\u0131r ve estetik boyutun a\u00e7t\u0131\u011f\u0131 pasajlardan ge\u00e7erek \u00f6zgu\u0308rle\u015fmenin tohumlar\u0131n\u0131 bugu\u0308ne ta\u015f\u0131r.Estetik Boyut, estetik ile \u00f6zgu\u0308rle\u015fme aras\u0131ndaki bu \u00f6zgu\u0308n du\u0308\u015fu\u0308nsel izi takip etmek; sanat\u0131, de\u011fi\u015fimin imk\u00e2n\u0131n\u0131 yaratan bir gu\u0308\u00e7 olarak yeniden du\u0308\u015fu\u0308nmek ve estetik bi\u00e7im sorununu gu\u0308ndeme alarak \u00f6zgu\u0308le\u015fme du\u0308\u015fu\u0308ncesini yeniden harekete ge\u00e7irmek i\u00e7in yaz\u0131lm\u0131\u015f \u00f6zgu\u0308n bir kitap.<\/p>\n","protected":false},"excerpt":{"rendered":"<p>\u201cSanat\u0131n ele\u015ftirel i\u015flevi, yani \u00f6zgu\u0308rle\u015fme mu\u0308cadelesine katk\u0131s\u0131, estetik bi\u00e7imde yatmaktad\u0131r.\u201d Herbert MarcuseHerbert Marcuse, bu kitapta, hakiki sanat eserinin devrimci niteli\u011fini mu\u0308mku\u0308n k\u0131lan estetik \u00f6\u011fenin izini su\u0308ru\u0308yor.<span class=\"excerpt-hellip\"> [\u2026]<\/span><\/p>\n","protected":false},"featured_media":0,"template":"","meta":{"_monsterinsights_skip_tracking":false,"_monsterinsights_sitenote_active":false,"_monsterinsights_sitenote_note":"","_monsterinsights_sitenote_category":0},"product_brand":[],"product_cat":[12388,13555],"product_tag":[],"class_list":{"0":"post-782793","1":"product","2":"type-product","3":"status-publish","5":"product_cat-felsefe","6":"product_cat-genel-felsefe","7":"pa_cilt-ciltsiz","8":"pa_tur-kitap","9":"pa_yayinevi-ayrinti-yayinlari","10":"pa_yazar-herbert-marcuse","12":"first","13":"instock","14":"sale","15":"shipping-taxable","16":"purchasable","17":"product-type-simple"},"_links":{"self":[{"href":"https:\/\/roveyayinevi.com.tr\/index.php\/wp-json\/wp\/v2\/product\/782793","targetHints":{"allow":["GET"]}}],"collection":[{"href":"https:\/\/roveyayinevi.com.tr\/index.php\/wp-json\/wp\/v2\/product"}],"about":[{"href":"https:\/\/roveyayinevi.com.tr\/index.php\/wp-json\/wp\/v2\/types\/product"}],"wp:attachment":[{"href":"https:\/\/roveyayinevi.com.tr\/index.php\/wp-json\/wp\/v2\/media?parent=782793"}],"wp:term":[{"taxonomy":"product_brand","embeddable":true,"href":"https:\/\/roveyayinevi.com.tr\/index.php\/wp-json\/wp\/v2\/product_brand?post=782793"},{"taxonomy":"product_cat","embeddable":true,"href":"https:\/\/roveyayinevi.com.tr\/index.php\/wp-json\/wp\/v2\/product_cat?post=782793"},{"taxonomy":"product_tag","embeddable":true,"href":"https:\/\/roveyayinevi.com.tr\/index.php\/wp-json\/wp\/v2\/product_tag?post=782793"}],"curies":[{"name":"wp","href":"https:\/\/api.w.org\/{rel}","templated":true}]}}