{"id":782788,"date":"2026-02-23T12:59:57","date_gmt":"2026-02-23T09:59:57","guid":{"rendered":"https:\/\/roveyayinevi.com.tr\/index.php\/urun\/dokuzuncu-harrow\/"},"modified":"2026-04-15T03:46:09","modified_gmt":"2026-04-15T00:46:09","slug":"dokuzuncu-harrow","status":"publish","type":"product","link":"https:\/\/roveyayinevi.com.tr\/index.php\/urun\/dokuzuncu-harrow\/","title":{"rendered":"Dokuzuncu Harrow"},"content":{"rendered":"<p>\u0130mparator\u2019un \u00e7a\u011fr\u0131s\u0131na cevap verdi. Sanat\u0131yla, zek\u00e2s\u0131yla ve tek arkada\u015f\u0131yla geldi. Zafer kazand\u0131\u011f\u0131nda ise d\u00fcnyas\u0131 k\u00fcle d\u00f6nm\u00fc\u015ft\u00fc.Dokuzuncu Hane\u2019nin son \u00f6l\u00fcmb\u00fcy\u00fcc\u00fcs\u00fc Harrowhark Nonagesimus, \u0130mparator\u2019u taraf\u0131ndan kazan\u0131lmas\u0131 imk\u00e2ns\u0131z bir sava\u015fta d\u00f6v\u00fc\u015fmek \u00fczere g\u00f6reve \u00e7a\u011fr\u0131ld\u0131. Nefret etti\u011fi rakibiyle yan yana olan Harrow, yeteneklerini m\u00fckemmelle\u015ftirmeli ve bir \u201c\u00f6l\u00fcms\u00fczl\u00fck mele\u011fine\u201d d\u00f6n\u00fc\u015fmeli ancak sa\u011fl\u0131\u011f\u0131 bozuluyor, k\u0131l\u0131c\u0131 midesini buland\u0131r\u0131yor ve hatta zihni bile onu ihanetle tehdit ediyor.Mithraeum\u2019un gotik kasvetine \u00fc\u00e7 dost canl\u0131s\u0131 olmayan \u00f6\u011fretmenle hapsedilen ve katledilmi\u015f bir gezegenin \u00e7\u0131lg\u0131n hayaleti taraf\u0131ndan avlanan Harrow, istenmeyen iki soruyla y\u00fczle\u015fmek zorunda: Birisi onu \u00f6ld\u00fcrmeye mi \u00e7al\u0131\u015f\u0131yor? Ve e\u011fer ba\u015far\u0131rlarsa, evren daha iyi bir yer mi olur?Baz\u0131 s\u0131rlar mezarda kalmal\u0131, baz\u0131lar\u0131ysa t\u00fcm galaksiyi yakmal\u0131d\u0131r. \u201cDokuzuncu Harrow\u2019u okumak; kay\u0131plar\u0131n, fedak\u00e2rl\u0131klar\u0131n hayalet gibi gezindi\u011fi bir labirente girmektir. Ama ekmek k\u0131r\u0131nt\u0131lar\u0131yla veya k\u0131rm\u0131z\u0131 iplerle u\u011fra\u015fmay\u0131n; zaten asla ayr\u0131lmak istemeyeceksiniz.\u201d \u2015Alix E. Harrow\u201cK\u0131rk milyar \u0131\u015f\u0131k y\u0131l\u0131n\u0131 kapsayan psikolojik bir lunapark treni. Gideon evreninin, her zamanki gibi \u00e7arp\u0131k ve kemik dolu kalarak geni\u015fledi\u011fini g\u00f6rmek harika.\u201d \u2015Django Wexler\u201c\u00c7\u0131ld\u0131rt\u0131c\u0131 derecede zekice.\u201d \u2015Kiersten White\u201cSab\u0131rl\u0131 okur; dahice, \u00f6zg\u00fcn karakterler ve b\u00fcy\u00fcyle, y\u00fcrek par\u00e7alayan bir samimiyetle, kahkahalar att\u0131ran bir mizahla ve galaksideki en iyi \u00e7orbayla on kat fazlas\u0131n\u0131 alacak.\u201d \u2015Rebecca Roanhorse<\/p>\n","protected":false},"excerpt":{"rendered":"<p>\u0130mparator\u2019un \u00e7a\u011fr\u0131s\u0131na cevap verdi. Sanat\u0131yla, zek\u00e2s\u0131yla ve tek arkada\u015f\u0131yla geldi. Zafer kazand\u0131\u011f\u0131nda ise d\u00fcnyas\u0131 k\u00fcle d\u00f6nm\u00fc\u015ft\u00fc.Dokuzuncu Hane\u2019nin son \u00f6l\u00fcmb\u00fcy\u00fcc\u00fcs\u00fc Harrowhark Nonagesimus, \u0130mparator\u2019u taraf\u0131ndan kazan\u0131lmas\u0131 imk\u00e2ns\u0131z bir<span class=\"excerpt-hellip\"> [\u2026]<\/span><\/p>\n","protected":false},"featured_media":0,"template":"","meta":{"_monsterinsights_skip_tracking":false,"_monsterinsights_sitenote_active":false,"_monsterinsights_sitenote_note":"","_monsterinsights_sitenote_category":0},"product_brand":[],"product_cat":[12291,14777],"product_tag":[],"class_list":{"0":"post-782788","1":"product","2":"type-product","3":"status-publish","5":"product_cat-edebiyat","6":"product_cat-fantastik","7":"pa_cilt-ciltsiz","8":"pa_tur-kitap","9":"pa_yayinevi-ithaki-yayinlari","10":"pa_yazar-tamsyn-muir","12":"first","13":"instock","14":"sale","15":"shipping-taxable","16":"purchasable","17":"product-type-simple"},"_links":{"self":[{"href":"https:\/\/roveyayinevi.com.tr\/index.php\/wp-json\/wp\/v2\/product\/782788","targetHints":{"allow":["GET"]}}],"collection":[{"href":"https:\/\/roveyayinevi.com.tr\/index.php\/wp-json\/wp\/v2\/product"}],"about":[{"href":"https:\/\/roveyayinevi.com.tr\/index.php\/wp-json\/wp\/v2\/types\/product"}],"wp:attachment":[{"href":"https:\/\/roveyayinevi.com.tr\/index.php\/wp-json\/wp\/v2\/media?parent=782788"}],"wp:term":[{"taxonomy":"product_brand","embeddable":true,"href":"https:\/\/roveyayinevi.com.tr\/index.php\/wp-json\/wp\/v2\/product_brand?post=782788"},{"taxonomy":"product_cat","embeddable":true,"href":"https:\/\/roveyayinevi.com.tr\/index.php\/wp-json\/wp\/v2\/product_cat?post=782788"},{"taxonomy":"product_tag","embeddable":true,"href":"https:\/\/roveyayinevi.com.tr\/index.php\/wp-json\/wp\/v2\/product_tag?post=782788"}],"curies":[{"name":"wp","href":"https:\/\/api.w.org\/{rel}","templated":true}]}}