{"id":782786,"date":"2026-02-23T12:59:52","date_gmt":"2026-02-23T09:59:52","guid":{"rendered":"https:\/\/roveyayinevi.com.tr\/index.php\/urun\/golgesini-arayan-cocuk-2\/"},"modified":"2026-04-15T03:46:09","modified_gmt":"2026-04-15T00:46:09","slug":"golgesini-arayan-cocuk-2","status":"publish","type":"product","link":"https:\/\/roveyayinevi.com.tr\/index.php\/urun\/golgesini-arayan-cocuk-2\/","title":{"rendered":"G\u00f6lgesini Arayan \u00c7ocuk"},"content":{"rendered":"<p>Her \u015fey bir sebeple oluyor. \u0130htiyac\u0131m\u0131z olan her \u015fey kar\u015f\u0131m\u0131za \u00e7\u0131k\u0131yor. Bazen ger\u00e7e\u011fi g\u00f6rebilmek i\u00e7in biraz sihir gerekiyor\u2026 Ares, bu hayattaki en b\u00fcy\u00fck eksi\u011finin pahal\u0131 bir \u00e7ift ayakkab\u0131 oldu\u011funu san\u0131yordu. Oysa yolun ba\u015f\u0131nda kayboldu\u011fu bu hayatta \u00f6nce kendini bulmas\u0131 ve oldu\u011fu gibi sevmesi gerekiyordu. Bak\u0131\u015f a\u00e7\u0131s\u0131n\u0131 de\u011fi\u015ftirdi\u011finde t\u00fcm d\u00fcnyay\u0131 da de\u011fi\u015ftirebilece\u011fini anlayacakt\u0131.<\/p>\n","protected":false},"excerpt":{"rendered":"<p>Her \u015fey bir sebeple oluyor. \u0130htiyac\u0131m\u0131z olan her \u015fey kar\u015f\u0131m\u0131za \u00e7\u0131k\u0131yor. Bazen ger\u00e7e\u011fi g\u00f6rebilmek i\u00e7in biraz sihir gerekiyor\u2026 Ares, bu hayattaki en b\u00fcy\u00fck eksi\u011finin pahal\u0131 bir<span class=\"excerpt-hellip\"> [\u2026]<\/span><\/p>\n","protected":false},"featured_media":0,"template":"","meta":{"_monsterinsights_skip_tracking":false,"_monsterinsights_sitenote_active":false,"_monsterinsights_sitenote_note":"","_monsterinsights_sitenote_category":0},"product_brand":[],"product_cat":[12274],"product_tag":[],"class_list":{"0":"post-782786","1":"product","2":"type-product","3":"status-publish","5":"product_cat-cocuk-ve-genclik-kitaplari","6":"pa_cilt-ciltsiz","7":"pa_tur-kitap","8":"pa_yayinevi-ithaki-yayinlari","9":"pa_yazar-basak-sayan","11":"first","12":"instock","13":"sale","14":"shipping-taxable","15":"purchasable","16":"product-type-simple"},"_links":{"self":[{"href":"https:\/\/roveyayinevi.com.tr\/index.php\/wp-json\/wp\/v2\/product\/782786","targetHints":{"allow":["GET"]}}],"collection":[{"href":"https:\/\/roveyayinevi.com.tr\/index.php\/wp-json\/wp\/v2\/product"}],"about":[{"href":"https:\/\/roveyayinevi.com.tr\/index.php\/wp-json\/wp\/v2\/types\/product"}],"wp:attachment":[{"href":"https:\/\/roveyayinevi.com.tr\/index.php\/wp-json\/wp\/v2\/media?parent=782786"}],"wp:term":[{"taxonomy":"product_brand","embeddable":true,"href":"https:\/\/roveyayinevi.com.tr\/index.php\/wp-json\/wp\/v2\/product_brand?post=782786"},{"taxonomy":"product_cat","embeddable":true,"href":"https:\/\/roveyayinevi.com.tr\/index.php\/wp-json\/wp\/v2\/product_cat?post=782786"},{"taxonomy":"product_tag","embeddable":true,"href":"https:\/\/roveyayinevi.com.tr\/index.php\/wp-json\/wp\/v2\/product_tag?post=782786"}],"curies":[{"name":"wp","href":"https:\/\/api.w.org\/{rel}","templated":true}]}}