{"id":782785,"date":"2026-02-23T12:59:50","date_gmt":"2026-02-23T09:59:50","guid":{"rendered":"https:\/\/roveyayinevi.com.tr\/index.php\/urun\/kor-nokta-iyi-insanlarin-gizli-onyargilari\/"},"modified":"2026-04-12T03:36:25","modified_gmt":"2026-04-12T00:36:25","slug":"kor-nokta-iyi-insanlarin-gizli-onyargilari","status":"publish","type":"product","link":"https:\/\/roveyayinevi.com.tr\/index.php\/urun\/kor-nokta-iyi-insanlarin-gizli-onyargilari\/","title":{"rendered":"K\u00f6r Nokta \u2013 \u0130yi \u0130nsanlar\u0131n Gizli \u00d6nyarg\u0131lar\u0131"},"content":{"rendered":"<p>Kendi zihnimizi ger\u00e7ekten tan\u0131d\u0131\u011f\u0131m\u0131z\u0131 m\u0131 du\u0308\u015fu\u0308nu\u0308yoruz? Ba\u015fkalar\u0131n\u0131 adil ve do\u011fru de\u011ferlendirdi\u011fimize ne kadar eminiz? Peki ya fark\u0131nda olmad\u0131\u011f\u0131m\u0131z \u00f6nyarg\u0131lar\u0131m\u0131z varsa? Alanlar\u0131nda \u00f6ncu\u0308 psikologlar Mahzarin R. Banaji ve Anthony G. Greenwald, hepimizin zihninde yer etmi\u015f gizli \u00f6nyarg\u0131lar\u0131 mercek alt\u0131na al\u0131yor. Ya\u015f, cinsiyet, \u0131rk, s\u0131n\u0131f, din ve daha pek \u00e7ok konuda ku\u0308ltu\u0308ru\u0308n zihnimizde sessizce nas\u0131l iz b\u0131rakt\u0131\u011f\u0131n\u0131 g\u00f6steriyor. Sosyal gruplara dair alg\u0131lar\u0131m\u0131z \u2013biz fark etmeden\u2013 be\u011fenilerimizi, yarg\u0131lar\u0131m\u0131z\u0131 ve kararlar\u0131m\u0131z\u0131 nas\u0131l \u015fekillendiriyor? Bu fark\u0131ndal\u0131k, du\u0308\u015fu\u0308ncelerimizi ve davran\u0131\u015flar\u0131m\u0131z\u0131 de\u011fi\u015ftirmemize yard\u0131mc\u0131 olabilir mi? K\u00f6r Nokta, tu\u0308m bu sorulara yan\u0131t arayan ve bizi zihnimize daha yak\u0131ndan bakmaya davet eden bir \u00e7al\u0131\u015fma. * Art\u0131 i\u015faretine g\u00f6zlerinizi sabitleyin ve birka\u00e7 saniye boyunca g\u00f6zlerinizi ondan ay\u0131rmay\u0131n. Siyah noktalar\u0131n birer birer kaybolup yeniden belirdi\u011fini fark edeceksiniz. \u201cEri\u015filebilir ve yetkin\u2026 Kendi \u00f6nyarg\u0131lar\u0131m\u0131z\u0131 tamamen ortadan kald\u0131racak gu\u0308ce sahip olmasak da onlar\u0131 dengeleyebiliriz. \u0130lk ad\u0131m, gizli bir \u00f6nyarg\u0131y\u0131 g\u00f6ru\u0308nu\u0308r h\u00e2le getirmek\u2026 Ya sand\u0131\u011f\u0131m\u0131z kadar yu\u0308ceg\u00f6nu\u0308llu\u0308 insanlar de\u011filsek?\u201d\u2014THE WASHINGTON POST<\/p>\n","protected":false},"excerpt":{"rendered":"<p>Kendi zihnimizi ger\u00e7ekten tan\u0131d\u0131\u011f\u0131m\u0131z\u0131 m\u0131 du\u0308\u015fu\u0308nu\u0308yoruz? Ba\u015fkalar\u0131n\u0131 adil ve do\u011fru de\u011ferlendirdi\u011fimize ne kadar eminiz? Peki ya fark\u0131nda olmad\u0131\u011f\u0131m\u0131z \u00f6nyarg\u0131lar\u0131m\u0131z varsa? Alanlar\u0131nda \u00f6ncu\u0308 psikologlar Mahzarin R. Banaji<span class=\"excerpt-hellip\"> [\u2026]<\/span><\/p>\n","protected":false},"featured_media":0,"template":"","meta":{"_monsterinsights_skip_tracking":false,"_monsterinsights_sitenote_active":false,"_monsterinsights_sitenote_note":"","_monsterinsights_sitenote_category":0},"product_brand":[],"product_cat":[12364,12376],"product_tag":[],"class_list":{"0":"post-782785","1":"product","2":"type-product","3":"status-publish","5":"product_cat-genel-konular","6":"product_cat-kisisel-gelisim","7":"pa_cilt-ciltsiz","8":"pa_tur-kitap","9":"pa_yayinevi-nova-kitap","10":"pa_yazar-mahzarin-r-banaji-anthony-g-greenwald","12":"first","13":"instock","14":"sale","15":"shipping-taxable","16":"purchasable","17":"product-type-simple"},"_links":{"self":[{"href":"https:\/\/roveyayinevi.com.tr\/index.php\/wp-json\/wp\/v2\/product\/782785","targetHints":{"allow":["GET"]}}],"collection":[{"href":"https:\/\/roveyayinevi.com.tr\/index.php\/wp-json\/wp\/v2\/product"}],"about":[{"href":"https:\/\/roveyayinevi.com.tr\/index.php\/wp-json\/wp\/v2\/types\/product"}],"wp:attachment":[{"href":"https:\/\/roveyayinevi.com.tr\/index.php\/wp-json\/wp\/v2\/media?parent=782785"}],"wp:term":[{"taxonomy":"product_brand","embeddable":true,"href":"https:\/\/roveyayinevi.com.tr\/index.php\/wp-json\/wp\/v2\/product_brand?post=782785"},{"taxonomy":"product_cat","embeddable":true,"href":"https:\/\/roveyayinevi.com.tr\/index.php\/wp-json\/wp\/v2\/product_cat?post=782785"},{"taxonomy":"product_tag","embeddable":true,"href":"https:\/\/roveyayinevi.com.tr\/index.php\/wp-json\/wp\/v2\/product_tag?post=782785"}],"curies":[{"name":"wp","href":"https:\/\/api.w.org\/{rel}","templated":true}]}}