{"id":782784,"date":"2026-02-23T12:59:46","date_gmt":"2026-02-23T09:59:46","guid":{"rendered":"https:\/\/roveyayinevi.com.tr\/index.php\/urun\/kiyamet-kitabi\/"},"modified":"2026-04-15T03:46:09","modified_gmt":"2026-04-15T00:46:09","slug":"kiyamet-kitabi","status":"publish","type":"product","link":"https:\/\/roveyayinevi.com.tr\/index.php\/urun\/kiyamet-kitabi\/","title":{"rendered":"K\u0131yamet Kitab\u0131"},"content":{"rendered":"<p>\u201cHarika, e\u011flenceli ve y\u00fcrek burkan bir kitap.\u201d \u2013 Vonda N. McIntyre\u201cK\u0131yamet Kitab\u0131, zekice kurgulanm\u0131\u015f, sars\u0131c\u0131 ve insan\u0131 derinden etkileyen bir ba\u015fyap\u0131t.\u201d\u2013 The New York Times\u201cBURAYA GELD\u0130M \u00c7\u00dcNK\u00dc \u0130NSANLARIN NASIL YA\u015eADI\u011eINI G\u00d6RMEK \u0130ST\u0130YORDUM AMA G\u00d6RD\u00dc\u011e\u00dcM TEK \u015eEY NASIL \u00d6LD\u00dcKLER\u0130YD\u0130.\u201dBilimkurgu edebiyat\u0131n\u0131n \u00f6nemli isimlerinden Connie Willis, Hugo, Nebula ve Locus \u00f6d\u00fcllerinin \u00fc\u00e7\u00fcn\u00fc birden kucaklayan bu dev eseriyle zaman yolculu\u011funu e\u015fsiz bir dramaya d\u00f6n\u00fc\u015ft\u00fcr\u00fcyor. \u0130nsan do\u011fas\u0131n\u0131n en karanl\u0131k zamanlarda bile s\u00f6nmeyen umudunu sorgulayan K\u0131yamet Kitab\u0131, bilimin so\u011fuklu\u011funu insani s\u0131cakl\u0131kla eriten, okuru tarihin tozlu ve h\u00fcz\u00fcnl\u00fc sayfalar\u0131nda yolculu\u011fa \u00e7\u0131karan unutulmaz bir klasik.Oxford \u00dcniversitesi tarih b\u00f6l\u00fcm\u00fc, 2054 y\u0131l\u0131nda ge\u00e7mi\u015fi art\u0131k yerinde incelemektedir. Gen\u00e7 tarih\u00e7i Kivrin Engle\u2019\u0131n tek hayali, orta\u00e7a\u011f\u0131n en g\u00fcvenli y\u0131llar\u0131ndan birine gidip Noel kutlamalar\u0131na tan\u0131kl\u0131k etmektir. Ancak teknisyenlerin yapt\u0131\u011f\u0131 \u00f6l\u00fcmc\u00fcl bir hata, Kivrin\u2019i \u015f\u00f6valyelerin ve panay\u0131rlar\u0131n d\u00fcnyas\u0131na de\u011fil, insanl\u0131k tarihinin g\u00f6rd\u00fc\u011f\u00fc en b\u00fcy\u00fck felaketin, Kara Veba\u2019n\u0131n kol gezdi\u011fi 1348 y\u0131l\u0131na d\u00fc\u015f\u00fcr\u00fcr.Kivrin \u00e7\u00fcr\u00fcyen bir d\u00fcnyada hayatta kalmaya \u00e7al\u0131\u015f\u0131rken, 2054 Oxford\u2019unda da gizemli bir salg\u0131n ba\u015f g\u00f6sterir ve zaman makinesi karantinaya al\u0131n\u0131r. Ak\u0131l hocas\u0131 Dunworthy, \u00f6\u011frencisini bu cehennemden kurtarmak i\u00e7in zamanla ve b\u00fcrokrasiyle yar\u0131\u015facak; ge\u00e7mi\u015f ve gelecek ise benzer ac\u0131lar ve korkularla birbirine d\u00fc\u011f\u00fcmlenecektir.K\u0131yamet Kitab\u0131, tarihin en karanl\u0131k g\u00fcnlerine yap\u0131lan h\u00fcz\u00fcnl\u00fc bir zaman yolculu\u011fu\u2026<\/p>\n","protected":false},"excerpt":{"rendered":"<p>\u201cHarika, e\u011flenceli ve y\u00fcrek burkan bir kitap.\u201d \u2013 Vonda N. McIntyre\u201cK\u0131yamet Kitab\u0131, zekice kurgulanm\u0131\u015f, sars\u0131c\u0131 ve insan\u0131 derinden etkileyen bir ba\u015fyap\u0131t.\u201d\u2013 The New York Times\u201cBURAYA GELD\u0130M<span class=\"excerpt-hellip\"> [\u2026]<\/span><\/p>\n","protected":false},"featured_media":0,"template":"","meta":{"_monsterinsights_skip_tracking":false,"_monsterinsights_sitenote_active":false,"_monsterinsights_sitenote_note":"","_monsterinsights_sitenote_category":0},"product_brand":[],"product_cat":[12291,12711],"product_tag":[],"class_list":{"0":"post-782784","1":"product","2":"type-product","3":"status-publish","5":"product_cat-edebiyat","6":"product_cat-roman-oyku","7":"pa_cilt-ciltsiz","8":"pa_tur-kitap","9":"pa_yayinevi-ithaki-yayinlari","10":"pa_yazar-connie-willis","12":"first","13":"instock","14":"sale","15":"shipping-taxable","16":"purchasable","17":"product-type-simple"},"_links":{"self":[{"href":"https:\/\/roveyayinevi.com.tr\/index.php\/wp-json\/wp\/v2\/product\/782784","targetHints":{"allow":["GET"]}}],"collection":[{"href":"https:\/\/roveyayinevi.com.tr\/index.php\/wp-json\/wp\/v2\/product"}],"about":[{"href":"https:\/\/roveyayinevi.com.tr\/index.php\/wp-json\/wp\/v2\/types\/product"}],"wp:attachment":[{"href":"https:\/\/roveyayinevi.com.tr\/index.php\/wp-json\/wp\/v2\/media?parent=782784"}],"wp:term":[{"taxonomy":"product_brand","embeddable":true,"href":"https:\/\/roveyayinevi.com.tr\/index.php\/wp-json\/wp\/v2\/product_brand?post=782784"},{"taxonomy":"product_cat","embeddable":true,"href":"https:\/\/roveyayinevi.com.tr\/index.php\/wp-json\/wp\/v2\/product_cat?post=782784"},{"taxonomy":"product_tag","embeddable":true,"href":"https:\/\/roveyayinevi.com.tr\/index.php\/wp-json\/wp\/v2\/product_tag?post=782784"}],"curies":[{"name":"wp","href":"https:\/\/api.w.org\/{rel}","templated":true}]}}