{"id":782783,"date":"2026-02-23T12:59:44","date_gmt":"2026-02-23T09:59:44","guid":{"rendered":"https:\/\/roveyayinevi.com.tr\/index.php\/urun\/yalanlar-cemiyeti\/"},"modified":"2026-04-15T03:46:09","modified_gmt":"2026-04-15T00:46:09","slug":"yalanlar-cemiyeti","status":"publish","type":"product","link":"https:\/\/roveyayinevi.com.tr\/index.php\/urun\/yalanlar-cemiyeti\/","title":{"rendered":"Yalanlar Cemiyeti"},"content":{"rendered":"<p>Bir yere ait hissetmek i\u00e7in ne kadar ileri giderdiniz?Maya, \u00fcniversite mezunlar bulu\u015fmas\u0131 i\u00e7in Princeton\u2019a geri d\u00f6nm\u00fc\u015ft\u00fc. Mezuniyetinin \u00fczerinden on sene ge\u00e7mi\u015fti ve bu ziyaretin onun i\u00e7in farkl\u0131 bir anlam\u0131 daha vard\u0131; ayn\u0131 zamanda k\u0131z karde\u015fi Naomi\u2019nin mezuniyetine de kat\u0131lacakt\u0131.R\u00fcya gibi ge\u00e7mesi gereken bu hafta sonu, karde\u015fi Naomi\u2019nin \u00f6l\u00fcm haberiyle Maya\u2019n\u0131n en b\u00fcy\u00fck k\u00e2busuna d\u00f6n\u00fc\u015fecekti. Polis ya\u015fananlar\u0131n bir kaza oldu\u011funu \u00f6ne s\u00fcr\u00fcyordu fakat Maya, bir \u015feylerin ona eksik anlat\u0131ld\u0131\u011f\u0131ndan \u015f\u00fcpheleniyordu.Maya, k\u0131z karde\u015finin \u00f6l\u00fcm\u00fcne giden aylarda neler ya\u015fand\u0131\u011f\u0131n\u0131 par\u00e7a par\u00e7a bir araya getirdik\u00e7e Naomi\u2019nin ondan ne kadar \u00e7ok \u015fey saklad\u0131\u011f\u0131n\u0131 fark edecekti. Naomi, Maya\u2019n\u0131n t\u00fcm uyar\u0131lar\u0131na ra\u011fmen, kamp\u00fcsteki en se\u00e7kin sosyal kul\u00fcp olan Sterling Kul\u00fcb\u00fc\u2019ne kat\u0131lm\u0131\u015ft\u0131. Bir zamanlar Maya\u2019n\u0131n da \u00fcyesi oldu\u011fu o kul\u00fcbe. \u00dcstelik Maya\u2019n\u0131n tahminlerine g\u00f6re Naomi, kul\u00fcb\u00fcn i\u00e7indeki gizli cemiyete de al\u0131nm\u0131\u015ft\u0131.Maya, k\u0131z karde\u015finin bu cemiyete girip de \u00f6l\u00fc bulunan ilk ki\u015fi olmad\u0131\u011f\u0131n\u0131 biliyordu. Art\u0131k her ipucu Maya\u2019y\u0131 ge\u00e7mi\u015fe d\u00f6n\u00fcp bakmaya zorluyordu\u2026 Ve y\u0131llard\u0131r saklad\u0131\u011f\u0131 o s\u0131rra.   \u201cGizli cemiyetleri, k\u0131z karde\u015flik ba\u011flar\u0131n\u0131 ve ayr\u0131cal\u0131kl\u0131, se\u00e7kin bir \u00fcniversitenin karma\u015f\u0131k do\u011fas\u0131n\u0131 ke\u015ffe \u00e7\u0131kan, karanl\u0131k ve \u00fcrpertici bir kurgu. Elimden b\u0131rakamad\u0131\u011f\u0131m bir kitap oldu!\u201d\u2014JULIA BARTZ \u201cKaranl\u0131k akademi okurlar\u0131, yeni ba\u011f\u0131ml\u0131l\u0131\u011f\u0131n\u0131zla tan\u0131\u015fmaya haz\u0131r olun. Yalanlar Cemiyeti, bir kitapta arad\u0131\u011f\u0131m t\u00fcm \u00f6zelliklere sahip: g\u00fc\u00e7l\u00fc bir toplumsal ele\u015ftiri, enfes bir dil ve s\u00fcrpriz bir son.\u201d\u2014LAURIE ELIZABETH FLYNN \u201cYalanlar Cemiyeti, bir cinayet gizeminden \u00e7ok daha fazlas\u0131. Lauren Ling Brown, Princeton elitlerinin se\u00e7kin d\u00fcnyas\u0131nda \u0131rk\u0131, aileyi ve ayr\u0131cal\u0131kl\u0131 olman\u0131n karanl\u0131k y\u00fcz\u00fcn\u00fc ustal\u0131kla ele al\u0131yor. Son derece g\u00fc\u00e7l\u00fc anlat\u0131m tarz\u0131yla bu roman, sizi ba\u015f d\u00f6nd\u00fcr\u00fcc\u00fc bir yolculu\u011fa \u00e7\u0131karacak.\u201d\u2014COURTENEY COX \u201cS\u0131rlarla ve \u00fcniversite skandallar\u0131yla dolu Yalanlar Cemiyeti, \u2018g\u00fc\u00e7\u2019 kavram\u0131n\u0131n en karanl\u0131k y\u00fcz\u00fcn\u00fc ele al\u0131rken, g\u00fcc\u00fcn bizi neye d\u00f6n\u00fc\u015ft\u00fcrd\u00fc\u011f\u00fcne ve bizden neleri al\u0131p g\u00f6t\u00fcrd\u00fc\u011f\u00fcne dair d\u00fc\u015f\u00fcnd\u00fcr\u00fcyor. Bay\u0131larak okudu\u011fum, beni \u00e7ok \u015fa\u015f\u0131rtan bir roman oldu!\u201d\u2014HALLEY SUTTON \u201cKaranl\u0131k akademi, gizli cemiyetler ve bir cinayet\u2026 Daha ne olsun? Yalanlar Cemiyeti, her k\u00f6\u015fede k\u00f6t\u00fcc\u00fcl bir \u015feyin pusuda bekledi\u011fine sizi ikna eden, diken \u00fcst\u00fcnde okuyaca\u011f\u0131n\u0131z, inan\u0131lmaz bir hik\u00e2ye. Ku\u015fkusuz, y\u0131l\u0131n en iyi gerilim romanlar\u0131ndan biri!\u201d\u2014JESSICA PAYNE<\/p>\n","protected":false},"excerpt":{"rendered":"<p>Bir yere ait hissetmek i\u00e7in ne kadar ileri giderdiniz?Maya, \u00fcniversite mezunlar bulu\u015fmas\u0131 i\u00e7in Princeton\u2019a geri d\u00f6nm\u00fc\u015ft\u00fc. Mezuniyetinin \u00fczerinden on sene ge\u00e7mi\u015fti ve bu ziyaretin onun i\u00e7in<span class=\"excerpt-hellip\"> [\u2026]<\/span><\/p>\n","protected":false},"featured_media":0,"template":"","meta":{"_monsterinsights_skip_tracking":false,"_monsterinsights_sitenote_active":false,"_monsterinsights_sitenote_note":"","_monsterinsights_sitenote_category":0},"product_brand":[],"product_cat":[12291,14777],"product_tag":[],"class_list":{"0":"post-782783","1":"product","2":"type-product","3":"status-publish","5":"product_cat-edebiyat","6":"product_cat-fantastik","7":"pa_cilt-ciltsiz","8":"pa_tur-kitap","9":"pa_yayinevi-yabanci-yayinevi","10":"pa_yazar-lauren-ling-brown","12":"first","13":"instock","14":"sale","15":"shipping-taxable","16":"purchasable","17":"product-type-simple"},"_links":{"self":[{"href":"https:\/\/roveyayinevi.com.tr\/index.php\/wp-json\/wp\/v2\/product\/782783","targetHints":{"allow":["GET"]}}],"collection":[{"href":"https:\/\/roveyayinevi.com.tr\/index.php\/wp-json\/wp\/v2\/product"}],"about":[{"href":"https:\/\/roveyayinevi.com.tr\/index.php\/wp-json\/wp\/v2\/types\/product"}],"wp:attachment":[{"href":"https:\/\/roveyayinevi.com.tr\/index.php\/wp-json\/wp\/v2\/media?parent=782783"}],"wp:term":[{"taxonomy":"product_brand","embeddable":true,"href":"https:\/\/roveyayinevi.com.tr\/index.php\/wp-json\/wp\/v2\/product_brand?post=782783"},{"taxonomy":"product_cat","embeddable":true,"href":"https:\/\/roveyayinevi.com.tr\/index.php\/wp-json\/wp\/v2\/product_cat?post=782783"},{"taxonomy":"product_tag","embeddable":true,"href":"https:\/\/roveyayinevi.com.tr\/index.php\/wp-json\/wp\/v2\/product_tag?post=782783"}],"curies":[{"name":"wp","href":"https:\/\/api.w.org\/{rel}","templated":true}]}}