{"id":782782,"date":"2026-02-23T12:59:41","date_gmt":"2026-02-23T09:59:41","guid":{"rendered":"https:\/\/roveyayinevi.com.tr\/index.php\/urun\/ifrit\/"},"modified":"2026-04-15T03:46:09","modified_gmt":"2026-04-15T00:46:09","slug":"ifrit","status":"publish","type":"product","link":"https:\/\/roveyayinevi.com.tr\/index.php\/urun\/ifrit\/","title":{"rendered":"\u0130frit"},"content":{"rendered":"<p>2024 GOODREADS OKUR \u00d6D\u00dcLLER\u0130EN \u0130Y\u0130 FANTAZ\u0130 ROMANI F\u0130NAL\u0130ST\u0130Madrid\u2019in par\u0131lt\u0131l\u0131 saraylar\u0131 ve Engizisyon\u2019un karanl\u0131k zindanlar\u0131 aras\u0131nda, bir mucize ya hayat\u0131n\u0131z\u0131 kurtar\u0131r ya da sonunuzu haz\u0131rlar.Luzia Cotado, Madrid\u2019in yoksul mahallelerinde bir mutfak hizmet\u00e7isiydi. Tek yetene\u011fi, yemekleri daha lezzetli k\u0131lmak ya da k\u0131r\u0131lan e\u015fyalar\u0131 onarmak gibi k\u00fc\u00e7\u00fck, &#8220;tesad\u00fcfi&#8221; mucizeler yaratmakt\u0131. Ancak Engizisyon\u2019un her yerde g\u00f6z\u00fc oldu\u011fu bir d\u00fcnyada, bu k\u00fc\u00e7\u00fck yetenekler bile \u00f6l\u00fcmc\u00fcl birer g\u00fcnaht\u0131.Luzia\u2019n\u0131n hayat\u0131, yetene\u011finin evsahibesi taraf\u0131ndan yetene\u011finin ke\u015ffedilmesiyle sonsuza dek de\u011fi\u015fecekti. Bir anda kendisini kral\u0131n g\u00f6zdesi olmak i\u00e7in yar\u0131\u015fan, tehlikeli bir g\u00fc\u00e7 oyununun ortas\u0131nda bulacakt\u0131. Ancak bu oyunun kurallar\u0131 kanla yaz\u0131lm\u0131\u015ft\u0131.Luzia, \u00f6l\u00fcms\u00fcz bir varl\u0131k olan Sant\u00e1ngel ile ittifak kurmak zorunda kalacakt\u0131. Sant\u00e1ngel sadece onun hocas\u0131 de\u011fil, ayn\u0131 zamanda en b\u00fcy\u00fck s\u0131rda\u015f\u0131 ve belki de en tehlikeli zaaf\u0131 h\u00e2line gelecekti. S\u0131rlar a\u00e7\u0131\u011fa \u00e7\u0131kt\u0131k\u00e7a Luzia kendine \u015fu soruyu sormak zorunda kalacakt\u0131:\u00d6zg\u00fcrl\u00fck i\u00e7in ne kadar\u0131ndan vazge\u00e7ebilirsin? Ve ruhunu kime emanet edersin?&#8221;Zengin hayal g\u00fcc\u00fcyle \u00f6r\u00fclm\u00fc\u015f, girift bir masal&#8230; Bu roman\u0131n her kelimesine bay\u0131ld\u0131m; hayat\u0131nda biraz sihir arayanlar i\u00e7in mutlaka okunmas\u0131 gereken bir eser.&#8221; \u2014 Deborah Harkness&#8221;S\u00fcr\u00fckleyici&#8230; Leigh Bardugo\u2019nun karakterleri o kadar \u00fc\u00e7 boyutlu ki, sayfalar\u0131n aras\u0131ndan uzan\u0131p onlara dokunmak istiyorsunuz.&#8221; \u2014 Diana Gabaldon&#8221;Tarihin bir d\u00f6nemine yap\u0131lan harika ve b\u00fcy\u00fcleyici bir yolculuk; \u0130spanyol g\u00fcc\u00fcn\u00fcn zirvesini g\u00f6r\u00fcrken, alttan alta ilerleyen \u00e7\u00fcr\u00fcmeyi de hissedebiliyorsunuz. Ger\u00e7ekten keyif ald\u0131m, beni kesinlikle d\u00fc\u015f\u00fcnd\u00fcrd\u00fc ve elbette, son derece romantik.&#8221; \u2014 Katherine Arden&#8221;Bardugo okumak, i\u00e7ine \u00e7eken ve duyulara hitap eden bir deneyim&#8230; \u0130nsan Luzia ve Sant\u00e1ngel\u2019in d\u00fcnyas\u0131na g\u00f6m\u00fclmekten ve oradan hi\u00e7 ayr\u0131lmamay\u0131 dilemekten kendini alam\u0131yor.&#8221; \u2014 The New York Times&#8221;\u0130frit, benzer hik\u00e2yelerden \u2013Bardugo\u2019nun kendi eserleri de d\u00e2hil\u2013 ayr\u0131l\u0131yor; \u00e7\u00fcnk\u00fc ger\u00e7ek tarihin ac\u0131mas\u0131z ve utan\u00e7 verici bir d\u00f6nemini inceliyor&#8230; Bardugo, do\u011fa\u00fcst\u00fc ile kutsal aras\u0131ndaki o belirsiz \u00e7izgiyi ustal\u0131kla ke\u015ffediyor: B\u00fcy\u00fc yasakt\u0131r ama mucizeler Tanr\u0131\u2019dan gelir.&#8221; \u2014 The Washington Post<\/p>\n","protected":false},"excerpt":{"rendered":"<p>2024 GOODREADS OKUR \u00d6D\u00dcLLER\u0130EN \u0130Y\u0130 FANTAZ\u0130 ROMANI F\u0130NAL\u0130ST\u0130Madrid\u2019in par\u0131lt\u0131l\u0131 saraylar\u0131 ve Engizisyon\u2019un karanl\u0131k zindanlar\u0131 aras\u0131nda, bir mucize ya hayat\u0131n\u0131z\u0131 kurtar\u0131r ya da sonunuzu haz\u0131rlar.Luzia Cotado, Madrid\u2019in<span class=\"excerpt-hellip\"> [\u2026]<\/span><\/p>\n","protected":false},"featured_media":0,"template":"","meta":{"_monsterinsights_skip_tracking":false,"_monsterinsights_sitenote_active":false,"_monsterinsights_sitenote_note":"","_monsterinsights_sitenote_category":0},"product_brand":[],"product_cat":[12291,12711],"product_tag":[],"class_list":{"0":"post-782782","1":"product","2":"type-product","3":"status-publish","5":"product_cat-edebiyat","6":"product_cat-roman-oyku","7":"pa_cilt-ciltsiz","8":"pa_tur-kitap","9":"pa_yayinevi-ithaki-yayinlari","10":"pa_yazar-leigh-bardugo","12":"first","13":"instock","14":"sale","15":"shipping-taxable","16":"purchasable","17":"product-type-simple"},"_links":{"self":[{"href":"https:\/\/roveyayinevi.com.tr\/index.php\/wp-json\/wp\/v2\/product\/782782","targetHints":{"allow":["GET"]}}],"collection":[{"href":"https:\/\/roveyayinevi.com.tr\/index.php\/wp-json\/wp\/v2\/product"}],"about":[{"href":"https:\/\/roveyayinevi.com.tr\/index.php\/wp-json\/wp\/v2\/types\/product"}],"wp:attachment":[{"href":"https:\/\/roveyayinevi.com.tr\/index.php\/wp-json\/wp\/v2\/media?parent=782782"}],"wp:term":[{"taxonomy":"product_brand","embeddable":true,"href":"https:\/\/roveyayinevi.com.tr\/index.php\/wp-json\/wp\/v2\/product_brand?post=782782"},{"taxonomy":"product_cat","embeddable":true,"href":"https:\/\/roveyayinevi.com.tr\/index.php\/wp-json\/wp\/v2\/product_cat?post=782782"},{"taxonomy":"product_tag","embeddable":true,"href":"https:\/\/roveyayinevi.com.tr\/index.php\/wp-json\/wp\/v2\/product_tag?post=782782"}],"curies":[{"name":"wp","href":"https:\/\/api.w.org\/{rel}","templated":true}]}}