{"id":782781,"date":"2026-02-23T12:59:37","date_gmt":"2026-02-23T09:59:37","guid":{"rendered":"https:\/\/roveyayinevi.com.tr\/index.php\/urun\/cumhuriyetin-ilk-isiklari-sati-kadin\/"},"modified":"2026-04-03T03:38:08","modified_gmt":"2026-04-03T00:38:08","slug":"cumhuriyetin-ilk-isiklari-sati-kadin","status":"publish","type":"product","link":"https:\/\/roveyayinevi.com.tr\/index.php\/urun\/cumhuriyetin-ilk-isiklari-sati-kadin\/","title":{"rendered":"Cumhuriyetin \u0130lk I\u015f\u0131klar\u0131: Sat\u0131 Kad\u0131n"},"content":{"rendered":"<p>Bir halk kahraman\u0131n\u0131n tarladan TBMM\u2019ye uzanan hik\u00e2yesi&#8230; Mavisel Yener\u2019in yazd\u0131\u011f\u0131 Cumhuriyetin \u0130lk I\u015f\u0131klar\u0131: Sat\u0131 Kad\u0131n, tarihimizdeki kad\u0131n k\u00f6y muhtarlar\u0131ndan ve T\u00fcrkiye Cumhuriyeti\u2019nin ilk kad\u0131n milletvekillerinden Hat\u0131 (Sat\u0131) \u00c7\u0131rpan\u2019\u0131n yakt\u0131\u011f\u0131 me\u015faleyi g\u00fcn\u00fcm\u00fcz \u00e7ocuklar\u0131na ta\u015f\u0131yan, ilham verici bir roman. Atat\u00fcrk\u2019\u00fcn izinden y\u00fcr\u00fcyerek k\u00f6y d\u00fczenini de\u011fi\u015ftirmeye ant i\u00e7en bir k\u00f6y kad\u0131n\u0131n\u0131n ya\u015fam\u0131ndan kesitler sunan kitap, y\u00fczy\u0131llard\u0131r erkek egemenli\u011fi alt\u0131nda \u015fekillenen siyaset d\u00fcnyas\u0131nda kad\u0131nlar\u0131n se\u00e7me ve se\u00e7ilme hakk\u0131n\u0131n \u00f6nemine vurgu yap\u0131yor. Cumhuriyetin \u0131\u015f\u0131\u011f\u0131 Anadolu\u2019nun d\u00f6rt bir yan\u0131na yay\u0131lm\u0131\u015f, de\u011fi\u015fimin r\u00fczg\u00e2r\u0131 ta Kazan K\u00f6y\u00fc\u2019ne kadar ula\u015fm\u0131\u015ft\u0131r. Ve bu k\u00f6yde, ulusal de\u011fi\u015fimin sembol\u00fc say\u0131lacak cesur bir kad\u0131n ya\u015famaktad\u0131r: Sat\u0131 Kad\u0131n. Atat\u00fcrk\u2019\u00fcn \u201cK\u00f6yl\u00fc kad\u0131n milletin temelidir,\u201d diyerek i\u015faret etti\u011fi; yirmi g\u00fcnde okuma yazma \u00f6\u011frenip k\u00f6yl\u00fcn\u00fcn vekili olarak TBMM\u2019nin yolunu tutan, kad\u0131nlar\u0131 boyunduruk alt\u0131nda ezilmekten kurtaran, halk aras\u0131nda \u201cOkutan Ana\u201d unvan\u0131yla an\u0131lan bir kahraman! Ulu \u00d6nder\u2019e duydu\u011fu sevgiyi ve minneti, \u201cSiz Samsun\u2019a \u00e7\u0131kmadan \u00f6nce biz ya\u015fam\u0131yorduk ki Pa\u015fa\u2019m!\u201d s\u00f6zleriyle ifade ederek tarih kitaplar\u0131na giren Sat\u0131 Kad\u0131n bir belgesel film \u00e7ekimi vesilesiyle yeniden hat\u0131rlan\u0131yor. Ye\u011feni Elif\u2019in an\u0131lar\u0131nda, belgesel y\u00f6netmeni Bar\u0131\u015f\u2019\u0131n kamera ekran\u0131nda y\u0131llar sonra bir kez daha canlanan bu koca y\u00fcrek, topra\u011fa sald\u0131\u011f\u0131 derin k\u00f6klerle cumhuriyetin \u0131\u015f\u0131\u011f\u0131n\u0131 yaymay\u0131 gururla s\u00fcrd\u00fcr\u00fcyor.<\/p>\n","protected":false},"excerpt":{"rendered":"<p>Bir halk kahraman\u0131n\u0131n tarladan TBMM\u2019ye uzanan hik\u00e2yesi&#8230; Mavisel Yener\u2019in yazd\u0131\u011f\u0131 Cumhuriyetin \u0130lk I\u015f\u0131klar\u0131: Sat\u0131 Kad\u0131n, tarihimizdeki kad\u0131n k\u00f6y muhtarlar\u0131ndan ve T\u00fcrkiye Cumhuriyeti\u2019nin ilk kad\u0131n milletvekillerinden Hat\u0131<span class=\"excerpt-hellip\"> [\u2026]<\/span><\/p>\n","protected":false},"featured_media":0,"template":"","meta":{"_monsterinsights_skip_tracking":false,"_monsterinsights_sitenote_active":false,"_monsterinsights_sitenote_note":"","_monsterinsights_sitenote_category":0},"product_brand":[],"product_cat":[12291,12711],"product_tag":[],"class_list":{"0":"post-782781","1":"product","2":"type-product","3":"status-publish","5":"product_cat-edebiyat","6":"product_cat-roman-oyku","7":"pa_cilt-ciltsiz","8":"pa_tur-kitap","9":"pa_yayinevi-tudem-yayinlari","10":"pa_yazar-mavisel-yener","12":"first","13":"instock","14":"sale","15":"shipping-taxable","16":"purchasable","17":"product-type-simple"},"_links":{"self":[{"href":"https:\/\/roveyayinevi.com.tr\/index.php\/wp-json\/wp\/v2\/product\/782781","targetHints":{"allow":["GET"]}}],"collection":[{"href":"https:\/\/roveyayinevi.com.tr\/index.php\/wp-json\/wp\/v2\/product"}],"about":[{"href":"https:\/\/roveyayinevi.com.tr\/index.php\/wp-json\/wp\/v2\/types\/product"}],"wp:attachment":[{"href":"https:\/\/roveyayinevi.com.tr\/index.php\/wp-json\/wp\/v2\/media?parent=782781"}],"wp:term":[{"taxonomy":"product_brand","embeddable":true,"href":"https:\/\/roveyayinevi.com.tr\/index.php\/wp-json\/wp\/v2\/product_brand?post=782781"},{"taxonomy":"product_cat","embeddable":true,"href":"https:\/\/roveyayinevi.com.tr\/index.php\/wp-json\/wp\/v2\/product_cat?post=782781"},{"taxonomy":"product_tag","embeddable":true,"href":"https:\/\/roveyayinevi.com.tr\/index.php\/wp-json\/wp\/v2\/product_tag?post=782781"}],"curies":[{"name":"wp","href":"https:\/\/api.w.org\/{rel}","templated":true}]}}