{"id":782779,"date":"2026-02-23T12:59:33","date_gmt":"2026-02-23T09:59:33","guid":{"rendered":"https:\/\/roveyayinevi.com.tr\/index.php\/urun\/antroposende-kapitalizm-ekolojik-felaket-mi-ekolojik-medeniyet-mi\/"},"modified":"2026-04-15T03:46:09","modified_gmt":"2026-04-15T00:46:09","slug":"antroposende-kapitalizm-ekolojik-felaket-mi-ekolojik-medeniyet-mi","status":"publish","type":"product","link":"https:\/\/roveyayinevi.com.tr\/index.php\/urun\/antroposende-kapitalizm-ekolojik-felaket-mi-ekolojik-medeniyet-mi\/","title":{"rendered":"Antroposen\u2019de Kapitalizm \u2013 Ekolojik Felaket mi Ekolojik Medeniyet mi?"},"content":{"rendered":"<p>Bug\u00fcnk\u00fc yayg\u0131n kabul, Holosen Devresi\u2019nin jeolojik tarihteki yerini insanlar\u0131n gitgide di\u011fer b\u00fct\u00fcn etkenleri g\u00f6lgede b\u0131rakarak Yery\u00fcz\u00fc Sistemi\u2019ni etkileyen ana jeolojik kuvvet haline geldi\u011fi Antroposen adl\u0131 yeni bir jeolojik devrenin ald\u0131\u011f\u0131 y\u00f6n\u00fcndedir. Antroposen, insanl\u0131k tarihinde bir B\u00fcy\u00fck D\u00f6neme\u00e7\u2019i ya da devreler aras\u0131 ge\u00e7i\u015f \u00e7a\u011f\u0131n\u0131 temsil eder. Tarihsel sosyal bilimler a\u00e7\u0131s\u0131ndan bak\u0131ld\u0131\u011f\u0131nda, bu bizi temel bir problemle kar\u015f\u0131 kar\u015f\u0131ya b\u0131rak\u0131r: uygarl\u0131k krizi. Kapitalist d\u00fczenin normal seyrine devam etmesiyle Yery\u00fcz\u00fc Sistemi\u2019nde gitgide b\u00fcy\u00fcyen yar\u0131k, insan uygarl\u0131\u011f\u0131n\u0131n geli\u015fmi\u015f ve d\u00fczenli bir toplum olarak h\u00fck\u00fcm s\u00fcrd\u00fc\u011f\u00fc b\u00fct\u00fcn \u00e2lemi tehdit etmekle kalmaz; say\u0131s\u0131z ba\u015fka t\u00fcrlerin yan\u0131 s\u0131ra bizzat insan\u0131n ya\u015fam ko\u015fullar\u0131n\u0131 da ortadan kald\u0131rma potansiyeli ta\u015f\u0131r. Bu y\u00f6nden Antroposen e\u015fi benzeri g\u00f6r\u00fclmemi\u015f bir m\u00fccadeleyi temsil eder. G\u00fcn\u00fcm\u00fczde, k\u00fcresel ekolojik kriz s\u0131k s\u0131k dile getirilen bir ifadedir. Ancak kriz kavram\u0131, hayat\u0131m\u0131z\u0131n bir par\u00e7as\u0131 olsa da, Antroposen Devresi\u2019nde insanl\u0131\u011f\u0131n ge\u00e7mek zorunda oldu\u011fu ekolojik imtihan\u0131 b\u00fct\u00fcn kapsam\u0131yla kar\u015f\u0131lamakta tek ba\u015f\u0131na yetersiz kal\u0131r. Yery\u00fcz\u00fc Sistemi\u2019nde, insanl\u0131k ile do\u011fan\u0131n sosyal metabolizmas\u0131nda radikal bir d\u00f6n\u00fc\u015f\u00fcm gerektiren uzatmal\u0131 bir ola\u011fan\u00fcst\u00fc hal d\u00f6neminden ge\u00e7iyoruz. Bug\u00fcn Antroposen krizi, Yery\u00fcz\u00fc Sistemi\u2019nde olu\u015fan ve gezegensel s\u0131n\u0131rlar\u0131 zorlayarak uygarl\u0131\u011f\u0131 ve -bizimki de dahil olmak \u00fczere- say\u0131s\u0131z t\u00fcr\u00fc tehlikeye atan bir \u201cantropojenik -insan kaynakl\u0131- yar\u0131k\u201d olarak nitelendiriliyor. Tarihsel materyalist bir perspektiften bak\u0131ld\u0131\u011f\u0131nda; Antroposen\u2019in ortaya koydu\u011fu tehdide g\u00f6\u011f\u00fcs gerebilmek i\u00e7in, devrimci bir tutumla h\u0131zland\u0131r\u0131lmas\u0131 gereken toplumsal-\u00e7evresel bir ge\u00e7i\u015f mevzubahistir. B\u00f6yle bir ekolojik ve toplumsal devrim ise muhakkak her t\u00fcrden ilerleme ve gerilemeyi i\u00e7eren kademeler halinde ilerleyen uzun bir s\u00fcrece tekab\u00fcl edecektir.<\/p>\n","protected":false},"excerpt":{"rendered":"<p>Bug\u00fcnk\u00fc yayg\u0131n kabul, Holosen Devresi\u2019nin jeolojik tarihteki yerini insanlar\u0131n gitgide di\u011fer b\u00fct\u00fcn etkenleri g\u00f6lgede b\u0131rakarak Yery\u00fcz\u00fc Sistemi\u2019ni etkileyen ana jeolojik kuvvet haline geldi\u011fi Antroposen adl\u0131 yeni<span class=\"excerpt-hellip\"> [\u2026]<\/span><\/p>\n","protected":false},"featured_media":0,"template":"","meta":{"_monsterinsights_skip_tracking":false,"_monsterinsights_sitenote_active":false,"_monsterinsights_sitenote_note":"","_monsterinsights_sitenote_category":0},"product_brand":[],"product_cat":[13488],"product_tag":[],"class_list":{"0":"post-782779","1":"product","2":"type-product","3":"status-publish","5":"product_cat-toplum-ve-insan","6":"pa_cilt-ciltsiz","7":"pa_tur-kitap","8":"pa_yayinevi-kalkedon-yayincilik","9":"pa_yazar-john-bellamy-foster","11":"first","12":"instock","13":"sale","14":"shipping-taxable","15":"purchasable","16":"product-type-simple"},"_links":{"self":[{"href":"https:\/\/roveyayinevi.com.tr\/index.php\/wp-json\/wp\/v2\/product\/782779","targetHints":{"allow":["GET"]}}],"collection":[{"href":"https:\/\/roveyayinevi.com.tr\/index.php\/wp-json\/wp\/v2\/product"}],"about":[{"href":"https:\/\/roveyayinevi.com.tr\/index.php\/wp-json\/wp\/v2\/types\/product"}],"wp:attachment":[{"href":"https:\/\/roveyayinevi.com.tr\/index.php\/wp-json\/wp\/v2\/media?parent=782779"}],"wp:term":[{"taxonomy":"product_brand","embeddable":true,"href":"https:\/\/roveyayinevi.com.tr\/index.php\/wp-json\/wp\/v2\/product_brand?post=782779"},{"taxonomy":"product_cat","embeddable":true,"href":"https:\/\/roveyayinevi.com.tr\/index.php\/wp-json\/wp\/v2\/product_cat?post=782779"},{"taxonomy":"product_tag","embeddable":true,"href":"https:\/\/roveyayinevi.com.tr\/index.php\/wp-json\/wp\/v2\/product_tag?post=782779"}],"curies":[{"name":"wp","href":"https:\/\/api.w.org\/{rel}","templated":true}]}}