{"id":782774,"date":"2026-02-23T12:59:23","date_gmt":"2026-02-23T09:59:23","guid":{"rendered":"https:\/\/roveyayinevi.com.tr\/index.php\/urun\/kisaca-tip-buyuk-fikirler-arasinda-yolculuk-fleksi-kapak\/"},"modified":"2026-04-15T03:46:08","modified_gmt":"2026-04-15T00:46:08","slug":"kisaca-tip-buyuk-fikirler-arasinda-yolculuk-fleksi-kapak","status":"publish","type":"product","link":"https:\/\/roveyayinevi.com.tr\/index.php\/urun\/kisaca-tip-buyuk-fikirler-arasinda-yolculuk-fleksi-kapak\/","title":{"rendered":"K\u0131saca T\u0131p B\u00fcy\u00fck Fikirler Aras\u0131nda Yolculuk (Fleksi Kapak)"},"content":{"rendered":"<p>K\u0131saca T\u0131p, modern t\u0131bb\u0131n h\u0131zla geli\u015fen ve s\u00fcrekli yenilenen bilgi alan\u0131nda g\u00fcvenilir bir ba\u015flang\u0131\u00e7 noktas\u0131 sunar. Klinik ara\u015ft\u0131rmalardan mikrobiyom \u00e7al\u0131\u015fmalar\u0131na, antibiyotik direncinin k\u00fcresel etkilerinden a\u015f\u0131 kar\u015f\u0131tl\u0131\u011f\u0131n\u0131n modern halk sa\u011fl\u0131\u011f\u0131na yans\u0131malar\u0131na kadar uzanan geni\u015f bir \u00e7er\u00e7evede, t\u0131bb\u0131n g\u00fcncel sorunlar\u0131n\u0131 ve temel kavramlar\u0131n\u0131 ele al\u0131r. Bu eser, alan\u0131n uzmanlar\u0131 taraf\u0131ndan haz\u0131rlanm\u0131\u015f elli kritik soruyu merkezine alarak okura, t\u0131bbi d\u00fc\u015f\u00fcncenin yap\u0131 ta\u015flar\u0131n\u0131 sistematik bir b\u00fct\u00fcnl\u00fckle kavrama olana\u011f\u0131 tan\u0131r. Her soru, karma\u015f\u0131k klinik s\u00fcre\u00e7leri anla\u015f\u0131l\u0131r h\u00e2le getiren a\u00e7\u0131k yan\u0131tlarla yap\u0131land\u0131r\u0131lm\u0131\u015f; grafikler, kavram haritalar\u0131 ve ili\u015fkileri g\u00f6steren yol haritas\u0131 s\u00f6zl\u00fckleriyle desteklenerek \u00f6\u011frenme s\u00fcrecine hem g\u00f6rsel hem de analitik bir derinlik kazand\u0131r\u0131lm\u0131\u015ft\u0131r. K\u0131saca T\u0131p, modern t\u0131bb\u0131n entelekt\u00fcel manzaras\u0131nda yolunu disiplinli bir bi\u00e7imde \u00e7izmek isteyen herkes i\u00e7in g\u00fcvenilir bir rehber niteli\u011findedir.<\/p>\n","protected":false},"excerpt":{"rendered":"<p>K\u0131saca T\u0131p, modern t\u0131bb\u0131n h\u0131zla geli\u015fen ve s\u00fcrekli yenilenen bilgi alan\u0131nda g\u00fcvenilir bir ba\u015flang\u0131\u00e7 noktas\u0131 sunar. Klinik ara\u015ft\u0131rmalardan mikrobiyom \u00e7al\u0131\u015fmalar\u0131na, antibiyotik direncinin k\u00fcresel etkilerinden a\u015f\u0131 kar\u015f\u0131tl\u0131\u011f\u0131n\u0131n<span class=\"excerpt-hellip\"> [\u2026]<\/span><\/p>\n","protected":false},"featured_media":0,"template":"","meta":{"_monsterinsights_skip_tracking":false,"_monsterinsights_sitenote_active":false,"_monsterinsights_sitenote_note":"","_monsterinsights_sitenote_category":0},"product_brand":[],"product_cat":[13365],"product_tag":[],"class_list":{"0":"post-782774","1":"product","2":"type-product","3":"status-publish","5":"product_cat-saglik","6":"pa_cilt-ciltsiz","7":"pa_tur-kitap","8":"pa_yayinevi-literatur-yayinevi","9":"pa_yazar-adam-rodman","11":"first","12":"instock","13":"sale","14":"shipping-taxable","15":"purchasable","16":"product-type-simple"},"_links":{"self":[{"href":"https:\/\/roveyayinevi.com.tr\/index.php\/wp-json\/wp\/v2\/product\/782774","targetHints":{"allow":["GET"]}}],"collection":[{"href":"https:\/\/roveyayinevi.com.tr\/index.php\/wp-json\/wp\/v2\/product"}],"about":[{"href":"https:\/\/roveyayinevi.com.tr\/index.php\/wp-json\/wp\/v2\/types\/product"}],"wp:attachment":[{"href":"https:\/\/roveyayinevi.com.tr\/index.php\/wp-json\/wp\/v2\/media?parent=782774"}],"wp:term":[{"taxonomy":"product_brand","embeddable":true,"href":"https:\/\/roveyayinevi.com.tr\/index.php\/wp-json\/wp\/v2\/product_brand?post=782774"},{"taxonomy":"product_cat","embeddable":true,"href":"https:\/\/roveyayinevi.com.tr\/index.php\/wp-json\/wp\/v2\/product_cat?post=782774"},{"taxonomy":"product_tag","embeddable":true,"href":"https:\/\/roveyayinevi.com.tr\/index.php\/wp-json\/wp\/v2\/product_tag?post=782774"}],"curies":[{"name":"wp","href":"https:\/\/api.w.org\/{rel}","templated":true}]}}