{"id":782773,"date":"2026-02-23T12:59:22","date_gmt":"2026-02-23T09:59:22","guid":{"rendered":"https:\/\/roveyayinevi.com.tr\/index.php\/urun\/marxin-grundrissesi-icin-kilavuz\/"},"modified":"2026-04-15T03:46:08","modified_gmt":"2026-04-15T00:46:08","slug":"marxin-grundrissesi-icin-kilavuz","status":"publish","type":"product","link":"https:\/\/roveyayinevi.com.tr\/index.php\/urun\/marxin-grundrissesi-icin-kilavuz\/","title":{"rendered":"Marx&#8217;\u0131n Grundrisse&#8217;si \u0130\u00e7in K\u0131lavuz"},"content":{"rendered":"<p>Karl Marx\u2019\u0131n 1857-58\u2019de tuttu\u011fu defterlerden olu\u015fan ve o d\u00f6nemki ekonomik kriz nedeniyle giri\u015fti\u011fi siyasal iktisatla hesapla\u015fma tasar\u0131s\u0131n\u0131n meyvesi olan Grundrisse, Marx\u2019\u0131n d\u00fc\u015f\u00fcncesinin anla\u015f\u0131lmas\u0131 i\u00e7in kilit \u00f6nem ta\u015f\u0131yan metinlerden biri. Marx\u2019\u0131 anlamaya bir \u00f6m\u00fcr vermi\u015f Harvey, d\u00fcnyay\u0131 bir s\u00fcreli\u011fine durdurmu\u015f olan COVID-19 salg\u0131n\u0131 s\u0131ras\u0131nda kaleme ald\u0131\u011f\u0131 Grundrisse \u0130\u00e7in K\u0131lavuz\u2019daki amac\u0131n\u0131 \u201cMarx\u2019\u0131n d\u00fc\u015f\u00fcnme bi\u00e7imine bir kap\u0131 a\u00e7mak ve olabildi\u011fince \u00e7ok insan\u0131 bu kap\u0131dan ge\u00e7meye cesaretlendirmek\u201d diye tan\u0131ml\u0131yor. Yorumunu okura dayatmayan ama ister istemez yazar\u0131n kendi deneyim ve bilgisiyle \u015fekillenmi\u015f bir okuma sunuyor. David Harvey, Marx\u2019\u0131n \u00e7ok erken bir tarihte fark etti\u011fi \u00fczere, sermayenin kendi i\u00e7 yasalar\u0131 nedeniyle s\u00fcrekli b\u00fcy\u00fcmek zorunda oldu\u011funu, dolay\u0131s\u0131yla k\u00e2r oran\u0131 d\u00fc\u015ferken k\u00e2r hacmini y\u00fckseltmek, bu u\u011furda emek\u00e7ileri \u00e7al\u0131\u015ft\u0131r\u0131p bir yandan da \u00fcr\u00fcnlerini t\u00fcketecek pazar\u0131n bir par\u00e7as\u0131 olarak kullanmak, o pazar\u0131 geni\u015fletmek i\u00e7in bilim ve teknoloji yard\u0131m\u0131yla \u00fcretimi art\u0131r\u0131rken ileti\u015fim ve ula\u015f\u0131m\u0131 kolayla\u015ft\u0131rarak b\u00fct\u00fcn d\u00fcnyay\u0131 hem hammadde kayna\u011f\u0131 olarak s\u00f6m\u00fcrmek hem pazar haline getirmek, art\u0131k sermayeyi nemaland\u0131rmak ad\u0131na benzeri g\u00f6r\u00fclmemi\u015f b\u00fcy\u00fckl\u00fcklerde kentler in\u015fa etmek, vb. i\u00e7in u\u011fra\u015ft\u0131\u011f\u0131n\u0131, ama kapitalizmin s\u0131n\u0131rlar\u0131n\u0131n ve ondan kurtulma imk\u00e2n\u0131m\u0131z\u0131n da yine bu yasalara i\u00e7kin oldu\u011funu \u00e7ok g\u00fczel anlat\u0131yor. Marx\u2019\u0131n eseriyle birlikte, yirmi birinci y\u00fczy\u0131l\u0131n ilk \u00e7eyre\u011fini geride b\u0131rak\u0131rken i\u00e7inde ya\u015fad\u0131\u011f\u0131m\u0131z d\u00fcnyay\u0131 anlamak i\u00e7in \u00e7ok de\u011ferli bir k\u0131lavuz. YAZAR HAKKINDA: 1935 \u0130ngiltere do\u011fumlu. 1961\u2019de Cambridge \u00dcniversitesi\u2019nde co\u011frafya alan\u0131nda doktoras\u0131n\u0131 tamamlad\u0131. Bristol \u00dcniversitesi\u2019ndeki \u00e7al\u0131\u015fmalar\u0131n\u0131n ard\u0131ndan 1969\u2019da ABD, Baltimore\u2019daki Johns Hopkins \u00dcniversitesi\u2019ne ge\u00e7ti. \u00c7e\u015fitli \u00fcniversitelerde dersler ve konferanslar verdi\u011fi akademik \u00e7al\u0131\u015fmalar\u0131 i\u00e7inde say\u0131s\u0131z makaleye ve \u00e7ok ses getiren, bir\u00e7ok dile \u00e7evrilen kitaplara imza att\u0131. 2001\u2019de City University of New York\u2019ta \u00e7al\u0131\u015fmaya ba\u015flad\u0131. Harvey\u2019in \u00e7al\u0131\u015fmalar\u0131n\u0131n en \u00f6nemli \u00f6zelli\u011fi, Marksist kurama uzamsall\u0131k fikrini dahil etmesi, eklemlemesi olmu\u015ftur. Harvey\u2019in T\u00fcrk\u00e7eye \u00e7evrilen ilk kitab\u0131 Postmodernli\u011fin Durumu\u2019dur (Metis, 1997). Metis\u2019te yay\u0131mlad\u0131\u011f\u0131m\u0131z di\u011fer kitaplar\u0131 \u015funlard\u0131r: Sosyal Adalet ve \u015eehir (2003), Umut Mek\u00e2nlar\u0131 (2008), Marx&#8217;\u0131n Kapital&#8217;i \u0130\u00e7in K\u0131lavuz, Birinci Cilt (2012), Asi \u015eehirler (2013), Marx&#8217;\u0131n Kapital&#8217;i \u0130\u00e7in K\u0131lavuz, \u0130kinci Cilt (2021).<\/p>\n","protected":false},"excerpt":{"rendered":"<p>Karl Marx\u2019\u0131n 1857-58\u2019de tuttu\u011fu defterlerden olu\u015fan ve o d\u00f6nemki ekonomik kriz nedeniyle giri\u015fti\u011fi siyasal iktisatla hesapla\u015fma tasar\u0131s\u0131n\u0131n meyvesi olan Grundrisse, Marx\u2019\u0131n d\u00fc\u015f\u00fcncesinin anla\u015f\u0131lmas\u0131 i\u00e7in kilit \u00f6nem<span class=\"excerpt-hellip\"> [\u2026]<\/span><\/p>\n","protected":false},"featured_media":0,"template":"","meta":{"_monsterinsights_skip_tracking":false,"_monsterinsights_sitenote_active":false,"_monsterinsights_sitenote_note":"","_monsterinsights_sitenote_category":0},"product_brand":[],"product_cat":[14841,13043],"product_tag":[],"class_list":{"0":"post-782773","1":"product","2":"type-product","3":"status-publish","5":"product_cat-arastirma-inceleme-kuram","6":"product_cat-ekonomi","7":"pa_cilt-ciltsiz","8":"pa_tur-kitap","9":"pa_yayinevi-metis-yayinlari","10":"pa_yazar-david-harvey","12":"first","13":"instock","14":"sale","15":"shipping-taxable","16":"purchasable","17":"product-type-simple"},"_links":{"self":[{"href":"https:\/\/roveyayinevi.com.tr\/index.php\/wp-json\/wp\/v2\/product\/782773","targetHints":{"allow":["GET"]}}],"collection":[{"href":"https:\/\/roveyayinevi.com.tr\/index.php\/wp-json\/wp\/v2\/product"}],"about":[{"href":"https:\/\/roveyayinevi.com.tr\/index.php\/wp-json\/wp\/v2\/types\/product"}],"wp:attachment":[{"href":"https:\/\/roveyayinevi.com.tr\/index.php\/wp-json\/wp\/v2\/media?parent=782773"}],"wp:term":[{"taxonomy":"product_brand","embeddable":true,"href":"https:\/\/roveyayinevi.com.tr\/index.php\/wp-json\/wp\/v2\/product_brand?post=782773"},{"taxonomy":"product_cat","embeddable":true,"href":"https:\/\/roveyayinevi.com.tr\/index.php\/wp-json\/wp\/v2\/product_cat?post=782773"},{"taxonomy":"product_tag","embeddable":true,"href":"https:\/\/roveyayinevi.com.tr\/index.php\/wp-json\/wp\/v2\/product_tag?post=782773"}],"curies":[{"name":"wp","href":"https:\/\/api.w.org\/{rel}","templated":true}]}}