{"id":782772,"date":"2026-02-23T12:59:20","date_gmt":"2026-02-23T09:59:20","guid":{"rendered":"https:\/\/roveyayinevi.com.tr\/index.php\/urun\/o-sene-1975-76-trabzonsporun-ilk-sampiyonlugunun-hikayesi\/"},"modified":"2026-04-15T03:46:08","modified_gmt":"2026-04-15T00:46:08","slug":"o-sene-1975-76-trabzonsporun-ilk-sampiyonlugunun-hikayesi","status":"publish","type":"product","link":"https:\/\/roveyayinevi.com.tr\/index.php\/urun\/o-sene-1975-76-trabzonsporun-ilk-sampiyonlugunun-hikayesi\/","title":{"rendered":"O Sene 1975 76 Trabzonspor&#8217;un \u0130lk \u015eampiyonlu\u011funun Hikayesi"},"content":{"rendered":"<p>\u201c\u0130lk \u015fampiyonlu\u011fumuzu kazan\u0131p T\u00fcrk futbolunda bir milat olu\u015fturdu\u011fumuz sezonun bende iz b\u0131rakan ve k\u0131r\u0131lma noktalar\u0131 olarak kabul etti\u011fim ma\u00e7lar\u0131n\u0131 hi\u00e7 unutamam\u0131\u015f\u0131md\u0131r. \u0130lki, 3 A\u011fustos 1975 gecesi \u0130n\u00f6n\u00fc\u2019de oynanan ve Fenerbah\u00e7e\u2019yi 2-0 ma\u011flup etti\u011fimiz j\u00fcbile ma\u00e7\u0131d\u0131r\u2026 Ma\u00e7\u0131n sonucunu Yalova\u2019da bulunan Devlet \u00dcretme \u00c7iftlikleri kamp\u0131nda alt\u0131 ki\u015filik \u00e7ift oturakl\u0131 bir sal\u0131ncakta sallan\u0131p 20 ya\u015f\u0131ndaki yeni parlayan \u015fark\u0131c\u0131 Nil\u00fcfer\u2019in ilk alb\u00fcm\u00fcnde yer alan \u2018G\u00f6receksin Kendini\u2019 \u015fark\u0131s\u0131n\u0131 dinlerken \u00f6\u011frendi\u011fimde \u00e7ok sevinmi\u015f ve bamba\u015fka bir sezon ya\u015fayaca\u011f\u0131m\u0131z\u0131 co\u015fkuyla hissetmi\u015ftim.\u201d Trabzonspor, 1976-1984 aras\u0131ndaki 9 y\u0131l\u0131n 6\u2019s\u0131n\u0131 \u015fampiyon bitirdi. Bordo-mavili taraftarlar ondan sonra, uzun y\u0131llar defalarca \u201co sene bu sene\u201d diye \u00fcmitleneceklerdi. Bu kitapta Hakan Kula\u00e7o\u011flu, 50. y\u0131ld\u00f6n\u00fcm\u00fcnde, ilk \u015fampiyonluk sezonunu anlat\u0131yor. O Sene: 1975-76, basit\u00e7e bir futbol sezonunun hik\u00e2yesi de\u011fil. Hem t\u00fcm\u00fcyle spor \u00e2lemine bir ku\u015fbak\u0131\u015f\u0131\u2026 Hem de t\u00fcm\u00fcyle bir y\u0131l\u0131n panoramas\u0131\u2026 Milliyet\u00e7i Cephe h\u00fck\u00fcmetinden CHP ve Ecevit\u2019in muhalefetine, \u00f6\u011frenci olaylar\u0131na, g\u00fcndelik hayattan sinemaya, magazine bir \u201czaman\u0131n ruhu\u201d anlat\u0131s\u0131. 50 y\u0131l \u00f6nceki T\u00fcrkiye\u2019nin, 50 y\u0131l \u00f6nceki futbol ortam\u0131n\u0131n ve milat niteli\u011finde bir \u015fampiyonlu\u011fun hik\u00e2yesi\u2026<\/p>\n","protected":false},"excerpt":{"rendered":"<p>\u201c\u0130lk \u015fampiyonlu\u011fumuzu kazan\u0131p T\u00fcrk futbolunda bir milat olu\u015fturdu\u011fumuz sezonun bende iz b\u0131rakan ve k\u0131r\u0131lma noktalar\u0131 olarak kabul etti\u011fim ma\u00e7lar\u0131n\u0131 hi\u00e7 unutamam\u0131\u015f\u0131md\u0131r. \u0130lki, 3 A\u011fustos 1975 gecesi<span class=\"excerpt-hellip\"> [\u2026]<\/span><\/p>\n","protected":false},"featured_media":0,"template":"","meta":{"_monsterinsights_skip_tracking":false,"_monsterinsights_sitenote_active":false,"_monsterinsights_sitenote_note":"","_monsterinsights_sitenote_category":0},"product_brand":[],"product_cat":[15563,15564],"product_tag":[],"class_list":{"0":"post-782772","1":"product","2":"type-product","3":"status-publish","5":"product_cat-hobi","6":"product_cat-spor","7":"pa_cilt-ciltsiz","8":"pa_tur-kitap","9":"pa_yayinevi-iletisim-yayinlari","10":"pa_yazar-hakan-kulacoglu","12":"first","13":"instock","14":"sale","15":"shipping-taxable","16":"purchasable","17":"product-type-simple"},"_links":{"self":[{"href":"https:\/\/roveyayinevi.com.tr\/index.php\/wp-json\/wp\/v2\/product\/782772","targetHints":{"allow":["GET"]}}],"collection":[{"href":"https:\/\/roveyayinevi.com.tr\/index.php\/wp-json\/wp\/v2\/product"}],"about":[{"href":"https:\/\/roveyayinevi.com.tr\/index.php\/wp-json\/wp\/v2\/types\/product"}],"wp:attachment":[{"href":"https:\/\/roveyayinevi.com.tr\/index.php\/wp-json\/wp\/v2\/media?parent=782772"}],"wp:term":[{"taxonomy":"product_brand","embeddable":true,"href":"https:\/\/roveyayinevi.com.tr\/index.php\/wp-json\/wp\/v2\/product_brand?post=782772"},{"taxonomy":"product_cat","embeddable":true,"href":"https:\/\/roveyayinevi.com.tr\/index.php\/wp-json\/wp\/v2\/product_cat?post=782772"},{"taxonomy":"product_tag","embeddable":true,"href":"https:\/\/roveyayinevi.com.tr\/index.php\/wp-json\/wp\/v2\/product_tag?post=782772"}],"curies":[{"name":"wp","href":"https:\/\/api.w.org\/{rel}","templated":true}]}}