{"id":782768,"date":"2026-02-23T12:59:12","date_gmt":"2026-02-23T09:59:12","guid":{"rendered":"https:\/\/roveyayinevi.com.tr\/index.php\/urun\/anakonda-ve-diger-oykuler\/"},"modified":"2026-04-15T03:46:08","modified_gmt":"2026-04-15T00:46:08","slug":"anakonda-ve-diger-oykuler","status":"publish","type":"product","link":"https:\/\/roveyayinevi.com.tr\/index.php\/urun\/anakonda-ve-diger-oykuler\/","title":{"rendered":"Anakonda ve Di\u011fer \u00d6yk\u00fcler"},"content":{"rendered":"<p>Latin Amerika edebiyat\u0131n\u0131n en b\u00fcy\u00fck \u00f6yk\u00fcc\u00fclerinden biri say\u0131lan Horacio Quiroga, tropikal d\u00fcnyan\u0131n karanl\u0131k yanlar\u0131n\u0131 anlat\u0131yor Anakonda ve Di\u011fer \u00d6yk\u00fcler\u2019de. Nehirler, y\u0131lanlar, kaplanlar ve u\u00e7suz bucaks\u0131z bir orman\u2026 Do\u011fan\u0131n tam kalbinde, t\u00fcyleri diken diken eden bir tekinsizli\u011fin i\u00e7inde, insanlar ve hayvanlar hayatta kalma ile teslimiyet aras\u0131ndaki o ince hatta y\u00fcr\u00fcmeye ba\u015fl\u0131yor. Quiroga\u2019n\u0131n kurdu\u011fu d\u00fcnyada, orman, \u00f6yk\u00fclerin egzotik bir dekoru olmaktan \u00e7\u0131k\u0131yor, adeta haf\u0131zas\u0131 ve bilinci olan bir canl\u0131ya d\u00f6n\u00fc\u015f\u00fcyor. Okur yava\u015f yava\u015f hareket halindeki bu yap\u0131n\u0131n i\u00e7ine \u00e7ekiliyor; y\u0131lanlar\u0131n t\u0131slamas\u0131n\u0131, suyun ak\u0131\u015f\u0131n\u0131, g\u00f6lgelerin bir g\u00f6r\u00fcn\u00fcp bir kaybolmas\u0131n\u0131 takip ediyor. Anakonda ve Di\u011fer \u00d6yk\u00fcler, do\u011fan\u0131n g\u00fczelli\u011fi ile deh\u015feti aras\u0131ndaki s\u0131n\u0131r\u0131 ortadan kald\u0131ran bir kitap. \u201cQuiroga, Latin Amerika edebiyat\u0131 tarihinin en sayg\u0131n ve en \u00e7ok okunan yazarlar\u0131ndan biridir ve bir\u00e7oklar\u0131 onu Jorge Luis Borges ve Julio Cort\u00e1zar \u00f6ncesi d\u00f6nemin en \u00f6nde gelen \u00f6yk\u00fc yazar\u0131 olarak g\u00f6r\u00fcr.\u201d Ke\u0131th Brower<\/p>\n","protected":false},"excerpt":{"rendered":"<p>Latin Amerika edebiyat\u0131n\u0131n en b\u00fcy\u00fck \u00f6yk\u00fcc\u00fclerinden biri say\u0131lan Horacio Quiroga, tropikal d\u00fcnyan\u0131n karanl\u0131k yanlar\u0131n\u0131 anlat\u0131yor Anakonda ve Di\u011fer \u00d6yk\u00fcler\u2019de. Nehirler, y\u0131lanlar, kaplanlar ve u\u00e7suz bucaks\u0131z bir<span class=\"excerpt-hellip\"> [\u2026]<\/span><\/p>\n","protected":false},"featured_media":0,"template":"","meta":{"_monsterinsights_skip_tracking":false,"_monsterinsights_sitenote_active":false,"_monsterinsights_sitenote_note":"","_monsterinsights_sitenote_category":0},"product_brand":[],"product_cat":[12291,18202],"product_tag":[],"class_list":{"0":"post-782768","1":"product","2":"type-product","3":"status-publish","5":"product_cat-edebiyat","6":"product_cat-hikaye","7":"pa_cilt-ciltsiz","8":"pa_tur-kitap","9":"pa_yayinevi-iletisim-yayinlari","10":"pa_yazar-horacio-quiroga","12":"first","13":"instock","14":"sale","15":"shipping-taxable","16":"purchasable","17":"product-type-simple"},"_links":{"self":[{"href":"https:\/\/roveyayinevi.com.tr\/index.php\/wp-json\/wp\/v2\/product\/782768","targetHints":{"allow":["GET"]}}],"collection":[{"href":"https:\/\/roveyayinevi.com.tr\/index.php\/wp-json\/wp\/v2\/product"}],"about":[{"href":"https:\/\/roveyayinevi.com.tr\/index.php\/wp-json\/wp\/v2\/types\/product"}],"wp:attachment":[{"href":"https:\/\/roveyayinevi.com.tr\/index.php\/wp-json\/wp\/v2\/media?parent=782768"}],"wp:term":[{"taxonomy":"product_brand","embeddable":true,"href":"https:\/\/roveyayinevi.com.tr\/index.php\/wp-json\/wp\/v2\/product_brand?post=782768"},{"taxonomy":"product_cat","embeddable":true,"href":"https:\/\/roveyayinevi.com.tr\/index.php\/wp-json\/wp\/v2\/product_cat?post=782768"},{"taxonomy":"product_tag","embeddable":true,"href":"https:\/\/roveyayinevi.com.tr\/index.php\/wp-json\/wp\/v2\/product_tag?post=782768"}],"curies":[{"name":"wp","href":"https:\/\/api.w.org\/{rel}","templated":true}]}}