{"id":782767,"date":"2026-02-23T12:59:09","date_gmt":"2026-02-23T09:59:09","guid":{"rendered":"https:\/\/roveyayinevi.com.tr\/index.php\/urun\/milarepa\/"},"modified":"2026-04-15T03:46:08","modified_gmt":"2026-04-15T00:46:08","slug":"milarepa","status":"publish","type":"product","link":"https:\/\/roveyayinevi.com.tr\/index.php\/urun\/milarepa\/","title":{"rendered":"Milarepa"},"content":{"rendered":"<p>Hik\u00e2yenin sonuna geldi\u011fimde daha a\u011f\u0131rdan ald\u0131\u011f\u0131m\u0131 fark ediyorum. Her seferinde daha az korkuyorum.Her \u015fey bir r\u00fcyayla ba\u015flar. Simon, her gece ayn\u0131 sahnede uyan\u0131r; ona yabanc\u0131 bir ge\u00e7mi\u015ften anlam\u0131n\u0131 bilmedi\u011fi bir \u00f6fke ta\u015f\u0131r. G\u00fcnd\u00fcz Paris\u2019te kar\u015f\u0131la\u015ft\u0131\u011f\u0131 tuhaf bir kad\u0131n, ger\u00e7e\u011fi f\u0131s\u0131ldar: Simon, Milarepa\u2019n\u0131n amcas\u0131n\u0131n reenkarnasyonudur.Bu k\u0131s\u0131r d\u00f6ng\u00fcy\u00fc k\u0131rmak i\u00e7in Simon, Milarepa\u2019n\u0131n ve ona zulmeden amcas\u0131n\u0131n hik\u00e2yesini anlatmak zorundad\u0131r. Ancak anlatmak yetmez; onlar\u0131n bedenine, zihnine ve ruhuna girmeli, kendi benli\u011fini bu iki hayatla birle\u015ftirmelidir.Eric-Emmanuel Schmitt, Milarepa\u2019yla Budizm\u2019in ayd\u0131nlanma fikrini edebiyat\u0131n b\u00fcy\u00fcs\u00fcyle bulu\u015fturuyor. Hayat, \u00f6l\u00fcm, iyilik ve k\u00f6t\u00fcl\u00fck \u00fczerine zamans\u0131z sorular soran bu roman,okuru kendi i\u00e7 yolculu\u011funa davet ediyor.<\/p>\n","protected":false},"excerpt":{"rendered":"<p>Hik\u00e2yenin sonuna geldi\u011fimde daha a\u011f\u0131rdan ald\u0131\u011f\u0131m\u0131 fark ediyorum. Her seferinde daha az korkuyorum.Her \u015fey bir r\u00fcyayla ba\u015flar. Simon, her gece ayn\u0131 sahnede uyan\u0131r; ona yabanc\u0131 bir<span class=\"excerpt-hellip\"> [\u2026]<\/span><\/p>\n","protected":false},"featured_media":0,"template":"","meta":{"_monsterinsights_skip_tracking":false,"_monsterinsights_sitenote_active":false,"_monsterinsights_sitenote_note":"","_monsterinsights_sitenote_category":0},"product_brand":[],"product_cat":[12291,12711],"product_tag":[],"class_list":{"0":"post-782767","1":"product","2":"type-product","3":"status-publish","5":"product_cat-edebiyat","6":"product_cat-roman-oyku","7":"pa_cilt-ciltsiz","8":"pa_tur-kitap","9":"pa_yayinevi-dogan-kitap","10":"pa_yazar-eric-emmanuel-schmitt","12":"first","13":"instock","14":"sale","15":"shipping-taxable","16":"purchasable","17":"product-type-simple"},"_links":{"self":[{"href":"https:\/\/roveyayinevi.com.tr\/index.php\/wp-json\/wp\/v2\/product\/782767","targetHints":{"allow":["GET"]}}],"collection":[{"href":"https:\/\/roveyayinevi.com.tr\/index.php\/wp-json\/wp\/v2\/product"}],"about":[{"href":"https:\/\/roveyayinevi.com.tr\/index.php\/wp-json\/wp\/v2\/types\/product"}],"wp:attachment":[{"href":"https:\/\/roveyayinevi.com.tr\/index.php\/wp-json\/wp\/v2\/media?parent=782767"}],"wp:term":[{"taxonomy":"product_brand","embeddable":true,"href":"https:\/\/roveyayinevi.com.tr\/index.php\/wp-json\/wp\/v2\/product_brand?post=782767"},{"taxonomy":"product_cat","embeddable":true,"href":"https:\/\/roveyayinevi.com.tr\/index.php\/wp-json\/wp\/v2\/product_cat?post=782767"},{"taxonomy":"product_tag","embeddable":true,"href":"https:\/\/roveyayinevi.com.tr\/index.php\/wp-json\/wp\/v2\/product_tag?post=782767"}],"curies":[{"name":"wp","href":"https:\/\/api.w.org\/{rel}","templated":true}]}}