{"id":782765,"date":"2026-02-23T12:59:06","date_gmt":"2026-02-23T09:59:06","guid":{"rendered":"https:\/\/roveyayinevi.com.tr\/index.php\/urun\/demokrasiler-neden-coker\/"},"modified":"2026-04-15T03:46:08","modified_gmt":"2026-04-15T00:46:08","slug":"demokrasiler-neden-coker","status":"publish","type":"product","link":"https:\/\/roveyayinevi.com.tr\/index.php\/urun\/demokrasiler-neden-coker\/","title":{"rendered":"Demokrasiler Neden \u00c7\u00f6ker?"},"content":{"rendered":"<p>Bir \u00fclkede demokrasinin \u00e7\u00f6kmesi milyonlarca insan\u0131n hayat\u0131n\u0131, refah\u0131n\u0131 ve gelece\u011fini etkileyen korkun\u00e7 bir felakettir. Peki, bu felaketi do\u011furan sebepler ne ve demokrasilerin \u00e7\u00f6kmesi engellenebilir mi?   Prof. Gangsheng Bao yirminci y\u00fczy\u0131lda rejim de\u011fi\u015fikli\u011fi, i\u00e7 sava\u015f ve darbelerle sonlanan demokrasileri ara\u015ft\u0131r\u0131rken hepsinde benzer bir \u00f6r\u00fcnt\u00fcn\u00fcn tekrar etti\u011fini g\u00f6zler \u00f6n\u00fcne seriyor. Siyasi kutupla\u015fma, beraberinde \u00e7\u00f6z\u00fcms\u00fczl\u00fc\u011f\u00fc getiriyor ve demokrasiyi y\u0131pratabiliyor. Siyasi kurumlar\u0131n kapasitesini ve i\u015flevselli\u011fini zay\u0131flatan yap\u0131sal sorunlar da demokrasinin alt\u0131n\u0131 oyuyor. Bu iki fakt\u00f6r bir araya geldi\u011finde ise sonu\u00e7 ka\u00e7\u0131n\u0131lmaz olarak bir felaket oluyor. Demokrasiler Neden \u00c7\u00f6ker? \u00e7a\u011f\u0131m\u0131z i\u00e7in yerinde ve gerekli bir uyar\u0131 oldu\u011fu kadar, derinlemesine inceledi\u011fi tarihi \u00f6rnekleriyle de dikkat \u00e7eken, ufuk a\u00e7\u0131c\u0131 bir siyaset kitab\u0131.   \u201cDemokrasiler Neden \u00c7\u00f6ker? demokrasilerin neden yaln\u0131zca \u2018yanl\u0131\u015f\u2019 kurumlar y\u00fcz\u00fcnden de\u011fil, \u00e7o\u011fu zaman \u2018do\u011fru\u2019 kurumlara ra\u011fmen \u00e7\u00f6kt\u00fc\u011f\u00fcn\u00fc ortaya koyuyor. Kurumsal a\u00e7\u0131klamalar\u0131n \u00f6tesine ge\u00e7en ve demokratik gerileme literat\u00fcr\u00fcn\u00fc yeni bir analitik d\u00fczleme ta\u015f\u0131yan, alan\u0131n referans kitaplar\u0131ndan biri olmaya aday.\u201d \u2013 Prof. Dr. Ali \u00c7arko\u011flu, Ko\u00e7 \u00dcniversitesi<\/p>\n","protected":false},"excerpt":{"rendered":"<p>Bir \u00fclkede demokrasinin \u00e7\u00f6kmesi milyonlarca insan\u0131n hayat\u0131n\u0131, refah\u0131n\u0131 ve gelece\u011fini etkileyen korkun\u00e7 bir felakettir. Peki, bu felaketi do\u011furan sebepler ne ve demokrasilerin \u00e7\u00f6kmesi engellenebilir mi? Prof.<span class=\"excerpt-hellip\"> [\u2026]<\/span><\/p>\n","protected":false},"featured_media":0,"template":"","meta":{"_monsterinsights_skip_tracking":false,"_monsterinsights_sitenote_active":false,"_monsterinsights_sitenote_note":"","_monsterinsights_sitenote_category":0},"product_brand":[],"product_cat":[13590,12337],"product_tag":[],"class_list":{"0":"post-782765","1":"product","2":"type-product","3":"status-publish","5":"product_cat-arastirma-inceleme-politika-siyaset","6":"product_cat-politika-siyaset","7":"pa_cilt-ciltsiz","8":"pa_tur-kitap","9":"pa_yayinevi-dogan-kitap","10":"pa_yazar-gangsheng-bao","12":"first","13":"instock","14":"sale","15":"shipping-taxable","16":"purchasable","17":"product-type-simple"},"_links":{"self":[{"href":"https:\/\/roveyayinevi.com.tr\/index.php\/wp-json\/wp\/v2\/product\/782765","targetHints":{"allow":["GET"]}}],"collection":[{"href":"https:\/\/roveyayinevi.com.tr\/index.php\/wp-json\/wp\/v2\/product"}],"about":[{"href":"https:\/\/roveyayinevi.com.tr\/index.php\/wp-json\/wp\/v2\/types\/product"}],"wp:attachment":[{"href":"https:\/\/roveyayinevi.com.tr\/index.php\/wp-json\/wp\/v2\/media?parent=782765"}],"wp:term":[{"taxonomy":"product_brand","embeddable":true,"href":"https:\/\/roveyayinevi.com.tr\/index.php\/wp-json\/wp\/v2\/product_brand?post=782765"},{"taxonomy":"product_cat","embeddable":true,"href":"https:\/\/roveyayinevi.com.tr\/index.php\/wp-json\/wp\/v2\/product_cat?post=782765"},{"taxonomy":"product_tag","embeddable":true,"href":"https:\/\/roveyayinevi.com.tr\/index.php\/wp-json\/wp\/v2\/product_tag?post=782765"}],"curies":[{"name":"wp","href":"https:\/\/api.w.org\/{rel}","templated":true}]}}