{"id":782762,"date":"2026-02-23T12:59:01","date_gmt":"2026-02-23T09:59:01","guid":{"rendered":"https:\/\/roveyayinevi.com.tr\/index.php\/urun\/prof-dr-omer-faruk-colak-anisina-turkiyenin-yeniden-insasi-alternatif-politikalar\/"},"modified":"2026-04-15T03:46:08","modified_gmt":"2026-04-15T00:46:08","slug":"prof-dr-omer-faruk-colak-anisina-turkiyenin-yeniden-insasi-alternatif-politikalar","status":"publish","type":"product","link":"https:\/\/roveyayinevi.com.tr\/index.php\/urun\/prof-dr-omer-faruk-colak-anisina-turkiyenin-yeniden-insasi-alternatif-politikalar\/","title":{"rendered":"Prof. Dr. \u00d6mer Faruk \u00c7olak An\u0131s\u0131na T\u00fcrkiye\u2019nin Yeniden \u0130n\u015fas\u0131: Alternatif Politikalar"},"content":{"rendered":"<p>\u0130kinci y\u00fczy\u0131l\u0131n ikinci \u00e7eyre\u011fi, T\u00fcrkiye\u2019deki mevcut siyasal ve iktisadi yap\u0131lanmaya y\u00f6neltilen ele\u015ftirilerin y\u00fckselmesiyle ba\u015flad\u0131. Fakat yap\u0131lan ele\u015ftiriler, politik bir \u00e7er\u00e7eveden yoksundur. Sorunlara y\u00f6nelik hangi politikalar\u0131n uygulanmas\u0131 gerekti\u011fi, kurumsal yap\u0131da nas\u0131l bir de\u011fi\u015fikli\u011fe gidilece\u011fi belirsizli\u011fini korumaktad\u0131r. T\u00fcrkiye\u2019nin Yeniden \u0130n\u015fas\u0131: Alternatif Politikalar, bu belirsizli\u011fi ortadan kald\u0131rmak ve politik bir \u00e7er\u00e7eve \u00e7izmek amac\u0131yla yaz\u0131ld\u0131.   Bu proje, Prof. Dr. \u00d6mer Faruk \u00c7olak taraf\u0131ndan tasarlanm\u0131\u015f; ilk olarak 2024 y\u0131l\u0131nda katk\u0131 veren akademisyen ve ara\u015ft\u0131rmac\u0131larla tart\u0131\u015f\u0131lmaya ba\u015flanm\u0131\u015ft\u0131r. Yazarlarla yap\u0131lan geni\u015f \u00e7apl\u0131 toplant\u0131lar sonucunda, \u00e7al\u0131\u015fman\u0131n kapsam\u0131 kararla\u015ft\u0131r\u0131lm\u0131\u015f; kitapla\u015ft\u0131r\u0131lmas\u0131 uygun bulunmu\u015ftur. Kitab\u0131n edit\u00f6r\u00fc, ayn\u0131 zamanda Efil Yay\u0131nevi, \u0130ktisat ve Toplum Dergisi ve Efil Ekonomi Ara\u015ft\u0131rmalar\u0131 Dergisi\u2019nin kurucusu Say\u0131n Prof. Dr. \u00d6mer Faruk \u00c7olak\u2019\u0131n 14 Ekim 2025 tarihinde vefat\u0131 nedeniyle, katk\u0131 veren akademisyen ve ara\u015ft\u0131rmac\u0131larla kitab\u0131n Prof. Dr. \u00d6mer Faruk \u00c7olak\u2019a arma\u011fan edilmesi kararla\u015ft\u0131r\u0131lm\u0131\u015ft\u0131r.   42 akademisyen ve ara\u015ft\u0131rmac\u0131n\u0131n katk\u0131s\u0131yla, 35 b\u00f6l\u00fcm ve iki ciltten olu\u015fan bir eser haline gelen kitapta, T\u00fcrkiye\u2019nin sorunlar\u0131na ili\u015fkin \u00e7\u00f6z\u00fcm politikalar\u0131 \u00fcretilmektedir. B\u00f6l\u00fcmler; b\u00fcy\u00fcme, gelir da\u011f\u0131l\u0131m\u0131, i\u015fg\u00fcc\u00fc piyasalar\u0131, para ve maliye politikalar\u0131, kalk\u0131nma, k\u00fcresel ticaret, tar\u0131m, bilim ve teknoloji, Avrupa Birli\u011fi ili\u015fkileri, iklim politikalar\u0131, yerelle\u015fme, sa\u011fl\u0131k politikalar\u0131, savunma sanayii, siyasal yap\u0131lanma, hukuk, rekabet vb. konular\u0131 i\u00e7ermektedir. Bu geni\u015f yelpazenin her bir b\u00f6l\u00fcm\u00fcnde \u00f6nce durum tespiti yap\u0131lm\u0131\u015f, ard\u0131ndan var olan sorunlara kar\u015f\u0131 2026-2050 d\u00f6nemi hedeflenerek hangi politikalar uygulanmal\u0131d\u0131r sorusuna yan\u0131t aranm\u0131\u015ft\u0131r.   T\u00fcrkiye\u2019nin Yeniden \u0130n\u015fas\u0131: Alternatif Politikalar, yaln\u0131zca mevcut sorunlar\u0131 te\u015fhis etmekle kalmay\u0131p demokratik, kapsay\u0131c\u0131 ve s\u00fcrd\u00fcr\u00fclebilir bir gelecek i\u00e7in somut bir politika \u00e7a\u011fr\u0131s\u0131 ortaya koymaktad\u0131r.<\/p>\n","protected":false},"excerpt":{"rendered":"<p>\u0130kinci y\u00fczy\u0131l\u0131n ikinci \u00e7eyre\u011fi, T\u00fcrkiye\u2019deki mevcut siyasal ve iktisadi yap\u0131lanmaya y\u00f6neltilen ele\u015ftirilerin y\u00fckselmesiyle ba\u015flad\u0131. Fakat yap\u0131lan ele\u015ftiriler, politik bir \u00e7er\u00e7eveden yoksundur. Sorunlara y\u00f6nelik hangi politikalar\u0131n uygulanmas\u0131<span class=\"excerpt-hellip\"> [\u2026]<\/span><\/p>\n","protected":false},"featured_media":0,"template":"","meta":{"_monsterinsights_skip_tracking":false,"_monsterinsights_sitenote_active":false,"_monsterinsights_sitenote_note":"","_monsterinsights_sitenote_category":0},"product_brand":[],"product_cat":[12337],"product_tag":[],"class_list":{"0":"post-782762","1":"product","2":"type-product","3":"status-publish","5":"product_cat-politika-siyaset","6":"pa_cilt-ciltsiz","7":"pa_tur-kitap","8":"pa_yayinevi-efil-yayinevi","9":"pa_yazar-kolektif","11":"first","12":"instock","13":"sale","14":"shipping-taxable","15":"purchasable","16":"product-type-simple"},"_links":{"self":[{"href":"https:\/\/roveyayinevi.com.tr\/index.php\/wp-json\/wp\/v2\/product\/782762","targetHints":{"allow":["GET"]}}],"collection":[{"href":"https:\/\/roveyayinevi.com.tr\/index.php\/wp-json\/wp\/v2\/product"}],"about":[{"href":"https:\/\/roveyayinevi.com.tr\/index.php\/wp-json\/wp\/v2\/types\/product"}],"wp:attachment":[{"href":"https:\/\/roveyayinevi.com.tr\/index.php\/wp-json\/wp\/v2\/media?parent=782762"}],"wp:term":[{"taxonomy":"product_brand","embeddable":true,"href":"https:\/\/roveyayinevi.com.tr\/index.php\/wp-json\/wp\/v2\/product_brand?post=782762"},{"taxonomy":"product_cat","embeddable":true,"href":"https:\/\/roveyayinevi.com.tr\/index.php\/wp-json\/wp\/v2\/product_cat?post=782762"},{"taxonomy":"product_tag","embeddable":true,"href":"https:\/\/roveyayinevi.com.tr\/index.php\/wp-json\/wp\/v2\/product_tag?post=782762"}],"curies":[{"name":"wp","href":"https:\/\/api.w.org\/{rel}","templated":true}]}}