{"id":782761,"date":"2026-02-23T12:58:59","date_gmt":"2026-02-23T09:58:59","guid":{"rendered":"https:\/\/roveyayinevi.com.tr\/index.php\/urun\/canikurbaniler\/"},"modified":"2026-04-15T03:46:08","modified_gmt":"2026-04-15T00:46:08","slug":"canikurbaniler","status":"publish","type":"product","link":"https:\/\/roveyayinevi.com.tr\/index.php\/urun\/canikurbaniler\/","title":{"rendered":"Canikurbaniler"},"content":{"rendered":"<p>Canik\u00fbrb\u00e2n\u00eeler-Mo\u011follardan Timurlulara Bir Em\u00eer Ailesi isimli bu eser; bir riv\u00e2yete g\u00f6re bir emirin o\u011flunun, bir riv\u00e2yete g\u00f6re ise fakir bir ailenin \u00e7ocu\u011fu oldu\u011fu i\u00e7in k\u0131tl\u0131k zaman\u0131nda bir par\u00e7a s\u0131\u011f\u0131r etine sat\u0131lan, sat\u0131ld\u0131\u011f\u0131 yerde yetene\u011fi ve ald\u0131\u011f\u0131 e\u011fitim ile Mo\u011fol \u00fclkesinde kariyer basamaklar\u0131n\u0131 h\u0131zla \u00e7\u0131karak \u00fclkenin bat\u0131s\u0131na sivil v\u00e2li olarak atanan em\u00eer ve noyan r\u00fctbesindeki Argun Aka (A\u011fa) ile onun soyundan gelenlerin hik\u00e2yesidir. Em\u00eer Argun Aka k\u0131sa zamanda B\u00fcy\u00fck Mo\u011fol \u0130mparatorlu\u011fu\u2019nun \u00f6nde gelen devlet adamlar\u0131 aras\u0131na girdi. Bu y\u00fckseli\u015fini, o\u011fullar\u0131 Em\u00eer Nevr\u00fbz ve Em\u00eer Lekzi \u0130lhanl\u0131 ailesine damat (k\u00fcregen) olmakla daha da artt\u0131rd\u0131lar. G\u00e2z\u00e2n Han\u2019\u0131n M\u00fcsl\u00fcman olmas\u0131nda ve tahta \u00e7\u0131kmas\u0131nda etkin rol oynayan Em\u00eer Nevr\u00fbz, Ceyhun\u2019dan Dicle\u2019ye kadar \u0130lhanl\u0131lar\u0131n h\u00fck\u00fcmdardan sonra tek yetkili y\u00f6neticisi oldu. Ancak k\u0131sa bir s\u00fcre sonra bu g\u00fcc\u00fc em\u00eerleri ve h\u00fck\u00fcmdar\u0131 rahats\u0131z edince Meml\u00fbklerle i\u015f birli\u011fi yap\u0131p h\u00fck\u00fcmdar\u0131 \u00f6ld\u00fcrece\u011fi komplosuyla G\u00e2z\u00e2n Han, onun ve t\u00fcm yak\u0131nlar\u0131n\u0131n g\u00f6r\u00fcld\u00fckleri yerlerde derhal \u00f6ld\u00fcr\u00fclmelerini emretti.Aile ve yak\u0131nlar\u0131n\u0131n \u00e7o\u011fu \u00f6ld\u00fcr\u00fclen Em\u00eer Nevr\u00fbz, Kert h\u00fck\u00fcmdar\u0131 Melik Fahredd\u00een\u2019e s\u0131\u011f\u0131nd\u0131ysa da \u0130lhanl\u0131lara teslim edilerek \u00f6ld\u00fcr\u00fcld\u00fc ve kafas\u0131 da ibret olsun diye Ba\u011fdat\u2019taki bir kap\u0131da g\u00fcnlerce as\u0131l\u0131 kald\u0131. Em\u00eer Argun Aka\u2019n\u0131n soyundan gelenlerden baz\u0131lar\u0131 G\u00e2z\u00e2n Han\u2019\u0131n t\u00fcm aileye y\u00f6nelik \u00f6l\u00fcm ferman\u0131ndan kurtulmay\u0131 ba\u015fard\u0131lar. Zaman i\u00e7erisinde aileye Canik\u00fbrb\u00e2n\u00eeler denmeye ba\u015fland\u0131. \u00d6l\u00fcm ferman\u0131n\u0131n ard\u0131ndan aile, bir s\u00fcre sessizli\u011fe g\u00f6m\u00fclse de Em\u00eer Argun\u015f\u00e2h Canikurb\u00e2n\u00ee\u2019nin \u00f6nderli\u011finde Horasan\u2019\u0131n kuzeyinde yeniden etkin konuma geldi. Toga Timur Han\u2019\u0131n h\u00fck\u00fcmdarl\u0131\u011f\u0131 d\u00f6neminde etkinlikleri daha da artt\u0131. Em\u00eer Argun\u015f\u00e2h\u2019tan sonra yerine ge\u00e7en o\u011flu Em\u00eer Muhammed Bey Canikurb\u00e2n\u00ee aileyi ata yurdunda bir s\u00fcre daha bir arada tutmay\u0131 ba\u015fard\u0131. Onun \u00f6l\u00fcm\u00fcnden sonra karde\u015fi Em\u00eer Ali Bey Canikurb\u00e2n\u00ee\u2019nin ailenin h\u00e2kimiyeti alt\u0131ndaki alanlar\u0131 elde tutma \u00e7abalar\u0131 sonu\u00e7 vermedi. Di\u011fer t\u00fcm yerel g\u00fc\u00e7ler gibi Canik\u00fbrb\u00e2n\u00eeler de Em\u00eer Timur f\u0131rt\u0131nas\u0131n\u0131n \u00f6n\u00fcnde duramayarak ortadan kalkt\u0131lar.<\/p>\n","protected":false},"excerpt":{"rendered":"<p>Canik\u00fbrb\u00e2n\u00eeler-Mo\u011follardan Timurlulara Bir Em\u00eer Ailesi isimli bu eser; bir riv\u00e2yete g\u00f6re bir emirin o\u011flunun, bir riv\u00e2yete g\u00f6re ise fakir bir ailenin \u00e7ocu\u011fu oldu\u011fu i\u00e7in k\u0131tl\u0131k zaman\u0131nda<span class=\"excerpt-hellip\"> [\u2026]<\/span><\/p>\n","protected":false},"featured_media":0,"template":"","meta":{"_monsterinsights_skip_tracking":false,"_monsterinsights_sitenote_active":false,"_monsterinsights_sitenote_note":"","_monsterinsights_sitenote_category":0},"product_brand":[],"product_cat":[12370,12304],"product_tag":[],"class_list":{"0":"post-782761","1":"product","2":"type-product","3":"status-publish","5":"product_cat-arastirma-inceleme","6":"product_cat-tarih","7":"pa_cilt-ciltsiz","8":"pa_tur-kitap","9":"pa_yayinevi-ideal-kultur-akademik","10":"pa_yazar-mustafa-sahin","12":"first","13":"instock","14":"sale","15":"shipping-taxable","16":"purchasable","17":"product-type-simple"},"_links":{"self":[{"href":"https:\/\/roveyayinevi.com.tr\/index.php\/wp-json\/wp\/v2\/product\/782761","targetHints":{"allow":["GET"]}}],"collection":[{"href":"https:\/\/roveyayinevi.com.tr\/index.php\/wp-json\/wp\/v2\/product"}],"about":[{"href":"https:\/\/roveyayinevi.com.tr\/index.php\/wp-json\/wp\/v2\/types\/product"}],"wp:attachment":[{"href":"https:\/\/roveyayinevi.com.tr\/index.php\/wp-json\/wp\/v2\/media?parent=782761"}],"wp:term":[{"taxonomy":"product_brand","embeddable":true,"href":"https:\/\/roveyayinevi.com.tr\/index.php\/wp-json\/wp\/v2\/product_brand?post=782761"},{"taxonomy":"product_cat","embeddable":true,"href":"https:\/\/roveyayinevi.com.tr\/index.php\/wp-json\/wp\/v2\/product_cat?post=782761"},{"taxonomy":"product_tag","embeddable":true,"href":"https:\/\/roveyayinevi.com.tr\/index.php\/wp-json\/wp\/v2\/product_tag?post=782761"}],"curies":[{"name":"wp","href":"https:\/\/api.w.org\/{rel}","templated":true}]}}