{"id":782758,"date":"2026-02-23T12:58:51","date_gmt":"2026-02-23T09:58:51","guid":{"rendered":"https:\/\/roveyayinevi.com.tr\/index.php\/urun\/edebiyatta-kadin-ve-savas\/"},"modified":"2026-04-15T03:46:07","modified_gmt":"2026-04-15T00:46:07","slug":"edebiyatta-kadin-ve-savas","status":"publish","type":"product","link":"https:\/\/roveyayinevi.com.tr\/index.php\/urun\/edebiyatta-kadin-ve-savas\/","title":{"rendered":"Edebiyatta Kad\u0131n Ve Sava\u015f"},"content":{"rendered":"<p>\u0130nsanl\u0131k tarihi, yaln\u0131zca uygarl\u0131klar\u0131n ilerleyi\u015fine de\u011fil, ayn\u0131 zamanda bu ilerleyi\u015fi kesintiye u\u011fratan y\u0131k\u0131mlara da tan\u0131kl\u0131k eder. Bu y\u0131k\u0131mlar\u0131n ba\u015fl\u0131ca sebeplerinden biri de sava\u015flard\u0131r. Sava\u015flar siyasal s\u0131n\u0131rlar\u0131, toplumsal yap\u0131lar\u0131 ve bireysel hayatlar\u0131 k\u00f6kl\u00fc bi\u00e7imde d\u00f6n\u00fc\u015ft\u00fcren tarihsel k\u0131r\u0131lma anlar\u0131 olarak yaz\u0131nsal metinler arac\u0131l\u0131\u011f\u0131yla da ku\u015faklara aktar\u0131l\u0131r. Yaz\u0131n, sava\u015f\u0131n say\u0131larla ve resm\u00ee anlat\u0131larla ifade edilemeyen y\u00f6nlerini yani insan ruhunda b\u0131rakt\u0131\u011f\u0131 izleri, travmalar\u0131 ve direnme bi\u00e7imlerini g\u00f6r\u00fcn\u00fcr k\u0131lan ayr\u0131cal\u0131kl\u0131 bir aland\u0131r. Bu y\u00f6n\u00fcyle yaz\u0131n, sava\u015flar\u0131n yaln\u0131zca nas\u0131l ya\u015fand\u0131\u011f\u0131n\u0131 de\u011fil, nas\u0131l hissedildi\u011fini de kayda ge\u00e7irir.<\/p>\n","protected":false},"excerpt":{"rendered":"<p>\u0130nsanl\u0131k tarihi, yaln\u0131zca uygarl\u0131klar\u0131n ilerleyi\u015fine de\u011fil, ayn\u0131 zamanda bu ilerleyi\u015fi kesintiye u\u011fratan y\u0131k\u0131mlara da tan\u0131kl\u0131k eder. Bu y\u0131k\u0131mlar\u0131n ba\u015fl\u0131ca sebeplerinden biri de sava\u015flard\u0131r. Sava\u015flar siyasal s\u0131n\u0131rlar\u0131,<span class=\"excerpt-hellip\"> [\u2026]<\/span><\/p>\n","protected":false},"featured_media":0,"template":"","meta":{"_monsterinsights_skip_tracking":false,"_monsterinsights_sitenote_active":false,"_monsterinsights_sitenote_note":"","_monsterinsights_sitenote_category":0},"product_brand":[],"product_cat":[12291],"product_tag":[],"class_list":{"0":"post-782758","1":"product","2":"type-product","3":"status-publish","5":"product_cat-edebiyat","6":"pa_cilt-ciltsiz","7":"pa_tur-kitap","8":"pa_yayinevi-bilgin-kultur-sanat","9":"pa_yazar-ayten-er-yavuz-celik","11":"first","12":"instock","13":"sale","14":"shipping-taxable","15":"purchasable","16":"product-type-simple"},"_links":{"self":[{"href":"https:\/\/roveyayinevi.com.tr\/index.php\/wp-json\/wp\/v2\/product\/782758","targetHints":{"allow":["GET"]}}],"collection":[{"href":"https:\/\/roveyayinevi.com.tr\/index.php\/wp-json\/wp\/v2\/product"}],"about":[{"href":"https:\/\/roveyayinevi.com.tr\/index.php\/wp-json\/wp\/v2\/types\/product"}],"wp:attachment":[{"href":"https:\/\/roveyayinevi.com.tr\/index.php\/wp-json\/wp\/v2\/media?parent=782758"}],"wp:term":[{"taxonomy":"product_brand","embeddable":true,"href":"https:\/\/roveyayinevi.com.tr\/index.php\/wp-json\/wp\/v2\/product_brand?post=782758"},{"taxonomy":"product_cat","embeddable":true,"href":"https:\/\/roveyayinevi.com.tr\/index.php\/wp-json\/wp\/v2\/product_cat?post=782758"},{"taxonomy":"product_tag","embeddable":true,"href":"https:\/\/roveyayinevi.com.tr\/index.php\/wp-json\/wp\/v2\/product_tag?post=782758"}],"curies":[{"name":"wp","href":"https:\/\/api.w.org\/{rel}","templated":true}]}}