{"id":782755,"date":"2026-02-23T12:58:44","date_gmt":"2026-02-23T09:58:44","guid":{"rendered":"https:\/\/roveyayinevi.com.tr\/index.php\/urun\/18-yuzyilin-ikinci-yarisinda-diyarbekir-eyaletinde-dokumacilik\/"},"modified":"2026-04-15T03:46:07","modified_gmt":"2026-04-15T00:46:07","slug":"18-yuzyilin-ikinci-yarisinda-diyarbekir-eyaletinde-dokumacilik","status":"publish","type":"product","link":"https:\/\/roveyayinevi.com.tr\/index.php\/urun\/18-yuzyilin-ikinci-yarisinda-diyarbekir-eyaletinde-dokumacilik\/","title":{"rendered":"18. Y\u00fczy\u0131l\u0131n \u0130kinci Yar\u0131s\u0131nda Diyarbekir Eyaleti\u2019nde Dokumac\u0131l\u0131k"},"content":{"rendered":"<p>Batman\u2019\u0131n Hasankeyf il\u00e7esinde 1974 y\u0131l\u0131nda do\u011fdu. \u0130lk ve orta \u00f6\u011frenimini Hasankeyf\u2019te, lise \u00f6\u011frenimini ise Batman\u2019da tamamlad\u0131. 1999 y\u0131l\u0131nda Van Y\u00fcz\u00fcnc\u00fc Y\u0131l \u00dcniversitesi E\u011fitim Fak\u00fcltesi Tarih \u00d6\u011fretmenli\u011fi B\u00f6l\u00fcm\u00fc\u2019nden birincilikle mezun oldu. Ayn\u0131 y\u0131l Hasankeyf\u2019te \u00f6\u011fretmenli\u011fe ba\u015flayan yazar, 2000 y\u0131l\u0131ndan itibaren Hasankeyf ve Batman\u2019da farkl\u0131 liselerde idarecilik g\u00f6revlerinde bulundu. Y\u00fcksek Lisans ve Doktora \u00f6\u011frenimini Batman \u00dcniversitesi\u2019nde Yeni\u00e7a\u011f Tarihi alan\u0131nda tamamlayan yazar\u0131n, 2.Uluslararas\u0131 Batman Sempozyumu: K\u00fclt\u00fcr, \u015eehir, Geli\u015fme. (16-17 May\u0131s 2024)\u2019te sunumunu yapt\u0131\u011f\u0131 bildiri d\u0131\u015f\u0131nda uluslararas\u0131 hakemli dergilerde Hasankeyf tarihine ili\u015fkin yay\u0131nlanm\u0131\u015f akademik makaleleri bulunmaktad\u0131r. \u00c7al\u0131\u015fmalar\u0131nda \u00f6zellikle Osmanl\u0131 Yeni\u00e7a\u011f d\u00f6neminin idari, asker\u00ee ve sosyo- ekonomik tarihi konular\u0131na odaklanan yazar\u0131n bu kitab\u0131 d\u0131\u015f\u0131nda, Tiryaki Hasan Pa\u015fa\u2019n\u0131n Sava\u015flar\u0131 (1577-1606) adl\u0131 yay\u0131nlanan bir kitab\u0131 daha bulunmaktad\u0131r. Diyarbekir Ey\u00e2leti ve \u00f6zellikle Hasankeyf kaz\u00e2s\u0131n\u0131n tarihine dair ara\u015ft\u0131rmalar\u0131n\u0131 s\u00fcrd\u00fcren yazar, halen Batman\u2019da e\u011fitim y\u00f6neticili\u011fi g\u00f6revine devam etmektedir.<\/p>\n","protected":false},"excerpt":{"rendered":"<p>Batman\u2019\u0131n Hasankeyf il\u00e7esinde 1974 y\u0131l\u0131nda do\u011fdu. \u0130lk ve orta \u00f6\u011frenimini Hasankeyf\u2019te, lise \u00f6\u011frenimini ise Batman\u2019da tamamlad\u0131. 1999 y\u0131l\u0131nda Van Y\u00fcz\u00fcnc\u00fc Y\u0131l \u00dcniversitesi E\u011fitim Fak\u00fcltesi Tarih \u00d6\u011fretmenli\u011fi<span class=\"excerpt-hellip\"> [\u2026]<\/span><\/p>\n","protected":false},"featured_media":0,"template":"","meta":{"_monsterinsights_skip_tracking":false,"_monsterinsights_sitenote_active":false,"_monsterinsights_sitenote_note":"","_monsterinsights_sitenote_category":0},"product_brand":[],"product_cat":[52477],"product_tag":[],"class_list":{"0":"post-782755","1":"product","2":"type-product","3":"status-publish","5":"product_cat-arastirma","6":"pa_cilt-ciltsiz","7":"pa_tur-kitap","8":"pa_yayinevi-soncag-akademik-kitaplar","9":"pa_yazar-saltuk-seyhan-oztekin","11":"first","12":"instock","13":"sale","14":"shipping-taxable","15":"purchasable","16":"product-type-simple"},"_links":{"self":[{"href":"https:\/\/roveyayinevi.com.tr\/index.php\/wp-json\/wp\/v2\/product\/782755","targetHints":{"allow":["GET"]}}],"collection":[{"href":"https:\/\/roveyayinevi.com.tr\/index.php\/wp-json\/wp\/v2\/product"}],"about":[{"href":"https:\/\/roveyayinevi.com.tr\/index.php\/wp-json\/wp\/v2\/types\/product"}],"wp:attachment":[{"href":"https:\/\/roveyayinevi.com.tr\/index.php\/wp-json\/wp\/v2\/media?parent=782755"}],"wp:term":[{"taxonomy":"product_brand","embeddable":true,"href":"https:\/\/roveyayinevi.com.tr\/index.php\/wp-json\/wp\/v2\/product_brand?post=782755"},{"taxonomy":"product_cat","embeddable":true,"href":"https:\/\/roveyayinevi.com.tr\/index.php\/wp-json\/wp\/v2\/product_cat?post=782755"},{"taxonomy":"product_tag","embeddable":true,"href":"https:\/\/roveyayinevi.com.tr\/index.php\/wp-json\/wp\/v2\/product_tag?post=782755"}],"curies":[{"name":"wp","href":"https:\/\/api.w.org\/{rel}","templated":true}]}}