{"id":782754,"date":"2026-02-23T12:58:43","date_gmt":"2026-02-23T09:58:43","guid":{"rendered":"https:\/\/roveyayinevi.com.tr\/index.php\/urun\/sudoku-yesil-kitap-uc-farkli-zorluk-seviyesi-159-bulmaca\/"},"modified":"2026-04-15T03:46:07","modified_gmt":"2026-04-15T00:46:07","slug":"sudoku-yesil-kitap-uc-farkli-zorluk-seviyesi-159-bulmaca","status":"publish","type":"product","link":"https:\/\/roveyayinevi.com.tr\/index.php\/urun\/sudoku-yesil-kitap-uc-farkli-zorluk-seviyesi-159-bulmaca\/","title":{"rendered":"Sudoku Ye\u015fil Kitap &#8211; \u00dc\u00e7 Farkl\u0131 Zorluk Seviyesi  159 Bulmaca"},"content":{"rendered":"<p>Zihnini Zorla, Stresini Azalt! Sudoku tutkunlar\u0131 i\u00e7in \u00f6zenle haz\u0131rlanm\u0131\u015f bu bulmaca kitab\u0131, hem yeni ba\u015flayanlara hem de deneyimli \u00e7\u00f6z\u00fcc\u00fclere hitap ediyor. Kolaydan zora do\u011fru s\u0131ralanm\u0131\u015f y\u00fczlerce sudoku ile mant\u0131ksal d\u00fc\u015f\u00fcnme becerilerinizi geli\u015ftirin, odaklanman\u0131z\u0131 art\u0131r\u0131n ve keyifli vakit ge\u00e7irin. Kalemini kap ve sayfalar\u0131 \u00e7\u00f6zmenin tad\u0131n\u0131 \u00e7\u0131kar!<\/p>\n","protected":false},"excerpt":{"rendered":"<p>Zihnini Zorla, Stresini Azalt! Sudoku tutkunlar\u0131 i\u00e7in \u00f6zenle haz\u0131rlanm\u0131\u015f bu bulmaca kitab\u0131, hem yeni ba\u015flayanlara hem de deneyimli \u00e7\u00f6z\u00fcc\u00fclere hitap ediyor. Kolaydan zora do\u011fru s\u0131ralanm\u0131\u015f y\u00fczlerce<span class=\"excerpt-hellip\"> [\u2026]<\/span><\/p>\n","protected":false},"featured_media":0,"template":"","meta":{"_monsterinsights_skip_tracking":false,"_monsterinsights_sitenote_active":false,"_monsterinsights_sitenote_note":"","_monsterinsights_sitenote_category":0},"product_brand":[],"product_cat":[16943,15563],"product_tag":[],"class_list":{"0":"post-782754","1":"product","2":"type-product","3":"status-publish","5":"product_cat-bilmeceler-bulmacalar","6":"product_cat-hobi","7":"pa_cilt-ciltsiz","8":"pa_tur-kitap","9":"pa_yayinevi-akil-celen-kitaplar","10":"pa_yazar-oguz-altay","12":"first","13":"instock","14":"sale","15":"shipping-taxable","16":"purchasable","17":"product-type-simple"},"_links":{"self":[{"href":"https:\/\/roveyayinevi.com.tr\/index.php\/wp-json\/wp\/v2\/product\/782754","targetHints":{"allow":["GET"]}}],"collection":[{"href":"https:\/\/roveyayinevi.com.tr\/index.php\/wp-json\/wp\/v2\/product"}],"about":[{"href":"https:\/\/roveyayinevi.com.tr\/index.php\/wp-json\/wp\/v2\/types\/product"}],"wp:attachment":[{"href":"https:\/\/roveyayinevi.com.tr\/index.php\/wp-json\/wp\/v2\/media?parent=782754"}],"wp:term":[{"taxonomy":"product_brand","embeddable":true,"href":"https:\/\/roveyayinevi.com.tr\/index.php\/wp-json\/wp\/v2\/product_brand?post=782754"},{"taxonomy":"product_cat","embeddable":true,"href":"https:\/\/roveyayinevi.com.tr\/index.php\/wp-json\/wp\/v2\/product_cat?post=782754"},{"taxonomy":"product_tag","embeddable":true,"href":"https:\/\/roveyayinevi.com.tr\/index.php\/wp-json\/wp\/v2\/product_tag?post=782754"}],"curies":[{"name":"wp","href":"https:\/\/api.w.org\/{rel}","templated":true}]}}