{"id":782753,"date":"2026-02-23T12:58:40","date_gmt":"2026-02-23T09:58:40","guid":{"rendered":"https:\/\/roveyayinevi.com.tr\/index.php\/urun\/havada-doga-koleksiyonum\/"},"modified":"2026-04-15T03:46:07","modified_gmt":"2026-04-15T00:46:07","slug":"havada-doga-koleksiyonum","status":"publish","type":"product","link":"https:\/\/roveyayinevi.com.tr\/index.php\/urun\/havada-doga-koleksiyonum\/","title":{"rendered":"Havada Do\u011fa Koleksiyonum"},"content":{"rendered":"<p>Ara, bul, do\u011fan\u0131n hazinelerini ke\u015ffet  Kafan\u0131 kald\u0131r ve g\u00f6ky\u00fcz\u00fcne dikkatle bak. Hazinelerle dolu oldu\u011funu g\u00f6receksin.  Do\u011fa Koleksiyonum dizisinde do\u011fay\u0131 ke\u015ffedecek, birbirinden g\u00fczel \u00e7izimlerle gezegenin zenginli\u011fine hayran olacak, her sayfadaki sorular ve ilgin\u00e7 bilgiler e\u015fli\u011finde bu g\u00fczelliklerin tad\u0131n\u0131 \u00e7\u0131karacaks\u0131n.<\/p>\n","protected":false},"excerpt":{"rendered":"<p>Ara, bul, do\u011fan\u0131n hazinelerini ke\u015ffet Kafan\u0131 kald\u0131r ve g\u00f6ky\u00fcz\u00fcne dikkatle bak. Hazinelerle dolu oldu\u011funu g\u00f6receksin. Do\u011fa Koleksiyonum dizisinde do\u011fay\u0131 ke\u015ffedecek, birbirinden g\u00fczel \u00e7izimlerle gezegenin zenginli\u011fine hayran<span class=\"excerpt-hellip\"> [\u2026]<\/span><\/p>\n","protected":false},"featured_media":0,"template":"","meta":{"_monsterinsights_skip_tracking":false,"_monsterinsights_sitenote_active":false,"_monsterinsights_sitenote_note":"","_monsterinsights_sitenote_category":0},"product_brand":[],"product_cat":[12274,12518],"product_tag":[],"class_list":{"0":"post-782753","1":"product","2":"type-product","3":"status-publish","5":"product_cat-cocuk-ve-genclik-kitaplari","6":"product_cat-okul-oncesi-kitaplar","7":"pa_cilt-ciltsiz","8":"pa_tur-kitap","9":"pa_yayinevi-koc-universitesi-yayinlari","10":"pa_yazar-cameron-menzies","12":"first","13":"instock","14":"sale","15":"shipping-taxable","16":"purchasable","17":"product-type-simple"},"_links":{"self":[{"href":"https:\/\/roveyayinevi.com.tr\/index.php\/wp-json\/wp\/v2\/product\/782753","targetHints":{"allow":["GET"]}}],"collection":[{"href":"https:\/\/roveyayinevi.com.tr\/index.php\/wp-json\/wp\/v2\/product"}],"about":[{"href":"https:\/\/roveyayinevi.com.tr\/index.php\/wp-json\/wp\/v2\/types\/product"}],"wp:attachment":[{"href":"https:\/\/roveyayinevi.com.tr\/index.php\/wp-json\/wp\/v2\/media?parent=782753"}],"wp:term":[{"taxonomy":"product_brand","embeddable":true,"href":"https:\/\/roveyayinevi.com.tr\/index.php\/wp-json\/wp\/v2\/product_brand?post=782753"},{"taxonomy":"product_cat","embeddable":true,"href":"https:\/\/roveyayinevi.com.tr\/index.php\/wp-json\/wp\/v2\/product_cat?post=782753"},{"taxonomy":"product_tag","embeddable":true,"href":"https:\/\/roveyayinevi.com.tr\/index.php\/wp-json\/wp\/v2\/product_tag?post=782753"}],"curies":[{"name":"wp","href":"https:\/\/api.w.org\/{rel}","templated":true}]}}