{"id":782750,"date":"2026-02-23T12:58:34","date_gmt":"2026-02-23T09:58:34","guid":{"rendered":"https:\/\/roveyayinevi.com.tr\/index.php\/urun\/yasam-bilimlerinde-metaforlari-anlamak\/"},"modified":"2026-04-15T03:46:07","modified_gmt":"2026-04-15T00:46:07","slug":"yasam-bilimlerinde-metaforlari-anlamak","status":"publish","type":"product","link":"https:\/\/roveyayinevi.com.tr\/index.php\/urun\/yasam-bilimlerinde-metaforlari-anlamak\/","title":{"rendered":"Ya\u015fam Bilimlerinde Metaforlar\u0131 Anlamak"},"content":{"rendered":"<p>Metafor, bilimsel bilginin aktar\u0131m\u0131nda kullan\u0131lan en temel kavramsal ara\u00e7lardan biridir. Bilim camias\u0131 gerek kendi aras\u0131nda tart\u0131\u015f\u0131rken gerekse de toplumla ileti\u015fim kurarken metaforlara ba\u015fvurmaya neredeyse mecburdur. Ancak onlar\u0131n pek de \u00fczerinde d\u00fc\u015f\u00fcn\u00fclmeyen ba\u015fka bir \u00f6zelli\u011fi daha vard\u0131r. Metaforlar sadece bir konuyu a\u00e7\u0131klamak i\u00e7in kulland\u0131\u011f\u0131m\u0131z dili de\u011fil, ayn\u0131 zamanda bizzat o konu \u00fczerinde d\u00fc\u015f\u00fcnme \u015feklimizi de etkiler.  Andrew S. Reynolds bu kitab\u0131nda, metaforlar\u0131n basit bir anlat\u0131m arac\u0131 olmad\u0131\u011f\u0131, bilimsel bilginin \u00fcretiminde birer etken olduklar\u0131 iddias\u0131n\u0131 koyuyor ortaya. Bunun i\u00e7in bilim tarihi boyunca kar\u015f\u0131la\u015ft\u0131\u011f\u0131m\u0131z \u00f6nemli metaforlar\u0131n ortaya \u00e7\u0131kt\u0131klar\u0131 tarihsel arka plan\u0131, olas\u0131 yararlar\u0131n\u0131, zararlar\u0131n\u0131 ve belirli bir metaforun bilimsel d\u00fc\u015f\u00fcnceyi nas\u0131l y\u00f6nlendirebildi\u011fini inceliyor.  Bu ba\u011flamda h\u00fccre teorisi ve evrim gibi temel konular\u0131n yan\u0131 s\u0131ra; sebep oldu\u011fu etik, politik ve toplumsal tart\u0131\u015fmalarla birlikte genetik m\u00fchendisli\u011fi gibi modern biyot\u0131bb\u0131n g\u00fcncel konular\u0131 da mercek alt\u0131na al\u0131n\u0131yor. Ak\u0131c\u0131 ve anla\u015f\u0131l\u0131r diliyle bu \u00e7al\u0131\u015fma sadece bilim insanlar\u0131na de\u011fil, bilim tarihine, bilim felsefesine ve pop\u00fcler bilime ilgi duyan b\u00fct\u00fcn okuyuculara hitap etmektedir.  Bu kitapta dilin sadece bir ileti\u015fim arac\u0131 olmad\u0131\u011f\u0131n\u0131, d\u00fc\u015f\u00fcnsel d\u00fcnyam\u0131za da b\u00fcy\u00fck etkisi oldu\u011funu g\u00f6receksiniz. Bir fikri ifade edi\u015f bi\u00e7imimiz, onun \u00fczerinde nas\u0131l d\u00fc\u015f\u00fcnd\u00fc\u011f\u00fcm\u00fcz\u00fc de a\u00e7\u0131\u011fa vurmaktad\u0131r. Ne de olsa, eskilerin dedi\u011fi gibi, te\u015fbih hata kabul etmez.  Andrew S. Reynolds, Cape Breton \u00dcniversitesi\u2019nde felsefe profes\u00f6r\u00fcd\u00fcr.<\/p>\n","protected":false},"excerpt":{"rendered":"<p>Metafor, bilimsel bilginin aktar\u0131m\u0131nda kullan\u0131lan en temel kavramsal ara\u00e7lardan biridir. Bilim camias\u0131 gerek kendi aras\u0131nda tart\u0131\u015f\u0131rken gerekse de toplumla ileti\u015fim kurarken metaforlara ba\u015fvurmaya neredeyse mecburdur. Ancak<span class=\"excerpt-hellip\"> [\u2026]<\/span><\/p>\n","protected":false},"featured_media":0,"template":"","meta":{"_monsterinsights_skip_tracking":false,"_monsterinsights_sitenote_active":false,"_monsterinsights_sitenote_note":"","_monsterinsights_sitenote_category":0},"product_brand":[],"product_cat":[13005,13006],"product_tag":[],"class_list":{"0":"post-782750","1":"product","2":"type-product","3":"status-publish","5":"product_cat-bilim-muhendislik","6":"product_cat-populer-bilim","7":"pa_cilt-ciltsiz","8":"pa_tur-kitap","9":"pa_yayinevi-koc-universitesi-yayinlari","10":"pa_yazar-andrew-s-reynolds","12":"first","13":"instock","14":"sale","15":"shipping-taxable","16":"purchasable","17":"product-type-simple"},"_links":{"self":[{"href":"https:\/\/roveyayinevi.com.tr\/index.php\/wp-json\/wp\/v2\/product\/782750","targetHints":{"allow":["GET"]}}],"collection":[{"href":"https:\/\/roveyayinevi.com.tr\/index.php\/wp-json\/wp\/v2\/product"}],"about":[{"href":"https:\/\/roveyayinevi.com.tr\/index.php\/wp-json\/wp\/v2\/types\/product"}],"wp:attachment":[{"href":"https:\/\/roveyayinevi.com.tr\/index.php\/wp-json\/wp\/v2\/media?parent=782750"}],"wp:term":[{"taxonomy":"product_brand","embeddable":true,"href":"https:\/\/roveyayinevi.com.tr\/index.php\/wp-json\/wp\/v2\/product_brand?post=782750"},{"taxonomy":"product_cat","embeddable":true,"href":"https:\/\/roveyayinevi.com.tr\/index.php\/wp-json\/wp\/v2\/product_cat?post=782750"},{"taxonomy":"product_tag","embeddable":true,"href":"https:\/\/roveyayinevi.com.tr\/index.php\/wp-json\/wp\/v2\/product_tag?post=782750"}],"curies":[{"name":"wp","href":"https:\/\/api.w.org\/{rel}","templated":true}]}}