{"id":782748,"date":"2026-02-23T12:58:31","date_gmt":"2026-02-23T09:58:31","guid":{"rendered":"https:\/\/roveyayinevi.com.tr\/index.php\/urun\/esirrat-1\/"},"modified":"2026-04-15T03:46:07","modified_gmt":"2026-04-15T00:46:07","slug":"esirrat-1","status":"publish","type":"product","link":"https:\/\/roveyayinevi.com.tr\/index.php\/urun\/esirrat-1\/","title":{"rendered":"E\u015firrat &#8211; 1"},"content":{"rendered":"<p>K\u00fcrtlerin M\u00d6 biny\u0131llar ve y\u00fczy\u0131llardan g\u00fcn\u00fcm\u00fcze gelen k\u00f6keni hakk\u0131nda neler biliyorsunuz? Belki de \u015f\u00f6yle sorulmal\u0131 bu soru: Neleri bilmiyorsunuz? Yazar\u0131n yirmi y\u0131l\u0131 a\u015fk\u0131n bir s\u00fcre \u00f6nce ba\u015flad\u0131\u011f\u0131 ara\u015ft\u0131rmalar\u0131 ve seneleri eskiten \u00e7al\u0131\u015fmalar\u0131 neticesinde muhtemelen daha \u00f6nce hi\u00e7bir yerde denk gelmedi\u011finiz ve belki de denk gelemeyece\u011finiz bilgiler ortaya \u00e7\u0131km\u0131\u015f ve bu kitab\u0131n konusunu olu\u015fturmu\u015ftur.K\u00fcrtler nereden \u00e7\u0131km\u0131\u015ft\u0131r? K\u00f6kenleri nereye, kime dayanmaktad\u0131r?Nuh (as) ile ba\u011flar\u0131 var m\u0131d\u0131r? Nuh Tufan\u0131 ya\u015fand\u0131\u011f\u0131 s\u0131rada K\u00fcrtlerin atalar\u0131 ne yap\u0131yorlard\u0131?G\u00fcn\u00fcm\u00fczde bir\u00e7ok kol, boy, a\u015firete ayr\u0131lm\u0131\u015f olsalar da ortak yanlar\u0131 var m\u0131d\u0131r?Tarihte okudu\u011fumuz efsanelerden ka\u00e7 tanesine konu hatta ka\u00e7 tanesinin ba\u015f kahraman\u0131 olmu\u015flard\u0131r?Giyim tarzlar\u0131 nas\u0131ld\u0131r? Edebiyat ve sanatta, icat yapmak ve m\u00fchendislikte ne kadar ilerlemi\u015flerdir?Sel\u00e7uklu ve Osmanl\u0131 tarihinde nerede durmaktad\u0131rlar ve bu devletler i\u00e7inde ne gibi g\u00f6revler alm\u0131\u015flard\u0131r?\u00d6rne\u011fin daha \u00f6nce hi\u00e7 Osmanl\u0131 pa\u015fas\u0131 bir K\u00fcrt ismi duymu\u015f muydunuz?Abd\u00fclhamit Han&#8217;\u0131n kurdu\u011fu s\u00fcvari alaylar\u0131n\u0131 ya da mill\u00ee m\u00fccadelemizde ald\u0131klar\u0131 g\u00f6revleri peki?Ara\u015ft\u0131rmalara dayal\u0131 olarak elde edilen verileri y\u0131llarca sentezleyen ve onlarca g\u00f6r\u00fc\u015fmeler yapan yazar\u0131n kaleminden okuyucunun zevkine ve bilgisine sunulmaktad\u0131r. Kitap, siyasi bir polemik yaratmaktan uzak olmakla birlikte kitab\u0131n muhterem yazar\u0131 da emekli olana kadar bu devlete hizmet etmi\u015f, emekli olmadan \u00f6nce ba\u015far\u0131 belgeleri ve takdirnameler kazanm\u0131\u015ft\u0131r. *** Kitab\u0131 bir tarih ara\u015ft\u0131rmas\u0131, okuduklar\u0131n\u0131z\u0131 da tarihe farkl\u0131 bir bak\u0131\u015f a\u00e7\u0131s\u0131 olarak g\u00f6rmeniz ve keyifle okuman\u0131z dile\u011fiyle&#8230;<\/p>\n","protected":false},"excerpt":{"rendered":"<p>K\u00fcrtlerin M\u00d6 biny\u0131llar ve y\u00fczy\u0131llardan g\u00fcn\u00fcm\u00fcze gelen k\u00f6keni hakk\u0131nda neler biliyorsunuz? Belki de \u015f\u00f6yle sorulmal\u0131 bu soru: Neleri bilmiyorsunuz? Yazar\u0131n yirmi y\u0131l\u0131 a\u015fk\u0131n bir s\u00fcre \u00f6nce<span class=\"excerpt-hellip\"> [\u2026]<\/span><\/p>\n","protected":false},"featured_media":0,"template":"","meta":{"_monsterinsights_skip_tracking":false,"_monsterinsights_sitenote_active":false,"_monsterinsights_sitenote_note":"","_monsterinsights_sitenote_category":0},"product_brand":[],"product_cat":[12370,12304],"product_tag":[],"class_list":{"0":"post-782748","1":"product","2":"type-product","3":"status-publish","5":"product_cat-arastirma-inceleme","6":"product_cat-tarih","7":"pa_cilt-ciltsiz","8":"pa_tur-kitap","9":"pa_yayinevi-otis-yayinlari","10":"pa_yazar-a-mecit-horgowlu","12":"first","13":"instock","14":"sale","15":"shipping-taxable","16":"purchasable","17":"product-type-simple"},"_links":{"self":[{"href":"https:\/\/roveyayinevi.com.tr\/index.php\/wp-json\/wp\/v2\/product\/782748","targetHints":{"allow":["GET"]}}],"collection":[{"href":"https:\/\/roveyayinevi.com.tr\/index.php\/wp-json\/wp\/v2\/product"}],"about":[{"href":"https:\/\/roveyayinevi.com.tr\/index.php\/wp-json\/wp\/v2\/types\/product"}],"wp:attachment":[{"href":"https:\/\/roveyayinevi.com.tr\/index.php\/wp-json\/wp\/v2\/media?parent=782748"}],"wp:term":[{"taxonomy":"product_brand","embeddable":true,"href":"https:\/\/roveyayinevi.com.tr\/index.php\/wp-json\/wp\/v2\/product_brand?post=782748"},{"taxonomy":"product_cat","embeddable":true,"href":"https:\/\/roveyayinevi.com.tr\/index.php\/wp-json\/wp\/v2\/product_cat?post=782748"},{"taxonomy":"product_tag","embeddable":true,"href":"https:\/\/roveyayinevi.com.tr\/index.php\/wp-json\/wp\/v2\/product_tag?post=782748"}],"curies":[{"name":"wp","href":"https:\/\/api.w.org\/{rel}","templated":true}]}}