{"id":782743,"date":"2026-02-23T12:58:20","date_gmt":"2026-02-23T09:58:20","guid":{"rendered":"https:\/\/roveyayinevi.com.tr\/index.php\/urun\/benim-biricik-marikom\/"},"modified":"2026-04-15T03:46:07","modified_gmt":"2026-04-15T00:46:07","slug":"benim-biricik-marikom","status":"publish","type":"product","link":"https:\/\/roveyayinevi.com.tr\/index.php\/urun\/benim-biricik-marikom\/","title":{"rendered":"Benim Biricik Marikom"},"content":{"rendered":"<p>Tomoyo, en yak\u0131n arkada\u015f\u0131 Mariko\u2019nun y\u0131llarca s\u00fcren terk edilme ve depresyon d\u00f6ng\u00fcs\u00fcne sessizce tan\u0131kl\u0131k eder. Mariko\u2019nun hayat\u0131 ne kadar karanl\u0131k olursa olsun, aralar\u0131ndaki dostluk her ikisi i\u00e7in de sars\u0131lmaz bir dayanakt\u0131.   Ta ki Tomoyo, Mariko\u2019nun \u00f6l\u00fcm haberini bir tokat gibi y\u00fcz\u00fcne yiyene kadar\u2026   Hayattayken, en yak\u0131n arkada\u015f\u0131n\u0131 i\u00e7ine g\u00f6m\u00fcld\u00fc\u011f\u00fc o derin karanl\u0131ktan \u00e7ekip \u00e7\u0131karamayacak kadar \u00e7aresiz hisseden Tomoyo, \u015fimdi Mariko\u2019nun k\u00fcllerini son bir yolculu\u011fa \u00e7\u0131karmaya karar verir.<\/p>\n","protected":false},"excerpt":{"rendered":"<p>Tomoyo, en yak\u0131n arkada\u015f\u0131 Mariko\u2019nun y\u0131llarca s\u00fcren terk edilme ve depresyon d\u00f6ng\u00fcs\u00fcne sessizce tan\u0131kl\u0131k eder. Mariko\u2019nun hayat\u0131 ne kadar karanl\u0131k olursa olsun, aralar\u0131ndaki dostluk her ikisi<span class=\"excerpt-hellip\"> [\u2026]<\/span><\/p>\n","protected":false},"featured_media":0,"template":"","meta":{"_monsterinsights_skip_tracking":false,"_monsterinsights_sitenote_active":false,"_monsterinsights_sitenote_note":"","_monsterinsights_sitenote_category":0},"product_brand":[],"product_cat":[12416,12291],"product_tag":[],"class_list":{"0":"post-782743","1":"product","2":"type-product","3":"status-publish","5":"product_cat-cizgi-roman","6":"product_cat-edebiyat","7":"pa_cilt-ciltsiz","8":"pa_tur-kitap","9":"pa_yayinevi-athica-yayinlari","10":"pa_yazar-waka-hirako","12":"first","13":"instock","14":"sale","15":"shipping-taxable","16":"purchasable","17":"product-type-simple"},"_links":{"self":[{"href":"https:\/\/roveyayinevi.com.tr\/index.php\/wp-json\/wp\/v2\/product\/782743","targetHints":{"allow":["GET"]}}],"collection":[{"href":"https:\/\/roveyayinevi.com.tr\/index.php\/wp-json\/wp\/v2\/product"}],"about":[{"href":"https:\/\/roveyayinevi.com.tr\/index.php\/wp-json\/wp\/v2\/types\/product"}],"wp:attachment":[{"href":"https:\/\/roveyayinevi.com.tr\/index.php\/wp-json\/wp\/v2\/media?parent=782743"}],"wp:term":[{"taxonomy":"product_brand","embeddable":true,"href":"https:\/\/roveyayinevi.com.tr\/index.php\/wp-json\/wp\/v2\/product_brand?post=782743"},{"taxonomy":"product_cat","embeddable":true,"href":"https:\/\/roveyayinevi.com.tr\/index.php\/wp-json\/wp\/v2\/product_cat?post=782743"},{"taxonomy":"product_tag","embeddable":true,"href":"https:\/\/roveyayinevi.com.tr\/index.php\/wp-json\/wp\/v2\/product_tag?post=782743"}],"curies":[{"name":"wp","href":"https:\/\/api.w.org\/{rel}","templated":true}]}}