{"id":782742,"date":"2026-02-23T12:58:17","date_gmt":"2026-02-23T09:58:17","guid":{"rendered":"https:\/\/roveyayinevi.com.tr\/index.php\/urun\/gachiakuta-5\/"},"modified":"2026-04-15T03:46:07","modified_gmt":"2026-04-15T00:46:07","slug":"gachiakuta-5","status":"publish","type":"product","link":"https:\/\/roveyayinevi.com.tr\/index.php\/urun\/gachiakuta-5\/","title":{"rendered":"Gachiakuta 5"},"content":{"rendered":"<p>RUDO, G\u00d6K D\u00dcNYA\u2019YA D\u00d6N\u00dcP REGTO\u2019NUN \u0130NT\u0130KAMINI ALMAYA KARARLIDIR. DAHA \u00d6NCE G\u00d6K D\u00dcNYA VE ALT D\u00dcNYA ARASINDA YOLCULUK ETM\u0130\u015e B\u0130R\u0130 OLDU\u011eUNU DUYAR. ANCAK TEK TANIK, YASAKLI \u00c7\u00d6L B\u00d6LGES\u0130\u2019NDE YA\u015eAYAN G\u0130ZEML\u0130 B\u0130R KADINDIR. TEM\u0130ZL\u0130K\u00c7\u0130 EK\u0130B\u0130 G\u0130ZEML\u0130 KADINI BULMAK \u0130\u00c7\u0130N YOLA KOYULUR. KAR\u015eILA\u015eTIKLARI MANZARA \u0130SE H\u0130\u00c7 DE D\u00dc\u015e\u00dcND\u00dcKLER\u0130 G\u0130B\u0130 DE\u011e\u0130LD\u0130R!<\/p>\n","protected":false},"excerpt":{"rendered":"<p>RUDO, G\u00d6K D\u00dcNYA\u2019YA D\u00d6N\u00dcP REGTO\u2019NUN \u0130NT\u0130KAMINI ALMAYA KARARLIDIR. DAHA \u00d6NCE G\u00d6K D\u00dcNYA VE ALT D\u00dcNYA ARASINDA YOLCULUK ETM\u0130\u015e B\u0130R\u0130 OLDU\u011eUNU DUYAR. ANCAK TEK TANIK, YASAKLI \u00c7\u00d6L<span class=\"excerpt-hellip\"> [\u2026]<\/span><\/p>\n","protected":false},"featured_media":0,"template":"","meta":{"_monsterinsights_skip_tracking":false,"_monsterinsights_sitenote_active":false,"_monsterinsights_sitenote_note":"","_monsterinsights_sitenote_category":0},"product_brand":[],"product_cat":[12416,12291],"product_tag":[],"class_list":{"0":"post-782742","1":"product","2":"type-product","3":"status-publish","5":"product_cat-cizgi-roman","6":"product_cat-edebiyat","7":"pa_cilt-ciltsiz","8":"pa_tur-kitap","9":"pa_yayinevi-athica-yayinlari","10":"pa_yazar-kei-urana","12":"first","13":"instock","14":"sale","15":"shipping-taxable","16":"purchasable","17":"product-type-simple"},"_links":{"self":[{"href":"https:\/\/roveyayinevi.com.tr\/index.php\/wp-json\/wp\/v2\/product\/782742","targetHints":{"allow":["GET"]}}],"collection":[{"href":"https:\/\/roveyayinevi.com.tr\/index.php\/wp-json\/wp\/v2\/product"}],"about":[{"href":"https:\/\/roveyayinevi.com.tr\/index.php\/wp-json\/wp\/v2\/types\/product"}],"wp:attachment":[{"href":"https:\/\/roveyayinevi.com.tr\/index.php\/wp-json\/wp\/v2\/media?parent=782742"}],"wp:term":[{"taxonomy":"product_brand","embeddable":true,"href":"https:\/\/roveyayinevi.com.tr\/index.php\/wp-json\/wp\/v2\/product_brand?post=782742"},{"taxonomy":"product_cat","embeddable":true,"href":"https:\/\/roveyayinevi.com.tr\/index.php\/wp-json\/wp\/v2\/product_cat?post=782742"},{"taxonomy":"product_tag","embeddable":true,"href":"https:\/\/roveyayinevi.com.tr\/index.php\/wp-json\/wp\/v2\/product_tag?post=782742"}],"curies":[{"name":"wp","href":"https:\/\/api.w.org\/{rel}","templated":true}]}}