{"id":782741,"date":"2026-02-23T12:58:15","date_gmt":"2026-02-23T09:58:15","guid":{"rendered":"https:\/\/roveyayinevi.com.tr\/index.php\/urun\/vahdettinin-gizli-sirlari-ve-haremi\/"},"modified":"2026-04-15T03:46:07","modified_gmt":"2026-04-15T00:46:07","slug":"vahdettinin-gizli-sirlari-ve-haremi","status":"publish","type":"product","link":"https:\/\/roveyayinevi.com.tr\/index.php\/urun\/vahdettinin-gizli-sirlari-ve-haremi\/","title":{"rendered":"Vahdettin\u2019in Gizli S\u0131rlar\u0131 ve Haremi"},"content":{"rendered":"<p>HALK \u0130\u00c7\u0130N G\u00dcNAH OLAN, SARAYDA HAKTI.   Vahdettin\u2019in be\u015finci kar\u0131s\u0131 Nimet Sultan anlat\u0131yor:   Saray\u0131n kanununda bir tek gaye vard\u0131. H\u00fck\u00fcmdar\u0131n ve \u015fehzadelerin keyiflerini, arzular\u0131n\u0131 yerine getirmek. D\u0131\u015far\u0131daki insanlar i\u00e7in kanun, ahlak diye konulan kay\u0131tlar, saraydaki h\u00fck\u00fcmdar ve \u015fehzadeler i\u00e7in h\u00fck\u00fcms\u00fczd\u00fc. Onlar\u0131n zevki mevzubahis oldu\u011funda g\u00fcnah diye bir mefhum yoktu.   Sarayda ya\u015fayan kad\u0131nlar bu kanunu oldu\u011fu gibi kabul etmi\u015flerdi. Kendilerini bu hanedan\u0131n sat\u0131lm\u0131\u015f mallar\u0131, oyuncaklar\u0131 say\u0131yorlard\u0131. H\u00fck\u00fcmdar\u0131n ve \u015fehzadelerin keyfine hizmet etmekte namusa, haysiyete ba\u011fl\u0131 bir fenal\u0131k g\u00f6rm\u00fcyorlard\u0131.   H\u00fck\u00fcmdar ve \u015fehzadeler, ellerine ge\u00e7en kad\u0131nlarla canlar\u0131 istedi\u011fi kadar oynuyor, sonra g\u00fcn\u00fcn birinde k\u0131r\u0131k bir oyuncak gibi bir tarafa at\u0131yorlard\u0131. Ben saray i\u00e7ine nas\u0131lsa d\u00fc\u015fm\u00fc\u015f bir T\u00fcrk k\u0131z\u0131yd\u0131m. Halk i\u00e7inden yeti\u015fmi\u015f bir k\u0131zd\u0131m. Saray\u0131n kanununu hi\u00e7bir zaman kabul etmemi\u015ftim. Hep derinden derine isyan duymu\u015ftum.   \u201cFilan \u015fey ni\u00e7in b\u00f6yle? Ni\u00e7in \u00f6yle de\u011fil?\u201d \u201cSus k\u0131z&#8230;\u201d diyorlard\u0131. \u201cG\u00fcnaha girersin. Allah\u2019\u0131n emri \u00f6yledir.\u201d Allah\u2019\u0131n emri mi \u00f6yle? Allah\u2019\u0131n b\u00fct\u00fcn insanlar i\u00e7in ba\u015fka, saray i\u00e7in ba\u015fka emirler verece\u011fini benim akl\u0131m kabul etmiyordu. Ba\u015fka biri beni bir iki g\u00fcn i\u00e7in oyuncak diye kullanmak istese, beni sat\u0131n almaya \u00e7al\u0131\u015fsa elbette isyan edecektim. Keyfini yapmak isteyen adam Vahdettin olunca neden g\u00f6n\u00fcl r\u0131zas\u0131yla boyun e\u011feyim? Ni\u00e7in ona ba\u015fka bir g\u00f6zle bakay\u0131m?<\/p>\n","protected":false},"excerpt":{"rendered":"<p>HALK \u0130\u00c7\u0130N G\u00dcNAH OLAN, SARAYDA HAKTI. Vahdettin\u2019in be\u015finci kar\u0131s\u0131 Nimet Sultan anlat\u0131yor: Saray\u0131n kanununda bir tek gaye vard\u0131. H\u00fck\u00fcmdar\u0131n ve \u015fehzadelerin keyiflerini, arzular\u0131n\u0131 yerine getirmek. D\u0131\u015far\u0131daki<span class=\"excerpt-hellip\"> [\u2026]<\/span><\/p>\n","protected":false},"featured_media":0,"template":"","meta":{"_monsterinsights_skip_tracking":false,"_monsterinsights_sitenote_active":false,"_monsterinsights_sitenote_note":"","_monsterinsights_sitenote_category":0},"product_brand":[],"product_cat":[12291,12745],"product_tag":[],"class_list":{"0":"post-782741","1":"product","2":"type-product","3":"status-publish","5":"product_cat-edebiyat","6":"product_cat-tarihi-roman","7":"pa_cilt-ciltsiz","8":"pa_tur-kitap","9":"pa_yayinevi-destek-yayinlari","10":"pa_yazar-umit-dogan","12":"first","13":"instock","14":"sale","15":"shipping-taxable","16":"purchasable","17":"product-type-simple"},"_links":{"self":[{"href":"https:\/\/roveyayinevi.com.tr\/index.php\/wp-json\/wp\/v2\/product\/782741","targetHints":{"allow":["GET"]}}],"collection":[{"href":"https:\/\/roveyayinevi.com.tr\/index.php\/wp-json\/wp\/v2\/product"}],"about":[{"href":"https:\/\/roveyayinevi.com.tr\/index.php\/wp-json\/wp\/v2\/types\/product"}],"wp:attachment":[{"href":"https:\/\/roveyayinevi.com.tr\/index.php\/wp-json\/wp\/v2\/media?parent=782741"}],"wp:term":[{"taxonomy":"product_brand","embeddable":true,"href":"https:\/\/roveyayinevi.com.tr\/index.php\/wp-json\/wp\/v2\/product_brand?post=782741"},{"taxonomy":"product_cat","embeddable":true,"href":"https:\/\/roveyayinevi.com.tr\/index.php\/wp-json\/wp\/v2\/product_cat?post=782741"},{"taxonomy":"product_tag","embeddable":true,"href":"https:\/\/roveyayinevi.com.tr\/index.php\/wp-json\/wp\/v2\/product_tag?post=782741"}],"curies":[{"name":"wp","href":"https:\/\/api.w.org\/{rel}","templated":true}]}}