{"id":782740,"date":"2026-02-23T12:58:12","date_gmt":"2026-02-23T09:58:12","guid":{"rendered":"https:\/\/roveyayinevi.com.tr\/index.php\/urun\/90-spor-gulduren-anilar\/"},"modified":"2026-04-15T03:46:07","modified_gmt":"2026-04-15T00:46:07","slug":"90-spor-gulduren-anilar","status":"publish","type":"product","link":"https:\/\/roveyayinevi.com.tr\/index.php\/urun\/90-spor-gulduren-anilar\/","title":{"rendered":"90+ Spor G\u00fcld\u00fcren An\u0131lar"},"content":{"rendered":"<p>Bu kitapta yer alan her hik\u00e2ye, spor d\u00fcnyas\u0131n\u0131n soyunma odalar\u0131ndan, kamplar\u0131ndan, kulislerinden ve sahalar\u0131ndan derlenmi\u015f ger\u00e7ek ya\u015fanm\u0131\u015fl\u0131klard\u0131r. Anlat\u0131lan olaylar ger\u00e7ektir ancak mahremiyeti korumak amac\u0131yla ki\u015fi adlar\u0131, mek\u00e2nlar ve baz\u0131 detaylar de\u011fi\u015ftirilmi\u015ftir. Bu karakomik hik\u00e2yeler; bazen ma\u00e7 \u00f6ncesi ya\u015fanan abs\u00fcrt bir panikle, bazen bir teknik adam\u0131n \u00f6fkeli bak\u0131\u015f\u0131yla, bazen de bir masaj odas\u0131nda, u\u00e7akta ya da kamp koridorunda ya\u015fanan unutulmaz anlarla \u015fekillenir. Pek \u00e7ok spor kul\u00fcb\u00fc ve sporcuyla \u00e7al\u0131\u015fm\u0131\u015f olan Prof. Dr. Burhan Uslu&#8217;nun kaleminden, 90&#8217;l\u0131 y\u0131llar\u0131n spor d\u00fcnyas\u0131na i\u00e7eriden bir bak\u0131\u015f sunan bu kitap sporun sadece ter, disiplin ve ba\u015far\u0131dan de\u011fil, ayn\u0131 zamanda insan, mizah ve hayat\u0131n kendisinden olu\u015ftu\u011funu hat\u0131rlat\u0131yor. G\u00fcl\u00fcmseten, \u015fa\u015f\u0131rtan ve yer yer \u201cBu da m\u0131 olmu\u015f?\u201d dedirten bu hik\u00e2yeler, sporun perde arkas\u0131nda biriken karakomik ger\u00e7eklerin samimi bir ar\u015fividir. Haydi, \u015fimdi kendinize bir fincan kahve ya da \u00e7ay al\u0131p arkan\u0131za yaslan\u0131n ve bu ya\u015fanm\u0131\u015f hik\u00e2yelerin keyfini \u00e7\u0131kar\u0131n.<\/p>\n","protected":false},"excerpt":{"rendered":"<p>Bu kitapta yer alan her hik\u00e2ye, spor d\u00fcnyas\u0131n\u0131n soyunma odalar\u0131ndan, kamplar\u0131ndan, kulislerinden ve sahalar\u0131ndan derlenmi\u015f ger\u00e7ek ya\u015fanm\u0131\u015fl\u0131klard\u0131r. Anlat\u0131lan olaylar ger\u00e7ektir ancak mahremiyeti korumak amac\u0131yla ki\u015fi adlar\u0131,<span class=\"excerpt-hellip\"> [\u2026]<\/span><\/p>\n","protected":false},"featured_media":0,"template":"","meta":{"_monsterinsights_skip_tracking":false,"_monsterinsights_sitenote_active":false,"_monsterinsights_sitenote_note":"","_monsterinsights_sitenote_category":0},"product_brand":[],"product_cat":[13701,12291],"product_tag":[],"class_list":{"0":"post-782740","1":"product","2":"type-product","3":"status-publish","5":"product_cat-ani-mektup-gunluk","6":"product_cat-edebiyat","7":"pa_cilt-ciltsiz","8":"pa_tur-kitap","9":"pa_yayinevi-akil-celen-kitaplar","10":"pa_yazar-burhan-uslu","12":"first","13":"instock","14":"sale","15":"shipping-taxable","16":"purchasable","17":"product-type-simple"},"_links":{"self":[{"href":"https:\/\/roveyayinevi.com.tr\/index.php\/wp-json\/wp\/v2\/product\/782740","targetHints":{"allow":["GET"]}}],"collection":[{"href":"https:\/\/roveyayinevi.com.tr\/index.php\/wp-json\/wp\/v2\/product"}],"about":[{"href":"https:\/\/roveyayinevi.com.tr\/index.php\/wp-json\/wp\/v2\/types\/product"}],"wp:attachment":[{"href":"https:\/\/roveyayinevi.com.tr\/index.php\/wp-json\/wp\/v2\/media?parent=782740"}],"wp:term":[{"taxonomy":"product_brand","embeddable":true,"href":"https:\/\/roveyayinevi.com.tr\/index.php\/wp-json\/wp\/v2\/product_brand?post=782740"},{"taxonomy":"product_cat","embeddable":true,"href":"https:\/\/roveyayinevi.com.tr\/index.php\/wp-json\/wp\/v2\/product_cat?post=782740"},{"taxonomy":"product_tag","embeddable":true,"href":"https:\/\/roveyayinevi.com.tr\/index.php\/wp-json\/wp\/v2\/product_tag?post=782740"}],"curies":[{"name":"wp","href":"https:\/\/api.w.org\/{rel}","templated":true}]}}