{"id":782738,"date":"2026-02-23T12:58:06","date_gmt":"2026-02-23T09:58:06","guid":{"rendered":"https:\/\/roveyayinevi.com.tr\/index.php\/urun\/fevkalade-bir-kulak-sen-de-oku\/"},"modified":"2026-04-15T03:46:07","modified_gmt":"2026-04-15T00:46:07","slug":"fevkalade-bir-kulak-sen-de-oku","status":"publish","type":"product","link":"https:\/\/roveyayinevi.com.tr\/index.php\/urun\/fevkalade-bir-kulak-sen-de-oku\/","title":{"rendered":"Fevkalade Bir Kulak (SEN de OKU)"},"content":{"rendered":"<p>Bazen en b\u00fcy\u00fck yetenekler, en g\u00fcr\u00fclt\u00fcc\u00fc \u00e7ocuklarda sakl\u0131d\u0131r. \u0130ngiliz \u00e7ocuk edebiyat\u0131n\u0131n usta isimlerinden Anne Fine\u2019\u0131n kaleminden \u00e7\u0131kan Fevkalade Bir Kulak, bir \u00e7ocu\u011fun m\u00fczik yetene\u011finin nas\u0131l ke\u015ffedildi\u011fini sayfalar\u0131na ta\u015f\u0131yan esin verici bir SEN de OKU roman\u0131. \u0130dealist bir \u00f6\u011fretmenin, \u00f6\u011frencisinin hayat\u0131nda ne gibi derin izler b\u0131rakabilece\u011fini g\u00f6steren yazar, k\u00fc\u00e7\u00fck okurlar\u0131 kendi i\u00e7lerindeki m\u00fczi\u011fe kulak vermeleri i\u00e7in y\u00fcreklendiriyor. M\u00fczikal ba\u015far\u0131n\u0131n sadece do\u011fu\u015ftan gelen bir arma\u011fandan ziyade bolca azim, \u00f6zveri, adanm\u0131\u015fl\u0131k ve y\u0131llara yay\u0131lan disiplinli bir \u00e7al\u0131\u015fma program\u0131yla m\u00fcmk\u00fcn k\u0131l\u0131nabilece\u011fini hat\u0131rlat\u0131yor. K\u00fc\u00e7\u00fckl\u00fc\u011f\u00fcnden bu yana s\u00fcrekli m\u0131r\u0131ldan\u0131p eline ge\u00e7en her t\u00fcrl\u00fc nesneyle farkl\u0131 melodiler tutturmaya \u00e7al\u0131\u015fan Utku, ailesi taraf\u0131ndan g\u00fcr\u00fclt\u00fcc\u00fc bir \u00e7ocuk olarak g\u00f6r\u00fclse de asl\u0131nda hen\u00fcz i\u015flenmemi\u015f m\u00fcthi\u015f bir cevhere sahiptir. Ta ki g\u00fcnlerden bir g\u00fcn m\u00fczik \u00f6\u011fretmeni Ate\u015f \u00dcnl\u00fc onun \u201cfevkalade m\u00fczik kula\u011f\u0131n\u0131\u201d fark edene de\u011fin. Bu ke\u015fif, hen\u00fcz hecelemeyi tam s\u00f6kememi\u015f ya\u015ftaki kahraman\u0131m\u0131z\u0131n kemanla tan\u0131\u015faca\u011f\u0131 m\u00fczik kariyerinin de ba\u015flang\u0131c\u0131 olur. Keman \u00e7alarken ba\u015flarda zorlansa da asla pes etmeyen Utku\u2019nun \u00f6n\u00fcnde, notalarla \u015fekillenecek yepyeni bir gelecek uzanmaktad\u0131r&#8230; Azimle, tutkuyla, inan\u00e7la m\u00fczi\u011fe sar\u0131lan bir \u00e7ocu\u011fun \u00e7ok \u00e7al\u0131\u015farak nas\u0131l usta bir kemanc\u0131ya d\u00f6n\u00fc\u015ft\u00fc\u011f\u00fcn\u00fc anlatan bu melodik \u00f6yk\u00fc, ter ve g\u00f6zya\u015f\u0131 olmadan hi\u00e7bir hayalin ger\u00e7ekle\u015femeyece\u011fini vurguluyor.<\/p>\n","protected":false},"excerpt":{"rendered":"<p>Bazen en b\u00fcy\u00fck yetenekler, en g\u00fcr\u00fclt\u00fcc\u00fc \u00e7ocuklarda sakl\u0131d\u0131r. \u0130ngiliz \u00e7ocuk edebiyat\u0131n\u0131n usta isimlerinden Anne Fine\u2019\u0131n kaleminden \u00e7\u0131kan Fevkalade Bir Kulak, bir \u00e7ocu\u011fun m\u00fczik yetene\u011finin nas\u0131l ke\u015ffedildi\u011fini<span class=\"excerpt-hellip\"> [\u2026]<\/span><\/p>\n","protected":false},"featured_media":0,"template":"","meta":{"_monsterinsights_skip_tracking":false,"_monsterinsights_sitenote_active":false,"_monsterinsights_sitenote_note":"","_monsterinsights_sitenote_category":0},"product_brand":[],"product_cat":[12274],"product_tag":[],"class_list":{"0":"post-782738","1":"product","2":"type-product","3":"status-publish","5":"product_cat-cocuk-ve-genclik-kitaplari","6":"pa_cilt-ciltsiz","7":"pa_tur-kitap","8":"pa_yayinevi-tudem-yayinlari","9":"pa_yazar-anne-fine","11":"first","12":"instock","13":"sale","14":"shipping-taxable","15":"purchasable","16":"product-type-simple"},"_links":{"self":[{"href":"https:\/\/roveyayinevi.com.tr\/index.php\/wp-json\/wp\/v2\/product\/782738","targetHints":{"allow":["GET"]}}],"collection":[{"href":"https:\/\/roveyayinevi.com.tr\/index.php\/wp-json\/wp\/v2\/product"}],"about":[{"href":"https:\/\/roveyayinevi.com.tr\/index.php\/wp-json\/wp\/v2\/types\/product"}],"wp:attachment":[{"href":"https:\/\/roveyayinevi.com.tr\/index.php\/wp-json\/wp\/v2\/media?parent=782738"}],"wp:term":[{"taxonomy":"product_brand","embeddable":true,"href":"https:\/\/roveyayinevi.com.tr\/index.php\/wp-json\/wp\/v2\/product_brand?post=782738"},{"taxonomy":"product_cat","embeddable":true,"href":"https:\/\/roveyayinevi.com.tr\/index.php\/wp-json\/wp\/v2\/product_cat?post=782738"},{"taxonomy":"product_tag","embeddable":true,"href":"https:\/\/roveyayinevi.com.tr\/index.php\/wp-json\/wp\/v2\/product_tag?post=782738"}],"curies":[{"name":"wp","href":"https:\/\/api.w.org\/{rel}","templated":true}]}}