{"id":782735,"date":"2026-02-23T12:57:59","date_gmt":"2026-02-23T09:57:59","guid":{"rendered":"https:\/\/roveyayinevi.com.tr\/index.php\/urun\/fire-force-alev-gucu-8-cilt\/"},"modified":"2026-04-15T03:46:06","modified_gmt":"2026-04-15T00:46:06","slug":"fire-force-alev-gucu-8-cilt","status":"publish","type":"product","link":"https:\/\/roveyayinevi.com.tr\/index.php\/urun\/fire-force-alev-gucu-8-cilt\/","title":{"rendered":"Fire Force &#8211; Alev G\u00fcc\u00fc 8. Cilt"},"content":{"rendered":"<p>Alevli bir maceraya haz\u0131r m\u0131s\u0131n\u0131z? Vulkan&#8217;\u0131n at\u00f6lyesindeki sava\u015f devam ediyor ve \u015einra kendini uzun zamand\u0131r kay\u0131p olan karde\u015fi \u015eo ile kar\u015f\u0131 kar\u015f\u0131ya buluyor. \u015einra annesine verdi\u011fi s\u00f6z\u00fc tutmaya kararl\u0131 ancak \u015eo&#8217;nun ba\u015fka planlar\u0131 var: \u015e\u00f6valyelerine 8. Tak\u0131m\u0131 yok etmelerini ve \u015einra&#8217;y\u0131 da yanlar\u0131nda Uyan\u0131\u015f\u00e7\u0131&#8217;ya g\u00f6t\u00fcrmelerini emrediyor!<\/p>\n","protected":false},"excerpt":{"rendered":"<p>Alevli bir maceraya haz\u0131r m\u0131s\u0131n\u0131z? Vulkan&#8217;\u0131n at\u00f6lyesindeki sava\u015f devam ediyor ve \u015einra kendini uzun zamand\u0131r kay\u0131p olan karde\u015fi \u015eo ile kar\u015f\u0131 kar\u015f\u0131ya buluyor. \u015einra annesine verdi\u011fi<span class=\"excerpt-hellip\"> [\u2026]<\/span><\/p>\n","protected":false},"featured_media":0,"template":"","meta":{"_monsterinsights_skip_tracking":false,"_monsterinsights_sitenote_active":false,"_monsterinsights_sitenote_note":"","_monsterinsights_sitenote_category":0},"product_brand":[],"product_cat":[12416,12291],"product_tag":[],"class_list":{"0":"post-782735","1":"product","2":"type-product","3":"status-publish","5":"product_cat-cizgi-roman","6":"product_cat-edebiyat","7":"pa_cilt-ciltsiz","8":"pa_tur-kitap","9":"pa_yayinevi-akil-celen-kitaplar","10":"pa_yazar-atsushi-ohkubo","12":"first","13":"instock","14":"sale","15":"shipping-taxable","16":"purchasable","17":"product-type-simple"},"_links":{"self":[{"href":"https:\/\/roveyayinevi.com.tr\/index.php\/wp-json\/wp\/v2\/product\/782735","targetHints":{"allow":["GET"]}}],"collection":[{"href":"https:\/\/roveyayinevi.com.tr\/index.php\/wp-json\/wp\/v2\/product"}],"about":[{"href":"https:\/\/roveyayinevi.com.tr\/index.php\/wp-json\/wp\/v2\/types\/product"}],"wp:attachment":[{"href":"https:\/\/roveyayinevi.com.tr\/index.php\/wp-json\/wp\/v2\/media?parent=782735"}],"wp:term":[{"taxonomy":"product_brand","embeddable":true,"href":"https:\/\/roveyayinevi.com.tr\/index.php\/wp-json\/wp\/v2\/product_brand?post=782735"},{"taxonomy":"product_cat","embeddable":true,"href":"https:\/\/roveyayinevi.com.tr\/index.php\/wp-json\/wp\/v2\/product_cat?post=782735"},{"taxonomy":"product_tag","embeddable":true,"href":"https:\/\/roveyayinevi.com.tr\/index.php\/wp-json\/wp\/v2\/product_tag?post=782735"}],"curies":[{"name":"wp","href":"https:\/\/api.w.org\/{rel}","templated":true}]}}